{"id":132,"date":"2023-06-19T10:49:25","date_gmt":"2023-06-19T10:49:25","guid":{"rendered":"https:\/\/grupos.us.es\/reinforced\/?page_id=132"},"modified":"2023-11-15T10:46:52","modified_gmt":"2023-11-15T10:46:52","slug":"publicaciones","status":"publish","type":"page","link":"https:\/\/grupos.us.es\/reinforced\/publicaciones\/","title":{"rendered":"Publicaciones"},"content":{"rendered":"\n<p><strong>Publicaciones en 2023:<\/strong><\/p>\n\n\n\n<ul class=\"wp-block-list\">\n<li>F. Peralta, D. G. Reina, S. L. Toral. \u201cWater Quality Online Modeling using Multi-Objective and Multi-Agent Bayesian Optimization with Region Partitioning\u201d. Mechatronics. 2023.<\/li>\n\n\n\n<li>S. Yanes, D. G. Reina, S. L. Toral. \u201cCensored Deep Reinforcement Patrolling with Information Criterion for Monitoring Large Water Resources using Autonomous Surface Vehicles\u201d. Applied Soft Computing, 2023.<\/li>\n\n\n\n<li>M. Jara Ten Kathen, F. Peralta, P. Johnson, I. Jurado, D. G. Reina. \u201cPerformance Evaluation of AquaFeL-PSO Informative Path Planner under Different Contamination Profiles\u201d. Data Analytics and Computational Intelligence: Novel Models, Algorithms and Applications. Springer. 2023.<\/li>\n\n\n\n<li>P\u00e9rez-Garc\u00eda, \u00c1mbar, et al. \u00abNovel Spectral Loss Function for Unsupervised Hyperspectral Image Segmentation.\u00bb IEEE Geoscience and Remote Sensing Letters, 2023.<\/li>\n\n\n\n<li>P\u00e9rez-Garc\u00eda, \u00c1mbar, et al. \u00abDevelopment of Low-Cost Multi-Spectral Cameras for Precision Agriculture.\u00bb IGARSS 2023-2023 IEEE International Geoscience and Remote Sensing Symposium. IEEE, 2023.<\/li>\n\n\n\n<li>Ten Kathen, M. Jara, et al. \u00abAquaHet-PSO: An Informative Path Planner for a Fleet of Autonomous Surface Vehicles with Heterogeneous Sensing Capabilities based on Multi-Objective PSO.\u00bb IEEE Access (2023).<\/li>\n\n\n\n<li>Yanes Luis, Samuel, et al. \u00abDeep Reinforcement Learning Applied to Multi-agent Informative Path Planning in Environmental Missions.\u00bb\u00a0<em>Mobile Robot: Motion Control and Path Planning<\/em>. Cham: Springer International Publishing, 2023. 31-61.<\/li>\n\n\n\n<li>Ten Kathen, Micaela Jara, et al. \u00abMonitoring peak pollution points of water resources with autonomous surface vehicles using a pso-based informative path planner.\u00bb Mobile Robot: Motion Control and Path Planning. Cham: Springer International Publishing, 2023. 93-125.<\/li>\n<\/ul>\n","protected":false},"excerpt":{"rendered":"<p>Publicaciones en 2023:<\/p>\n","protected":false},"author":1,"featured_media":0,"parent":0,"menu_order":0,"comment_status":"closed","ping_status":"closed","template":"","meta":{"footnotes":""},"class_list":["post-132","page","type-page","status-publish","hentry"],"_links":{"self":[{"href":"https:\/\/grupos.us.es\/reinforced\/wp-json\/wp\/v2\/pages\/132","targetHints":{"allow":["GET"]}}],"collection":[{"href":"https:\/\/grupos.us.es\/reinforced\/wp-json\/wp\/v2\/pages"}],"about":[{"href":"https:\/\/grupos.us.es\/reinforced\/wp-json\/wp\/v2\/types\/page"}],"author":[{"embeddable":true,"href":"https:\/\/grupos.us.es\/reinforced\/wp-json\/wp\/v2\/users\/1"}],"replies":[{"embeddable":true,"href":"https:\/\/grupos.us.es\/reinforced\/wp-json\/wp\/v2\/comments?post=132"}],"version-history":[{"count":6,"href":"https:\/\/grupos.us.es\/reinforced\/wp-json\/wp\/v2\/pages\/132\/revisions"}],"predecessor-version":[{"id":232,"href":"https:\/\/grupos.us.es\/reinforced\/wp-json\/wp\/v2\/pages\/132\/revisions\/232"}],"wp:attachment":[{"href":"https:\/\/grupos.us.es\/reinforced\/wp-json\/wp\/v2\/media?parent=132"}],"curies":[{"name":"wp","href":"https:\/\/api.w.org\/{rel}","templated":true}]}}