{"id":127,"date":"2023-06-19T10:42:40","date_gmt":"2023-06-19T10:42:40","guid":{"rendered":"https:\/\/grupos.us.es\/reinforced\/?page_id=127"},"modified":"2023-06-19T10:51:15","modified_gmt":"2023-06-19T10:51:15","slug":"objetivos","status":"publish","type":"page","link":"https:\/\/grupos.us.es\/reinforced\/objetivos\/","title":{"rendered":"Objetivos"},"content":{"rendered":"\n<p>El objetivo general de <strong>REINFORCED<\/strong> es crear un grupo de trabajo multidisciplinar que permita avanzar en el estudio y mejora de la monitorizaci\u00f3n de recursos h\u00eddricos mediante veh\u00edculos aut\u00f3nomos.<\/p>\n\n\n\n<p>Objetivos espec\u00edficos:<\/p>\n\n\n\n<ul class=\"wp-block-list\">\n<li>Aunar esfuerzos de distintas disciplinas para la monitorizaci\u00f3n de recursos h\u00eddricos a trav\u00e9s de veh\u00edculos aut\u00f3nomos.<\/li>\n\n\n\n<li>Fomentar la colaboraci\u00f3n entre distintos agentes\/nodos de la red, impulsado la colaboraci\u00f3n del mundo acad\u00e9mico y el mundo empresarial en la realizaci\u00f3n de proyectos innovadores.<\/li>\n\n\n\n<li>Aumentar la concienciaci\u00f3n de la ciudadan\u00eda y autoridades de la importancia de la monitorizaci\u00f3n de los recursos h\u00eddricos.<\/li>\n\n\n\n<li>Dar publicidad y visibilidad a los avances cient\u00edficos y tecnol\u00f3gicos tanto a la comunidad cient\u00edfica, a las administraciones e instituciones p\u00fablicas y a la sociedad en general.<\/li>\n\n\n\n<li>Actividades de formaci\u00f3n y divulgaci\u00f3n sobre monitorizaci\u00f3n de recursos h\u00eddricos.<\/li>\n\n\n\n<li>Mejorar el posicionamiento de la Universidad de Sevilla y los distintos nodos de la red en el sector de la monitorizaci\u00f3n de los recursos h\u00eddricos a trav\u00e9s de veh\u00edculos aut\u00f3nomos.<\/li>\n<\/ul>\n","protected":false},"excerpt":{"rendered":"<p>El objetivo general de REINFORCED es crear un grupo de trabajo multidisciplinar que permita avanzar en el estudio y mejora de la monitorizaci\u00f3n de recursos h\u00eddricos mediante veh\u00edculos aut\u00f3nomos. Objetivos espec\u00edficos:<\/p>\n","protected":false},"author":1,"featured_media":0,"parent":0,"menu_order":0,"comment_status":"closed","ping_status":"closed","template":"","meta":{"footnotes":""},"class_list":["post-127","page","type-page","status-publish","hentry"],"_links":{"self":[{"href":"https:\/\/grupos.us.es\/reinforced\/wp-json\/wp\/v2\/pages\/127","targetHints":{"allow":["GET"]}}],"collection":[{"href":"https:\/\/grupos.us.es\/reinforced\/wp-json\/wp\/v2\/pages"}],"about":[{"href":"https:\/\/grupos.us.es\/reinforced\/wp-json\/wp\/v2\/types\/page"}],"author":[{"embeddable":true,"href":"https:\/\/grupos.us.es\/reinforced\/wp-json\/wp\/v2\/users\/1"}],"replies":[{"embeddable":true,"href":"https:\/\/grupos.us.es\/reinforced\/wp-json\/wp\/v2\/comments?post=127"}],"version-history":[{"count":3,"href":"https:\/\/grupos.us.es\/reinforced\/wp-json\/wp\/v2\/pages\/127\/revisions"}],"predecessor-version":[{"id":134,"href":"https:\/\/grupos.us.es\/reinforced\/wp-json\/wp\/v2\/pages\/127\/revisions\/134"}],"wp:attachment":[{"href":"https:\/\/grupos.us.es\/reinforced\/wp-json\/wp\/v2\/media?parent=127"}],"curies":[{"name":"wp","href":"https:\/\/api.w.org\/{rel}","templated":true}]}}