{"id":54,"date":"2018-02-10T18:02:06","date_gmt":"2018-02-10T18:02:06","guid":{"rendered":"http:\/\/grupos.us.es\/phipe\/wordpress\/?page_id=54"},"modified":"2024-10-27T10:08:40","modified_gmt":"2024-10-27T10:08:40","slug":"contact","status":"publish","type":"page","link":"http:\/\/grupos.us.es\/phipe\/contact\/","title":{"rendered":"Contact"},"content":{"rendered":"\n<h2 class=\"wp-block-heading\">Participatory Health Informatics &amp; Personalization Research Team<\/h2>\n\n\n\n<p><strong>Email:<\/strong><br><a href=\"mailto:orivera@us.es\">orivera@us.es<\/a>,\u00a0<a href=\"mailto:edorronzoro@us.es\">edorronzoro@us.es<\/a><\/p>\n\n\n\n<p><strong>Escuela T\u00e9cnica Superior de Ingenier\u00eda Inform\u00e1tica (ETSII)<\/strong><br>Avenida de Reina Mercedes, s\/n<br>41012 Sevilla<\/p>\n","protected":false},"excerpt":{"rendered":"<p>Participatory Health Informatics &amp; Personalization Research Team Email:orivera@us.es,\u00a0edorronzoro@us.es Escuela T\u00e9cnica Superior de Ingenier\u00eda Inform\u00e1tica (ETSII)Avenida de Reina Mercedes, s\/n41012 Sevilla<\/p>\n","protected":false},"author":1,"featured_media":0,"parent":0,"menu_order":4,"comment_status":"closed","ping_status":"closed","template":"","meta":{"neve_meta_sidebar":"","neve_meta_container":"","neve_meta_enable_content_width":"","neve_meta_content_width":0,"neve_meta_title_alignment":"","neve_meta_author_avatar":"","neve_post_elements_order":"","neve_meta_disable_header":"","neve_meta_disable_footer":"","neve_meta_disable_title":"","footnotes":""},"class_list":["post-54","page","type-page","status-publish","hentry"],"_links":{"self":[{"href":"http:\/\/grupos.us.es\/phipe\/wp-json\/wp\/v2\/pages\/54","targetHints":{"allow":["GET"]}}],"collection":[{"href":"http:\/\/grupos.us.es\/phipe\/wp-json\/wp\/v2\/pages"}],"about":[{"href":"http:\/\/grupos.us.es\/phipe\/wp-json\/wp\/v2\/types\/page"}],"author":[{"embeddable":true,"href":"http:\/\/grupos.us.es\/phipe\/wp-json\/wp\/v2\/users\/1"}],"replies":[{"embeddable":true,"href":"http:\/\/grupos.us.es\/phipe\/wp-json\/wp\/v2\/comments?post=54"}],"version-history":[{"count":14,"href":"http:\/\/grupos.us.es\/phipe\/wp-json\/wp\/v2\/pages\/54\/revisions"}],"predecessor-version":[{"id":1050,"href":"http:\/\/grupos.us.es\/phipe\/wp-json\/wp\/v2\/pages\/54\/revisions\/1050"}],"wp:attachment":[{"href":"http:\/\/grupos.us.es\/phipe\/wp-json\/wp\/v2\/media?parent=54"}],"curies":[{"name":"wp","href":"https:\/\/api.w.org\/{rel}","templated":true}]}}