{"id":126,"date":"2018-02-12T12:18:09","date_gmt":"2018-02-12T12:18:09","guid":{"rendered":"http:\/\/grupos.us.es\/phipe\/?page_id=126"},"modified":"2026-03-30T18:26:31","modified_gmt":"2026-03-30T18:26:31","slug":"people","status":"publish","type":"page","link":"http:\/\/grupos.us.es\/phipe\/people\/","title":{"rendered":"PHIPE Team"},"content":{"rendered":"\n<div class=\"wp-block-group\"><div class=\"wp-block-group__inner-container is-layout-constrained wp-block-group-is-layout-constrained\">\n<div class=\"wp-block-columns is-layout-flex wp-container-core-columns-is-layout-9d6595d7 wp-block-columns-is-layout-flex\">\n<div class=\"wp-block-column is-layout-flow wp-block-column-is-layout-flow\">\n<div class=\"wp-block-columns is-layout-flex wp-container-core-columns-is-layout-9d6595d7 wp-block-columns-is-layout-flex\">\n<div class=\"wp-block-column is-vertically-aligned-top is-layout-flow wp-block-column-is-layout-flow\" style=\"flex-basis:33.33%\">\n<figure class=\"wp-block-image size-full\"><img loading=\"lazy\" decoding=\"async\" width=\"150\" height=\"172\" src=\"https:\/\/grupos.us.es\/phipe\/wp-content\/uploads\/2024\/10\/2024-PHIPE-ORR-rec.png\" alt=\"\" class=\"wp-image-900\"\/><\/figure>\n<\/div>\n\n\n\n<div class=\"wp-block-column is-layout-flow wp-block-column-is-layout-flow\" style=\"flex-basis:66.66%\">\n<h4 class=\"wp-block-heading has-text-align-left\"><strong><a href=\"https:\/\/prisma.us.es\/investigador\/3568\" data-type=\"link\" data-id=\"https:\/\/scholar.google.es\/citations?user=ddPTPMgAAAAJ\">Octavio Rivera Romero, PhD<\/a><\/strong><\/h4>\n\n\n\n<h5 class=\"wp-block-heading\">PHIPE Director<\/h5>\n\n\n\n<p>Associate Professor \/ Department of Electronic Technology<\/p>\n\n\n\n<p>Computer Engineer (Universidad de Sevilla) \/ Doctor in Computer Engineering (Universidad de Sevilla) \/ Expert in User Experience Design (Universitat Oberta de Catalunya)<\/p>\n\n\n\n<p>Participatory Health Informatics, Personalization, User Experience<\/p>\n<\/div>\n<\/div>\n<\/div>\n\n\n\n<div class=\"wp-block-column is-layout-flow wp-block-column-is-layout-flow\"><\/div>\n<\/div>\n<\/div><\/div>\n\n\n\n<div class=\"wp-block-group\"><div class=\"wp-block-group__inner-container is-layout-constrained wp-block-group-is-layout-constrained\">\n<div class=\"wp-block-columns is-layout-flex wp-container-core-columns-is-layout-9d6595d7 wp-block-columns-is-layout-flex\">\n<div class=\"wp-block-column is-layout-flow wp-block-column-is-layout-flow\" style=\"flex-basis:100%\">\n<div class=\"wp-block-columns is-layout-flex wp-container-core-columns-is-layout-9d6595d7 wp-block-columns-is-layout-flex\">\n<div class=\"wp-block-column is-layout-flow wp-block-column-is-layout-flow\" style=\"flex-basis:33.33%\">\n<figure class=\"wp-block-image size-full\"><img loading=\"lazy\" decoding=\"async\" width=\"150\" height=\"172\" src=\"https:\/\/grupos.us.es\/phipe\/wp-content\/uploads\/2024\/10\/2024-PHIPE-EDZ-rec.png\" alt=\"\" class=\"wp-image-912\"\/><\/figure>\n<\/div>\n\n\n\n<div class=\"wp-block-column is-layout-flow wp-block-column-is-layout-flow\" style=\"flex-basis:66.66%\">\n<h4 class=\"wp-block-heading\"><a href=\"https:\/\/prisma.us.es\/investigador\/4579\" data-type=\"link\" data-id=\"https:\/\/scholar.google.com\/citations?user=qZuzTdsAAAAJ&amp;hl=es\">Enrique Dorronzoro Zubiete, PhD<\/a><\/h4>\n\n\n\n<h5 class=\"wp-block-heading\">PHIPE Member<\/h5>\n\n\n\n<p>Associate Professor \/ Department of Electronic Technology<\/p>\n\n\n\n<p>Computer Engineer (Universidad de Sevilla) \/ Doctor in Computer Engineering (Universidad de Sevilla)<\/p>\n\n\n\n<p>Participatory Health Informatics, mHealth, NLP, Social Media<\/p>\n<\/div>\n<\/div>\n<\/div>\n\n\n\n<div class=\"wp-block-column is-layout-flow wp-block-column-is-layout-flow\" style=\"flex-basis:100%\">\n<div class=\"wp-block-group\"><div class=\"wp-block-group__inner-container is-layout-constrained wp-block-group-is-layout-constrained\">\n<div class=\"wp-block-columns is-layout-flex wp-container-core-columns-is-layout-9d6595d7 wp-block-columns-is-layout-flex\">\n<div class=\"wp-block-column is-layout-flow wp-block-column-is-layout-flow\" style=\"flex-basis:33.33%\">\n<figure class=\"wp-block-image size-full\"><img loading=\"lazy\" decoding=\"async\" width=\"150\" height=\"172\" src=\"https:\/\/grupos.us.es\/phipe\/wp-content\/uploads\/2024\/10\/2024-PHIPE-JRR-rec.png\" alt=\"\" class=\"wp-image-916\"\/><\/figure>\n<\/div>\n\n\n\n<div class=\"wp-block-column is-layout-flow wp-block-column-is-layout-flow\" style=\"flex-basis:66.66%\">\n<h4 class=\"wp-block-heading\"><a href=\"https:\/\/prisma.us.es\/investigador\/3756\">Jorge Ropero Rodr\u00edguez, PhD<\/a><\/h4>\n\n\n\n<h5 class=\"wp-block-heading\">PHIPE Member<\/h5>\n\n\n\n<p>Associate Professor \/ Department of Electronic Technology<\/p>\n\n\n\n<p>Telecommunication Engineer (Universidad de Sevilla) \/ Doctor in Computer Engineering (Universidad de Sevilla)<\/p>\n\n\n\n<p>NLP, Personalization<\/p>\n<\/div>\n<\/div>\n<\/div><\/div>\n<\/div>\n<\/div>\n<\/div><\/div>\n\n\n\n<div class=\"wp-block-group\"><div class=\"wp-block-group__inner-container is-layout-constrained wp-block-group-is-layout-constrained\">\n<div class=\"wp-block-columns is-layout-flex wp-container-core-columns-is-layout-9d6595d7 wp-block-columns-is-layout-flex\">\n<div class=\"wp-block-column is-layout-flow wp-block-column-is-layout-flow\">\n<div class=\"wp-block-columns is-layout-flex wp-container-core-columns-is-layout-9d6595d7 wp-block-columns-is-layout-flex\">\n<div class=\"wp-block-column is-layout-flow wp-block-column-is-layout-flow\" style=\"flex-basis:33.33%\">\n<figure class=\"wp-block-image size-full\"><img loading=\"lazy\" decoding=\"async\" width=\"150\" height=\"172\" src=\"https:\/\/grupos.us.es\/phipe\/wp-content\/uploads\/2024\/10\/2024-PHIPE-MDHV-rec.png\" alt=\"\" class=\"wp-image-924\"\/><\/figure>\n<\/div>\n\n\n\n<div class=\"wp-block-column is-layout-flow wp-block-column-is-layout-flow\" style=\"flex-basis:66.66%\">\n<h4 class=\"wp-block-heading\"><a href=\"https:\/\/prisma.us.es\/investigador\/1947\" data-type=\"link\" data-id=\"https:\/\/investigacion.us.es\/sisius\/sis_showpub.php?idpers=13357\">Maril\u00f3 Hern\u00e1ndez Vel\u00e1zquez, PhD<\/a><\/h4>\n\n\n\n<h5 class=\"wp-block-heading\">PHIPE Member<\/h5>\n\n\n\n<p>Associate Professor \/ Department of Electronic Technology<\/p>\n\n\n\n<p>Computer Engineer (Universidad de Sevilla) \/ Doctor in Computer Engineering (Universidad de Sevilla)<\/p>\n\n\n\n<p>Participatory Health Informatics<\/p>\n<\/div>\n<\/div>\n<\/div>\n\n\n\n<div class=\"wp-block-column is-layout-flow wp-block-column-is-layout-flow\">\n<div class=\"wp-block-columns is-layout-flex wp-container-core-columns-is-layout-9d6595d7 wp-block-columns-is-layout-flex\">\n<div class=\"wp-block-column is-layout-flow wp-block-column-is-layout-flow\" style=\"flex-basis:33.33%\">\n<figure class=\"wp-block-image size-full\"><img loading=\"lazy\" decoding=\"async\" width=\"150\" height=\"172\" src=\"https:\/\/grupos.us.es\/phipe\/wp-content\/uploads\/2024\/10\/2024-PHIPE-FSC-rec.png\" alt=\"\" class=\"wp-image-925\"\/><\/figure>\n<\/div>\n\n\n\n<div class=\"wp-block-column is-layout-flow wp-block-column-is-layout-flow\" style=\"flex-basis:66.66%\">\n<h4 class=\"wp-block-heading\"><a href=\"https:\/\/prisma.us.es\/investigador\/4064\" data-type=\"link\" data-id=\"https:\/\/investigacion.us.es\/sisius\/sis_showpub.php?idpers=9271\">Francisco Sivianes Castillo<\/a><\/h4>\n\n\n\n<h5 class=\"wp-block-heading\">PHIPE Member<\/h5>\n\n\n\n<p>Lecturer \/ Department of Electronic Technology<\/p>\n\n\n\n<p>Industrial Engineer (Universidad de Sevilla)<\/p>\n\n\n\n<p>Sensors, Tele-monitoring<\/p>\n<\/div>\n<\/div>\n<\/div>\n<\/div>\n<\/div><\/div>\n\n\n\n<div class=\"wp-block-group\"><div class=\"wp-block-group__inner-container is-layout-constrained wp-block-group-is-layout-constrained\">\n<div class=\"wp-block-columns is-layout-flex wp-container-core-columns-is-layout-9d6595d7 wp-block-columns-is-layout-flex\">\n<div class=\"wp-block-column is-layout-flow wp-block-column-is-layout-flow\">\n<div class=\"wp-block-columns is-layout-flex wp-container-core-columns-is-layout-9d6595d7 wp-block-columns-is-layout-flex\">\n<div class=\"wp-block-column is-layout-flow wp-block-column-is-layout-flow\" style=\"flex-basis:33.33%\">\n<figure class=\"wp-block-image size-full\"><img loading=\"lazy\" decoding=\"async\" width=\"150\" height=\"172\" src=\"http:\/\/grupos.us.es\/phipe\/wp-content\/uploads\/2026\/03\/2024-PHIPE-FSC-rec-1.png\" alt=\"\" class=\"wp-image-1257\"\/><\/figure>\n<\/div>\n\n\n\n<div class=\"wp-block-column is-layout-flow wp-block-column-is-layout-flow\" style=\"flex-basis:66.66%\">\n<h4 class=\"wp-block-heading\"><a href=\"https:\/\/prisma.us.es\/investigador\/2737\" data-type=\"link\" data-id=\"https:\/\/prisma.us.es\/investigador\/2737\">I\u00f1igo Luis Monedero Goicoechea<\/a><\/h4>\n\n\n\n<h5 class=\"wp-block-heading\">PHIPE Member<\/h5>\n\n\n\n<p>Associate Professor \/ Department of Electronic Technology<\/p>\n\n\n\n<p>Computer Engineer (Universidad de Sevilla) \/ Doctor in Computer Engineering (Universidad de Sevilla)<\/p>\n\n\n\n<p>Data science and AI<\/p>\n<\/div>\n<\/div>\n<\/div>\n\n\n\n<div class=\"wp-block-column is-layout-flow wp-block-column-is-layout-flow\">\n<div class=\"wp-block-columns is-layout-flex wp-container-core-columns-is-layout-9d6595d7 wp-block-columns-is-layout-flex\">\n<div class=\"wp-block-column is-layout-flow wp-block-column-is-layout-flow\" style=\"flex-basis:33.33%\">\n<figure class=\"wp-block-image size-full\"><img loading=\"lazy\" decoding=\"async\" width=\"150\" height=\"172\" src=\"https:\/\/grupos.us.es\/phipe\/wp-content\/uploads\/2024\/10\/2024-PHIPE-MDHV-rec.png\" alt=\"\" class=\"wp-image-924\"\/><\/figure>\n<\/div>\n\n\n\n<div class=\"wp-block-column is-layout-flow wp-block-column-is-layout-flow\" style=\"flex-basis:66.66%\">\n<h4 class=\"wp-block-heading\"><a href=\"https:\/\/prisma.us.es\/investigador\/9740\" data-type=\"link\" data-id=\"https:\/\/prisma.us.es\/investigador\/9740\">Mar\u00eda Zamora Lorence<\/a><\/h4>\n\n\n\n<h5 class=\"wp-block-heading\">PHIPE Member<\/h5>\n\n\n\n<p>Researcher \/ Department of Electronic Technology<\/p>\n\n\n\n<p>Computer Engineer \/ Mathematician (Universidad de Sevilla)<\/p>\n\n\n\n<p>NLP, Privacy<\/p>\n<\/div>\n<\/div>\n<\/div>\n<\/div>\n<\/div><\/div>\n\n\n\n<div class=\"wp-block-group\"><div class=\"wp-block-group__inner-container is-layout-constrained wp-block-group-is-layout-constrained\">\n<div class=\"wp-block-columns is-layout-flex wp-container-core-columns-is-layout-9d6595d7 wp-block-columns-is-layout-flex\">\n<div class=\"wp-block-column is-layout-flow wp-block-column-is-layout-flow\">\n<div class=\"wp-block-columns is-layout-flex wp-container-core-columns-is-layout-9d6595d7 wp-block-columns-is-layout-flex\">\n<div class=\"wp-block-column is-layout-flow wp-block-column-is-layout-flow\"><\/div>\n\n\n\n<div class=\"wp-block-column is-layout-flow wp-block-column-is-layout-flow\"><\/div>\n<\/div>\n<\/div>\n\n\n\n<div class=\"wp-block-column is-layout-flow wp-block-column-is-layout-flow\"><\/div>\n<\/div>\n\n\n\n<div class=\"wp-block-columns is-layout-flex wp-container-core-columns-is-layout-9d6595d7 wp-block-columns-is-layout-flex\">\n<div class=\"wp-block-column is-layout-flow wp-block-column-is-layout-flow\">\n<div class=\"wp-block-columns is-layout-flex wp-container-core-columns-is-layout-9d6595d7 wp-block-columns-is-layout-flex\">\n<div class=\"wp-block-column is-vertically-aligned-top is-layout-flow wp-block-column-is-layout-flow\" style=\"flex-basis:33.33%\">\n<figure class=\"wp-block-image size-full\"><img loading=\"lazy\" decoding=\"async\" width=\"150\" height=\"172\" src=\"https:\/\/grupos.us.es\/phipe\/wp-content\/uploads\/2024\/10\/2024-PHIPE-JLSR-rec.png\" alt=\"\" class=\"wp-image-886\"\/><\/figure>\n<\/div>\n\n\n\n<div class=\"wp-block-column is-layout-flow wp-block-column-is-layout-flow\" style=\"flex-basis:66.66%\">\n<h4 class=\"wp-block-heading has-text-align-left\"><strong><a href=\"https:\/\/prisma.us.es\/investigador\/4043\" data-type=\"link\" data-id=\"https:\/\/prisma.us.es\/investigador\/4043\">Jos\u00e9 Luis Sevillano Ramos, PhD<\/a><\/strong><\/h4>\n\n\n\n<h5 class=\"wp-block-heading\">PHIPE Collaborator<\/h5>\n\n\n\n<p>Full Professor \/ Department of Computer Architecture and Technology<\/p>\n\n\n\n<p>Licenciado en F\u00edsica Electr\u00f3nica (Universidad de Sevilla) \/ Doctor in Computer Engineering (Universidad de Sevilla)<\/p>\n\n\n\n<p>eHealth, Rehabilitation Technologies, Serious Games, Usability<\/p>\n<\/div>\n<\/div>\n<\/div>\n\n\n\n<div class=\"wp-block-column is-layout-flow wp-block-column-is-layout-flow\">\n<div class=\"wp-block-columns is-layout-flex wp-container-core-columns-is-layout-9d6595d7 wp-block-columns-is-layout-flex\">\n<div class=\"wp-block-column is-layout-flow wp-block-column-is-layout-flow\" style=\"flex-basis:33.33%\">\n<figure class=\"wp-block-image size-full\"><img loading=\"lazy\" decoding=\"async\" width=\"150\" height=\"172\" src=\"https:\/\/grupos.us.es\/phipe\/wp-content\/uploads\/2024\/10\/2024-PHIPE-MDHV-rec.png\" alt=\"\" class=\"wp-image-924\"\/><\/figure>\n<\/div>\n\n\n\n<div class=\"wp-block-column is-layout-flow wp-block-column-is-layout-flow\" style=\"flex-basis:66.66%\">\n<h4 class=\"wp-block-heading\">Laura Montoya Vera<\/h4>\n\n\n\n<h5 class=\"wp-block-heading\">PHIPE Collaborator<\/h5>\n\n\n\n<p>Researcher<\/p>\n\n\n\n<p>Psychology (Universidad de Sevilla)<\/p>\n\n\n\n<p>Neuro-psychology, User Experience<\/p>\n<\/div>\n<\/div>\n<\/div>\n<\/div>\n<\/div><\/div>\n","protected":false},"excerpt":{"rendered":"<p>Octavio Rivera Romero, PhD PHIPE Director Associate Professor \/ Department of Electronic Technology Computer Engineer (Universidad de Sevilla) \/ Doctor in Computer Engineering (Universidad de Sevilla) \/ Expert in User Experience Design (Universitat Oberta de Catalunya) Participatory Health Informatics, Personalization, User Experience Enrique Dorronzoro Zubiete, PhD PHIPE Member Associate Professor \/ Department of Electronic Technology&hellip;&nbsp;<a href=\"http:\/\/grupos.us.es\/phipe\/people\/\" rel=\"bookmark\">Read More &raquo;<span class=\"screen-reader-text\">PHIPE Team<\/span><\/a><\/p>\n","protected":false},"author":1,"featured_media":0,"parent":0,"menu_order":0,"comment_status":"closed","ping_status":"closed","template":"","meta":{"neve_meta_sidebar":"","neve_meta_container":"","neve_meta_enable_content_width":"","neve_meta_content_width":0,"neve_meta_title_alignment":"","neve_meta_author_avatar":"","neve_post_elements_order":"","neve_meta_disable_header":"","neve_meta_disable_footer":"on","neve_meta_disable_title":"","footnotes":""},"class_list":["post-126","page","type-page","status-publish","hentry"],"_links":{"self":[{"href":"http:\/\/grupos.us.es\/phipe\/wp-json\/wp\/v2\/pages\/126","targetHints":{"allow":["GET"]}}],"collection":[{"href":"http:\/\/grupos.us.es\/phipe\/wp-json\/wp\/v2\/pages"}],"about":[{"href":"http:\/\/grupos.us.es\/phipe\/wp-json\/wp\/v2\/types\/page"}],"author":[{"embeddable":true,"href":"http:\/\/grupos.us.es\/phipe\/wp-json\/wp\/v2\/users\/1"}],"replies":[{"embeddable":true,"href":"http:\/\/grupos.us.es\/phipe\/wp-json\/wp\/v2\/comments?post=126"}],"version-history":[{"count":94,"href":"http:\/\/grupos.us.es\/phipe\/wp-json\/wp\/v2\/pages\/126\/revisions"}],"predecessor-version":[{"id":1260,"href":"http:\/\/grupos.us.es\/phipe\/wp-json\/wp\/v2\/pages\/126\/revisions\/1260"}],"wp:attachment":[{"href":"http:\/\/grupos.us.es\/phipe\/wp-json\/wp\/v2\/media?parent=126"}],"curies":[{"name":"wp","href":"https:\/\/api.w.org\/{rel}","templated":true}]}}