{"id":1211,"date":"2024-10-27T15:51:02","date_gmt":"2024-10-27T15:51:02","guid":{"rendered":"http:\/\/grupos.us.es\/phipe\/?page_id=1211"},"modified":"2024-10-27T16:11:38","modified_gmt":"2024-10-27T16:11:38","slug":"msf-phia","status":"publish","type":"page","link":"http:\/\/grupos.us.es\/phipe\/msf-phia\/","title":{"rendered":"MSF-PHIA"},"content":{"rendered":"\n<div class=\"wp-block-group\"><div class=\"wp-block-group__inner-container is-layout-constrained wp-block-group-is-layout-constrained\">\n<div class=\"wp-block-columns are-vertically-aligned-center is-layout-flex wp-container-core-columns-is-layout-9d6595d7 wp-block-columns-is-layout-flex\">\n<div class=\"wp-block-column is-vertically-aligned-center is-layout-flow wp-block-column-is-layout-flow\" style=\"padding-right:var(--wp--preset--spacing--50);padding-left:var(--wp--preset--spacing--50);flex-basis:20%\">\n<figure class=\"wp-block-image size-full\"><img loading=\"lazy\" decoding=\"async\" width=\"151\" height=\"78\" src=\"http:\/\/grupos.us.es\/phipe\/wp-content\/uploads\/2024\/10\/MSF-PHIA-Logo.png\" alt=\"\" class=\"wp-image-984\"\/><\/figure>\n<\/div>\n\n\n\n<div class=\"wp-block-column is-vertically-aligned-center is-layout-flow wp-block-column-is-layout-flow\" style=\"padding-right:var(--wp--preset--spacing--20);padding-left:var(--wp--preset--spacing--20);flex-basis:100%\">\n<div class=\"wp-block-group is-nowrap is-layout-flex wp-container-core-group-is-layout-ad2f72ca wp-block-group-is-layout-flex\">\n<h2 class=\"wp-block-heading has-text-color has-link-color wp-elements-93721a4cd889ca677ab2e22d1c541218\" style=\"color:#18608c\">Understanding Daily Multiple Sclerosis related Fatigue: a<br>Participatory Health Informatics Approach<\/h2>\n<\/div>\n\n\n\n<div class=\"wp-block-group is-content-justification-right is-nowrap is-layout-flex wp-container-core-group-is-layout-fd526d70 wp-block-group-is-layout-flex\">\n<figure class=\"wp-block-image size-full is-resized\"><img loading=\"lazy\" decoding=\"async\" width=\"400\" height=\"185\" src=\"http:\/\/grupos.us.es\/phipe\/wp-content\/uploads\/2024\/10\/ceceu-1.png\" alt=\"\" class=\"wp-image-1213\" style=\"width:auto;height:120px\" srcset=\"http:\/\/grupos.us.es\/phipe\/wp-content\/uploads\/2024\/10\/ceceu-1.png 400w, http:\/\/grupos.us.es\/phipe\/wp-content\/uploads\/2024\/10\/ceceu-1-300x139.png 300w\" sizes=\"auto, (max-width: 400px) 100vw, 400px\" \/><\/figure>\n<\/div>\n<\/div>\n<\/div>\n\n\n\n<hr class=\"wp-block-separator has-text-color has-alpha-channel-opacity has-background\" style=\"background-color:#18608c;color:#18608c\"\/>\n<\/div><\/div>\n\n\n\n<div class=\"wp-block-group\"><div class=\"wp-block-group__inner-container is-layout-constrained wp-block-group-is-layout-constrained\">\n<h2 class=\"wp-block-heading\">MSF-PHIA Team<\/h2>\n\n\n\n<div class=\"wp-block-columns is-layout-flex wp-container-core-columns-is-layout-9d6595d7 wp-block-columns-is-layout-flex\">\n<div class=\"wp-block-column is-vertically-aligned-top is-layout-flow wp-block-column-is-layout-flow\" style=\"padding-top:0;padding-bottom:0\">\n<p><strong>Researchers<\/strong><\/p>\n\n\n\n<ul class=\"wp-block-list\">\n<li>Jos\u00e9 Luis Sevillano Ramos<\/li>\n\n\n\n<li>Octavio Rivera Romero<\/li>\n\n\n\n<li>Enrique Dorronzoro Zubiete<\/li>\n\n\n\n<li>Mar\u00eda Dolores Hern\u00e1ndez V\u00e1zquez<\/li>\n\n\n\n<li>Lourdes Mir\u00f3 Amarante<\/li>\n<\/ul>\n<\/div>\n\n\n\n<div class=\"wp-block-column is-vertically-aligned-top is-layout-flow wp-block-column-is-layout-flow\" style=\"padding-top:0;padding-bottom:0\">\n<p><strong>Hired Personnel<\/strong><\/p>\n\n\n\n<ul class=\"wp-block-list\">\n<li>Javier Castillo Delgado<\/li>\n\n\n\n<li>Elena Escobar Linero<\/li>\n\n\n\n<li>Javier Civit Masot<\/li>\n<\/ul>\n<\/div>\n<\/div>\n\n\n\n<hr class=\"wp-block-separator has-text-color has-alpha-channel-opacity has-background\" style=\"background-color:#18608c;color:#18608c\"\/>\n<\/div><\/div>\n\n\n\n<div class=\"wp-block-group\"><div class=\"wp-block-group__inner-container is-layout-constrained wp-block-group-is-layout-constrained\">\n<h2 class=\"wp-block-heading\">MSF-PHIA Collaborators<\/h2>\n\n\n\n<div class=\"wp-block-group is-nowrap is-layout-flex wp-container-core-group-is-layout-abd7feab wp-block-group-is-layout-flex\" style=\"padding-top:var(--wp--preset--spacing--30);padding-bottom:var(--wp--preset--spacing--30)\">\n<div class=\"wp-block-columns are-vertically-aligned-center is-layout-flex wp-container-core-columns-is-layout-9d6595d7 wp-block-columns-is-layout-flex\">\n<div class=\"wp-block-column is-vertically-aligned-center is-layout-flow wp-block-column-is-layout-flow\" style=\"padding-right:var(--wp--preset--spacing--30);padding-left:var(--wp--preset--spacing--30);flex-basis:33.33%\">\n<div class=\"wp-block-group is-vertical is-content-justification-center is-layout-flex wp-container-core-group-is-layout-48c2c4f0 wp-block-group-is-layout-flex\"><div class=\"wp-block-image\">\n<figure class=\"aligncenter size-full is-resized\"><img loading=\"lazy\" decoding=\"async\" width=\"225\" height=\"225\" src=\"http:\/\/grupos.us.es\/phipe\/wp-content\/uploads\/2024\/10\/adhera.jpg\" alt=\"\" class=\"wp-image-1078\" style=\"width:200px\" srcset=\"http:\/\/grupos.us.es\/phipe\/wp-content\/uploads\/2024\/10\/adhera.jpg 225w, http:\/\/grupos.us.es\/phipe\/wp-content\/uploads\/2024\/10\/adhera-150x150.jpg 150w\" sizes=\"auto, (max-width: 225px) 100vw, 225px\" \/><\/figure>\n<\/div>\n\n\n<h6 class=\"wp-block-heading has-text-color has-link-color wp-elements-ccf3510cb4071b9ad820d34f26aa1170\" style=\"color:#18608c\">Dr. Luis Fern\u00e1ndez Luque<\/h6>\n<\/div>\n<\/div>\n\n\n\n<div class=\"wp-block-column is-vertically-aligned-center is-layout-flow wp-block-column-is-layout-flow\" style=\"padding-right:var(--wp--preset--spacing--30);padding-left:var(--wp--preset--spacing--30);flex-basis:33.33%\">\n<div class=\"wp-block-group is-vertical is-content-justification-center is-layout-flex wp-container-core-group-is-layout-4b2eccd6 wp-block-group-is-layout-flex\"><div class=\"wp-block-image\">\n<figure class=\"aligncenter size-full\"><img loading=\"lazy\" decoding=\"async\" width=\"525\" height=\"96\" src=\"http:\/\/grupos.us.es\/phipe\/wp-content\/uploads\/2024\/10\/ostfold.png\" alt=\"\" class=\"wp-image-1181\" style=\"object-fit:cover\" srcset=\"http:\/\/grupos.us.es\/phipe\/wp-content\/uploads\/2024\/10\/ostfold.png 525w, http:\/\/grupos.us.es\/phipe\/wp-content\/uploads\/2024\/10\/ostfold-300x55.png 300w\" sizes=\"auto, (max-width: 525px) 100vw, 525px\" \/><\/figure>\n<\/div>\n\n\n<h6 class=\"wp-block-heading has-text-color has-link-color wp-elements-d2402fcc48a9ed054003c7848d6f2233\" style=\"color:#18608c\">Dra. Elia Gabarr\u00f3n<\/h6>\n<\/div>\n<\/div>\n\n\n\n<div class=\"wp-block-column is-vertically-aligned-center is-layout-flow wp-block-column-is-layout-flow\" style=\"padding-right:var(--wp--preset--spacing--30);padding-left:var(--wp--preset--spacing--30);flex-basis:33.33%\">\n<div class=\"wp-block-group is-vertical is-content-justification-center is-layout-flex wp-container-core-group-is-layout-4b2eccd6 wp-block-group-is-layout-flex\"><div class=\"wp-block-image\">\n<figure class=\"aligncenter size-full is-resized\"><img loading=\"lazy\" decoding=\"async\" width=\"553\" height=\"260\" src=\"http:\/\/grupos.us.es\/phipe\/wp-content\/uploads\/2024\/10\/HUVM.png\" alt=\"\" class=\"wp-image-1217\" style=\"width:200px\" srcset=\"http:\/\/grupos.us.es\/phipe\/wp-content\/uploads\/2024\/10\/HUVM.png 553w, http:\/\/grupos.us.es\/phipe\/wp-content\/uploads\/2024\/10\/HUVM-300x141.png 300w\" sizes=\"auto, (max-width: 553px) 100vw, 553px\" \/><\/figure>\n<\/div>\n\n\n<h6 class=\"wp-block-heading has-text-color has-link-color wp-elements-f4bab33fe81d17eb50cc3a6445fbfbeb\" style=\"color:#18608c\">Dra. Anja Hochsprung<\/h6>\n<\/div>\n<\/div>\n<\/div>\n<\/div>\n\n\n\n<div class=\"wp-block-group is-nowrap is-layout-flex wp-container-core-group-is-layout-abd7feab wp-block-group-is-layout-flex\" style=\"padding-top:var(--wp--preset--spacing--30);padding-bottom:var(--wp--preset--spacing--30)\">\n<div class=\"wp-block-columns are-vertically-aligned-center wp-container-content-9cfa9a5a is-layout-flex wp-container-core-columns-is-layout-9d6595d7 wp-block-columns-is-layout-flex\">\n<div class=\"wp-block-column is-vertically-aligned-center is-layout-flow wp-block-column-is-layout-flow\" style=\"padding-right:var(--wp--preset--spacing--30);padding-left:var(--wp--preset--spacing--30);flex-basis:33.33%\">\n<div class=\"wp-block-group is-vertical is-content-justification-center is-layout-flex wp-container-core-group-is-layout-48c2c4f0 wp-block-group-is-layout-flex\"><div class=\"wp-block-image\">\n<figure class=\"aligncenter size-full\"><img loading=\"lazy\" decoding=\"async\" width=\"1127\" height=\"140\" src=\"http:\/\/grupos.us.es\/phipe\/wp-content\/uploads\/2024\/10\/logoDINAC-rec.png\" alt=\"\" class=\"wp-image-1218\" style=\"object-fit:cover\" srcset=\"http:\/\/grupos.us.es\/phipe\/wp-content\/uploads\/2024\/10\/logoDINAC-rec.png 1127w, http:\/\/grupos.us.es\/phipe\/wp-content\/uploads\/2024\/10\/logoDINAC-rec-300x37.png 300w, http:\/\/grupos.us.es\/phipe\/wp-content\/uploads\/2024\/10\/logoDINAC-rec-1024x127.png 1024w, http:\/\/grupos.us.es\/phipe\/wp-content\/uploads\/2024\/10\/logoDINAC-rec-768x95.png 768w\" sizes=\"auto, (max-width: 1127px) 100vw, 1127px\" \/><\/figure>\n<\/div>\n\n\n<h6 class=\"wp-block-heading has-text-color has-link-color wp-elements-66017d0bb58e74b4a1b4fda1cc79586b\" style=\"color:#18608c\">Dr. Guillermo Izquierdo<\/h6>\n<\/div>\n<\/div>\n\n\n\n<div class=\"wp-block-column is-vertically-aligned-center is-layout-flow wp-block-column-is-layout-flow\" style=\"padding-right:var(--wp--preset--spacing--30);padding-left:var(--wp--preset--spacing--30);flex-basis:33.33%\">\n<div class=\"wp-block-group is-vertical is-content-justification-center is-layout-flex wp-container-core-group-is-layout-4b2eccd6 wp-block-group-is-layout-flex\"><div class=\"wp-block-image\">\n<figure class=\"aligncenter size-full is-resized\"><img loading=\"lazy\" decoding=\"async\" width=\"180\" height=\"280\" src=\"http:\/\/grupos.us.es\/phipe\/wp-content\/uploads\/2024\/10\/logo-valens.png\" alt=\"\" class=\"wp-image-1219\" style=\"width:auto;height:200px\"\/><\/figure>\n<\/div>\n\n\n<h6 class=\"wp-block-heading has-text-color has-link-color wp-elements-c4bc10c26c53d3f4265f3e4076c7f169\" style=\"color:#18608c\">Dr. Jan Kool<\/h6>\n<\/div>\n<\/div>\n\n\n\n<div class=\"wp-block-column is-vertically-aligned-center is-layout-flow wp-block-column-is-layout-flow\" style=\"padding-right:var(--wp--preset--spacing--30);padding-left:var(--wp--preset--spacing--30);flex-basis:33.33%\">\n<div class=\"wp-block-group is-vertical is-content-justification-center is-layout-flex wp-container-core-group-is-layout-4b2eccd6 wp-block-group-is-layout-flex\"><div class=\"wp-block-image\">\n<figure class=\"aligncenter size-full is-resized\"><img loading=\"lazy\" decoding=\"async\" width=\"397\" height=\"127\" src=\"http:\/\/grupos.us.es\/phipe\/wp-content\/uploads\/2024\/10\/tmu-logo.png\" alt=\"\" class=\"wp-image-1185\" style=\"width:200px\" srcset=\"http:\/\/grupos.us.es\/phipe\/wp-content\/uploads\/2024\/10\/tmu-logo.png 397w, http:\/\/grupos.us.es\/phipe\/wp-content\/uploads\/2024\/10\/tmu-logo-300x96.png 300w\" sizes=\"auto, (max-width: 397px) 100vw, 397px\" \/><\/figure>\n<\/div>\n\n\n<h6 class=\"wp-block-heading has-text-color has-link-color wp-elements-9de06163ba4322a910ccd5c31f540c98\" style=\"color:#18608c\">Dr. Shabbir Syed<\/h6>\n<\/div>\n<\/div>\n<\/div>\n<\/div>\n\n\n\n<div class=\"wp-block-group is-nowrap is-layout-flex wp-container-core-group-is-layout-abd7feab wp-block-group-is-layout-flex\" style=\"padding-top:var(--wp--preset--spacing--30);padding-bottom:var(--wp--preset--spacing--30)\">\n<div class=\"wp-block-columns are-vertically-aligned-center wp-container-content-9cfa9a5a is-layout-flex wp-container-core-columns-is-layout-9d6595d7 wp-block-columns-is-layout-flex\">\n<div class=\"wp-block-column is-vertically-aligned-center is-layout-flow wp-block-column-is-layout-flow\" style=\"padding-right:var(--wp--preset--spacing--30);padding-left:var(--wp--preset--spacing--30);flex-basis:33.33%\">\n<div class=\"wp-block-group is-vertical is-content-justification-center is-layout-flex wp-container-core-group-is-layout-48c2c4f0 wp-block-group-is-layout-flex\"><div class=\"wp-block-image\">\n<figure class=\"aligncenter size-full\"><img loading=\"lazy\" decoding=\"async\" width=\"1127\" height=\"140\" src=\"http:\/\/grupos.us.es\/phipe\/wp-content\/uploads\/2024\/10\/logoDINAC-rec.png\" alt=\"\" class=\"wp-image-1218\" style=\"object-fit:cover\" srcset=\"http:\/\/grupos.us.es\/phipe\/wp-content\/uploads\/2024\/10\/logoDINAC-rec.png 1127w, http:\/\/grupos.us.es\/phipe\/wp-content\/uploads\/2024\/10\/logoDINAC-rec-300x37.png 300w, http:\/\/grupos.us.es\/phipe\/wp-content\/uploads\/2024\/10\/logoDINAC-rec-1024x127.png 1024w, http:\/\/grupos.us.es\/phipe\/wp-content\/uploads\/2024\/10\/logoDINAC-rec-768x95.png 768w\" sizes=\"auto, (max-width: 1127px) 100vw, 1127px\" \/><\/figure>\n<\/div>\n\n\n<h6 class=\"wp-block-heading has-text-color has-link-color wp-elements-478a68bef409d692a41f99f8ebcbb4a6\" style=\"color:#18608c\">Ana Isabel Venegas<\/h6>\n<\/div>\n<\/div>\n\n\n\n<div class=\"wp-block-column is-vertically-aligned-center is-layout-flow wp-block-column-is-layout-flow\" style=\"padding-right:var(--wp--preset--spacing--30);padding-left:var(--wp--preset--spacing--30);flex-basis:33.33%\"><\/div>\n\n\n\n<div class=\"wp-block-column is-vertically-aligned-center is-layout-flow wp-block-column-is-layout-flow\" style=\"padding-right:var(--wp--preset--spacing--30);padding-left:var(--wp--preset--spacing--30);flex-basis:33.33%\"><\/div>\n<\/div>\n<\/div>\n\n\n\n<hr class=\"wp-block-separator has-text-color has-alpha-channel-opacity has-background\" style=\"background-color:#18608c;color:#18608c\"\/>\n<\/div><\/div>\n\n\n\n<div class=\"wp-block-group\"><div class=\"wp-block-group__inner-container is-layout-constrained wp-block-group-is-layout-constrained\">\n<h2 class=\"wp-block-heading\">Abstract<\/h2>\n\n\n\n<p>Multiple Sclerosis (MS) is a chronic and progressive disease that is the most common disabling neurological condition in young adults. Because of its early onset (20-40 years old), MS has high socio-economic impact. Persons with MS must deal with the day-to-day effects that the disease on their lives. Among with all the symptoms that persons with MS experience, fatigue has been reported as one of the worst and is the most common work-related disability associated with MS. Fatigue also makes persons with MS less active and more sedentary, which has a strong impact in their quality of life. Different strategies have been attempted to effectively self-manage MS fatigue, however adherence to said strategies is commonly low. To improve adherence, personalization is required to adapt recommendations to the appropriate level of perceived fatigue. To be effective, personalization should be carried out using real time information collected in their real-life setting. Through a combination of research methods, this project aimed to identify and examine key factors in the daily self-management of MS fatigue. <\/p>\n\n\n\n<p>This leaded to the development of an\u00a0<strong>artificial intelligence-based model<\/strong>\u00a0to estimate personalized levels of MS fatigue; and the definition of\u00a0<strong>guidelines<\/strong>\u00a0to support designers to develop further context-aware and personalised technological solutions for\u00a0<strong>self-management of MS fatigue<\/strong>.<\/p>\n\n\n\n<hr class=\"wp-block-separator has-text-color has-alpha-channel-opacity has-background\" style=\"background-color:#18608c;color:#18608c\"\/>\n<\/div><\/div>\n","protected":false},"excerpt":{"rendered":"<p>Understanding Daily Multiple Sclerosis related Fatigue: aParticipatory Health Informatics Approach MSF-PHIA Team Researchers Hired Personnel MSF-PHIA Collaborators Dr. Luis Fern\u00e1ndez Luque Dra. Elia Gabarr\u00f3n Dra. Anja Hochsprung Dr. Guillermo Izquierdo Dr. Jan Kool Dr. Shabbir Syed Ana Isabel Venegas Abstract Multiple Sclerosis (MS) is a chronic and progressive disease that is the most common disabling&hellip;&nbsp;<a href=\"http:\/\/grupos.us.es\/phipe\/msf-phia\/\" rel=\"bookmark\">Read More &raquo;<span class=\"screen-reader-text\">MSF-PHIA<\/span><\/a><\/p>\n","protected":false},"author":1,"featured_media":0,"parent":0,"menu_order":0,"comment_status":"closed","ping_status":"closed","template":"","meta":{"neve_meta_sidebar":"","neve_meta_container":"","neve_meta_enable_content_width":"","neve_meta_content_width":0,"neve_meta_title_alignment":"","neve_meta_author_avatar":"","neve_post_elements_order":"","neve_meta_disable_header":"","neve_meta_disable_footer":"on","neve_meta_disable_title":"","footnotes":""},"class_list":["post-1211","page","type-page","status-publish","hentry"],"_links":{"self":[{"href":"http:\/\/grupos.us.es\/phipe\/wp-json\/wp\/v2\/pages\/1211","targetHints":{"allow":["GET"]}}],"collection":[{"href":"http:\/\/grupos.us.es\/phipe\/wp-json\/wp\/v2\/pages"}],"about":[{"href":"http:\/\/grupos.us.es\/phipe\/wp-json\/wp\/v2\/types\/page"}],"author":[{"embeddable":true,"href":"http:\/\/grupos.us.es\/phipe\/wp-json\/wp\/v2\/users\/1"}],"replies":[{"embeddable":true,"href":"http:\/\/grupos.us.es\/phipe\/wp-json\/wp\/v2\/comments?post=1211"}],"version-history":[{"count":11,"href":"http:\/\/grupos.us.es\/phipe\/wp-json\/wp\/v2\/pages\/1211\/revisions"}],"predecessor-version":[{"id":1226,"href":"http:\/\/grupos.us.es\/phipe\/wp-json\/wp\/v2\/pages\/1211\/revisions\/1226"}],"wp:attachment":[{"href":"http:\/\/grupos.us.es\/phipe\/wp-json\/wp\/v2\/media?parent=1211"}],"curies":[{"name":"wp","href":"https:\/\/api.w.org\/{rel}","templated":true}]}}