{"id":1100,"date":"2024-10-27T11:50:58","date_gmt":"2024-10-27T11:50:58","guid":{"rendered":"http:\/\/grupos.us.es\/phipe\/?page_id=1100"},"modified":"2024-10-27T16:29:33","modified_gmt":"2024-10-27T16:29:33","slug":"myfatigue","status":"publish","type":"page","link":"http:\/\/grupos.us.es\/phipe\/myfatigue\/","title":{"rendered":"MyFatigue"},"content":{"rendered":"\n<div class=\"wp-block-group\"><div class=\"wp-block-group__inner-container is-layout-constrained wp-block-group-is-layout-constrained\">\n<div class=\"wp-block-columns are-vertically-aligned-center is-layout-flex wp-container-core-columns-is-layout-9d6595d7 wp-block-columns-is-layout-flex\">\n<div class=\"wp-block-column is-vertically-aligned-center is-layout-flow wp-block-column-is-layout-flow\" style=\"padding-right:var(--wp--preset--spacing--50);padding-left:var(--wp--preset--spacing--50);flex-basis:20%\">\n<figure class=\"wp-block-image size-large\"><img loading=\"lazy\" decoding=\"async\" width=\"936\" height=\"1024\" src=\"http:\/\/grupos.us.es\/phipe\/wp-content\/uploads\/2024\/10\/MyFatigue-936x1024.png\" alt=\"\" class=\"wp-image-1031\" srcset=\"http:\/\/grupos.us.es\/phipe\/wp-content\/uploads\/2024\/10\/MyFatigue-936x1024.png 936w, http:\/\/grupos.us.es\/phipe\/wp-content\/uploads\/2024\/10\/MyFatigue-274x300.png 274w, http:\/\/grupos.us.es\/phipe\/wp-content\/uploads\/2024\/10\/MyFatigue-768x841.png 768w, http:\/\/grupos.us.es\/phipe\/wp-content\/uploads\/2024\/10\/MyFatigue.png 1015w\" sizes=\"auto, (max-width: 936px) 100vw, 936px\" \/><\/figure>\n<\/div>\n\n\n\n<div class=\"wp-block-column is-vertically-aligned-center is-layout-flow wp-block-column-is-layout-flow\" style=\"padding-right:var(--wp--preset--spacing--20);padding-left:var(--wp--preset--spacing--20);flex-basis:100%\">\n<div class=\"wp-block-group is-nowrap is-layout-flex wp-container-core-group-is-layout-ad2f72ca wp-block-group-is-layout-flex\">\n<h2 class=\"wp-block-heading has-text-color has-link-color wp-elements-ae40db7c59e36ff697b36ac408afc7b0\" style=\"color:#18608c\">Personalized Just-In-Time Management of Fatigue using a Smart Context-Aware Digital Health Solution: Patient-Centred and Participatory Approach<\/h2>\n<\/div>\n\n\n\n<div class=\"wp-block-group is-content-justification-right is-nowrap is-layout-flex wp-container-core-group-is-layout-fd526d70 wp-block-group-is-layout-flex\">\n<figure class=\"wp-block-image size-full is-resized\"><img loading=\"lazy\" decoding=\"async\" width=\"299\" height=\"100\" src=\"http:\/\/grupos.us.es\/phipe\/wp-content\/uploads\/2024\/10\/micin-aei.png\" alt=\"\" class=\"wp-image-1032\" style=\"width:auto;height:80px\"\/><\/figure>\n<\/div>\n<\/div>\n<\/div>\n\n\n\n<hr class=\"wp-block-separator has-text-color has-alpha-channel-opacity has-background\" style=\"background-color:#18608c;color:#18608c\"\/>\n<\/div><\/div>\n\n\n\n<div class=\"wp-block-group\"><div class=\"wp-block-group__inner-container is-layout-constrained wp-block-group-is-layout-constrained\">\n<h2 class=\"wp-block-heading\">MyFatigue Team<\/h2>\n\n\n\n<div class=\"wp-block-columns is-layout-flex wp-container-core-columns-is-layout-9d6595d7 wp-block-columns-is-layout-flex\">\n<div class=\"wp-block-column is-vertically-aligned-bottom is-layout-flow wp-block-column-is-layout-flow\" style=\"flex-basis:50%\"><div class=\"wp-block-image\">\n<figure class=\"aligncenter size-large is-resized\"><img loading=\"lazy\" decoding=\"async\" width=\"992\" height=\"1024\" src=\"http:\/\/grupos.us.es\/phipe\/wp-content\/uploads\/2024\/10\/USE-992x1024.png\" alt=\"\" class=\"wp-image-1129\" style=\"width:auto;height:150px\" srcset=\"http:\/\/grupos.us.es\/phipe\/wp-content\/uploads\/2024\/10\/USE-992x1024.png 992w, http:\/\/grupos.us.es\/phipe\/wp-content\/uploads\/2024\/10\/USE-291x300.png 291w, http:\/\/grupos.us.es\/phipe\/wp-content\/uploads\/2024\/10\/USE-768x793.png 768w, http:\/\/grupos.us.es\/phipe\/wp-content\/uploads\/2024\/10\/USE.png 996w\" sizes=\"auto, (max-width: 992px) 100vw, 992px\" \/><\/figure>\n<\/div><\/div>\n\n\n\n<div class=\"wp-block-column is-layout-flow wp-block-column-is-layout-flow\" style=\"flex-basis:80%\"><div class=\"wp-block-image\">\n<figure class=\"aligncenter size-large is-resized\"><img loading=\"lazy\" decoding=\"async\" width=\"1024\" height=\"716\" src=\"http:\/\/grupos.us.es\/phipe\/wp-content\/uploads\/2024\/10\/positivoHUVR-1024x716.png\" alt=\"\" class=\"wp-image-1126\" style=\"width:auto;height:150px\" srcset=\"http:\/\/grupos.us.es\/phipe\/wp-content\/uploads\/2024\/10\/positivoHUVR-1024x716.png 1024w, http:\/\/grupos.us.es\/phipe\/wp-content\/uploads\/2024\/10\/positivoHUVR-300x210.png 300w, http:\/\/grupos.us.es\/phipe\/wp-content\/uploads\/2024\/10\/positivoHUVR-768x537.png 768w, http:\/\/grupos.us.es\/phipe\/wp-content\/uploads\/2024\/10\/positivoHUVR-1536x1074.png 1536w, http:\/\/grupos.us.es\/phipe\/wp-content\/uploads\/2024\/10\/positivoHUVR.png 2000w\" sizes=\"auto, (max-width: 1024px) 100vw, 1024px\" \/><\/figure>\n<\/div><\/div>\n\n\n\n<div class=\"wp-block-column is-vertically-aligned-bottom is-layout-flow wp-block-column-is-layout-flow\" style=\"flex-basis:80%\">\n<div class=\"wp-block-group is-content-justification-center is-nowrap is-layout-flex wp-container-core-group-is-layout-94bc23d7 wp-block-group-is-layout-flex\">\n<figure class=\"wp-block-image size-large is-resized\"><img loading=\"lazy\" decoding=\"async\" width=\"1024\" height=\"579\" src=\"http:\/\/grupos.us.es\/phipe\/wp-content\/uploads\/2024\/10\/vhir-1024x579.png\" alt=\"\" class=\"wp-image-1128\" style=\"width:auto;height:150px\" srcset=\"http:\/\/grupos.us.es\/phipe\/wp-content\/uploads\/2024\/10\/vhir-1024x579.png 1024w, http:\/\/grupos.us.es\/phipe\/wp-content\/uploads\/2024\/10\/vhir-300x170.png 300w, http:\/\/grupos.us.es\/phipe\/wp-content\/uploads\/2024\/10\/vhir-768x435.png 768w, http:\/\/grupos.us.es\/phipe\/wp-content\/uploads\/2024\/10\/vhir.png 1200w\" sizes=\"auto, (max-width: 1024px) 100vw, 1024px\" \/><\/figure>\n<\/div>\n<\/div>\n<\/div>\n\n\n\n<div class=\"wp-block-columns are-vertically-aligned-top is-layout-flex wp-container-core-columns-is-layout-9d6595d7 wp-block-columns-is-layout-flex\">\n<div class=\"wp-block-column is-vertically-aligned-top is-layout-flow wp-block-column-is-layout-flow\" style=\"padding-top:0;padding-bottom:0\">\n<ul class=\"wp-block-list\">\n<li>Octavio Rivera Romero<\/li>\n\n\n\n<li>Jos\u00e9 Luis Sevillano Ramos<\/li>\n\n\n\n<li>Enrique Dorronzoro Zubiete<\/li>\n\n\n\n<li>Jorge Ropero Rodr\u00edguez<\/li>\n\n\n\n<li>Mar\u00eda Dolores Hern\u00e1ndez V\u00e1zquez<\/li>\n\n\n\n<li>Juan Ram\u00f3n Lacalle<\/li>\n\n\n\n<li>Luis Mar\u00eda B\u00e9jar Prado<\/li>\n\n\n\n<li>Laura Montoya (Hired personnel)<\/li>\n<\/ul>\n<\/div>\n\n\n\n<div class=\"wp-block-column is-vertically-aligned-top is-layout-flow wp-block-column-is-layout-flow\">\n<ul class=\"wp-block-list\">\n<li>Isabel Mar\u00eda Garrido<\/li>\n\n\n\n<li>Asunci\u00f3n Luque Bad\u00eda<\/li>\n<\/ul>\n<\/div>\n\n\n\n<div class=\"wp-block-column is-vertically-aligned-top is-layout-flow wp-block-column-is-layout-flow\">\n<ul class=\"wp-block-list\">\n<li>Ram\u00f3n Sanmart\u00edn Senta\u00f1es<\/li>\n\n\n\n<li>Jes\u00fas Castro Marrero<\/li>\n\n\n\n<li>Patricia Launois Obreg\u00f3n<\/li>\n<\/ul>\n<\/div>\n<\/div>\n\n\n\n<hr class=\"wp-block-separator has-text-color has-alpha-channel-opacity has-background\" style=\"background-color:#18608c;color:#18608c\"\/>\n<\/div><\/div>\n\n\n\n<div class=\"wp-block-group\"><div class=\"wp-block-group__inner-container is-layout-constrained wp-block-group-is-layout-constrained\">\n<h2 class=\"wp-block-heading\">MyFatigue Collaborators<\/h2>\n\n\n\n<div class=\"wp-block-group is-nowrap is-layout-flex wp-container-core-group-is-layout-abd7feab wp-block-group-is-layout-flex\" style=\"padding-top:var(--wp--preset--spacing--30);padding-bottom:var(--wp--preset--spacing--30)\">\n<div class=\"wp-block-columns are-vertically-aligned-center is-layout-flex wp-container-core-columns-is-layout-9d6595d7 wp-block-columns-is-layout-flex\">\n<div class=\"wp-block-column is-vertically-aligned-center is-layout-flow wp-block-column-is-layout-flow\" style=\"padding-right:var(--wp--preset--spacing--30);padding-left:var(--wp--preset--spacing--30);flex-basis:33.33%\">\n<div class=\"wp-block-group is-vertical is-content-justification-center is-layout-flex wp-container-core-group-is-layout-48c2c4f0 wp-block-group-is-layout-flex\"><div class=\"wp-block-image\">\n<figure class=\"aligncenter size-full is-resized\"><img loading=\"lazy\" decoding=\"async\" width=\"400\" height=\"126\" src=\"http:\/\/grupos.us.es\/phipe\/wp-content\/uploads\/2024\/10\/MU-logo.png\" alt=\"\" class=\"wp-image-1148\" style=\"width:200px\" srcset=\"http:\/\/grupos.us.es\/phipe\/wp-content\/uploads\/2024\/10\/MU-logo.png 400w, http:\/\/grupos.us.es\/phipe\/wp-content\/uploads\/2024\/10\/MU-logo-300x95.png 300w\" sizes=\"auto, (max-width: 400px) 100vw, 400px\" \/><\/figure>\n<\/div>\n\n\n<h6 class=\"wp-block-heading has-text-color has-link-color wp-elements-3c8c47f81ff34770da9a17c440ddff35\" style=\"color:#18608c\">Dr. Heins de Vries<\/h6>\n<\/div>\n<\/div>\n\n\n\n<div class=\"wp-block-column is-vertically-aligned-center is-layout-flow wp-block-column-is-layout-flow\" style=\"padding-right:var(--wp--preset--spacing--30);padding-left:var(--wp--preset--spacing--30);flex-basis:33.33%\">\n<div class=\"wp-block-group is-vertical is-content-justification-center is-layout-flex wp-container-core-group-is-layout-4b2eccd6 wp-block-group-is-layout-flex\"><div class=\"wp-block-image\">\n<figure class=\"aligncenter size-full is-resized\"><img loading=\"lazy\" decoding=\"async\" width=\"216\" height=\"105\" src=\"http:\/\/grupos.us.es\/phipe\/wp-content\/uploads\/2024\/10\/bfu-rec.png\" alt=\"\" class=\"wp-image-1193\" style=\"width:200px\"\/><\/figure>\n<\/div>\n\n\n<h6 class=\"wp-block-heading has-text-color has-link-color wp-elements-977598b954ec5e50aa2d5f271d04a946\" style=\"color:#18608c\">Dra. Kerstin Denecke<\/h6>\n<\/div>\n<\/div>\n\n\n\n<div class=\"wp-block-column is-vertically-aligned-center is-layout-flow wp-block-column-is-layout-flow\" style=\"padding-right:var(--wp--preset--spacing--30);padding-left:var(--wp--preset--spacing--30);flex-basis:33.33%\">\n<div class=\"wp-block-group is-vertical is-content-justification-center is-layout-flex wp-container-core-group-is-layout-4b2eccd6 wp-block-group-is-layout-flex\"><div class=\"wp-block-image\">\n<figure class=\"aligncenter size-full\"><img loading=\"lazy\" decoding=\"async\" width=\"525\" height=\"96\" src=\"http:\/\/grupos.us.es\/phipe\/wp-content\/uploads\/2024\/10\/ostfold.png\" alt=\"\" class=\"wp-image-1181\" style=\"object-fit:cover\" srcset=\"http:\/\/grupos.us.es\/phipe\/wp-content\/uploads\/2024\/10\/ostfold.png 525w, http:\/\/grupos.us.es\/phipe\/wp-content\/uploads\/2024\/10\/ostfold-300x55.png 300w\" sizes=\"auto, (max-width: 525px) 100vw, 525px\" \/><\/figure>\n<\/div>\n\n\n<h6 class=\"wp-block-heading has-text-color has-link-color wp-elements-d2402fcc48a9ed054003c7848d6f2233\" style=\"color:#18608c\">Dra. Elia Gabarr\u00f3n<\/h6>\n<\/div>\n<\/div>\n<\/div>\n<\/div>\n\n\n\n<div class=\"wp-block-group is-nowrap is-layout-flex wp-container-core-group-is-layout-abd7feab wp-block-group-is-layout-flex\" style=\"padding-top:var(--wp--preset--spacing--30);padding-bottom:var(--wp--preset--spacing--30)\">\n<div class=\"wp-block-columns are-vertically-aligned-center wp-container-content-9cfa9a5a is-layout-flex wp-container-core-columns-is-layout-9d6595d7 wp-block-columns-is-layout-flex\">\n<div class=\"wp-block-column is-vertically-aligned-center is-layout-flow wp-block-column-is-layout-flow\" style=\"padding-right:var(--wp--preset--spacing--30);padding-left:var(--wp--preset--spacing--30);flex-basis:33.33%\">\n<div class=\"wp-block-group is-vertical is-content-justification-center is-layout-flex wp-container-core-group-is-layout-48c2c4f0 wp-block-group-is-layout-flex\"><div class=\"wp-block-image\">\n<figure class=\"aligncenter size-full\"><img loading=\"lazy\" decoding=\"async\" width=\"120\" height=\"158\" src=\"http:\/\/grupos.us.es\/phipe\/wp-content\/uploads\/2024\/10\/oulu-logo-rec.jpg\" alt=\"\" class=\"wp-image-1183\" style=\"object-fit:cover\"\/><\/figure>\n<\/div>\n\n\n<h6 class=\"wp-block-heading has-text-color has-link-color wp-elements-74a4a8ab46ccf8088b847b88a505eeae\" style=\"color:#18608c\">Dra. Minna Isomursu<\/h6>\n<\/div>\n<\/div>\n\n\n\n<div class=\"wp-block-column is-vertically-aligned-center is-layout-flow wp-block-column-is-layout-flow\" style=\"padding-right:var(--wp--preset--spacing--30);padding-left:var(--wp--preset--spacing--30);flex-basis:33.33%\">\n<div class=\"wp-block-group is-vertical is-content-justification-center is-layout-flex wp-container-core-group-is-layout-4b2eccd6 wp-block-group-is-layout-flex\"><div class=\"wp-block-image\">\n<figure class=\"aligncenter size-full\"><img loading=\"lazy\" decoding=\"async\" width=\"120\" height=\"158\" src=\"http:\/\/grupos.us.es\/phipe\/wp-content\/uploads\/2024\/10\/oulu-logo-rec.jpg\" alt=\"\" class=\"wp-image-1183\" style=\"object-fit:cover\"\/><\/figure>\n<\/div>\n\n\n<h6 class=\"wp-block-heading has-text-color has-link-color wp-elements-0f9272732d51ce26a22d7d8cde5fdbfb\" style=\"color:#18608c\">Dr. Guido Giunti<\/h6>\n<\/div>\n<\/div>\n\n\n\n<div class=\"wp-block-column is-vertically-aligned-center is-layout-flow wp-block-column-is-layout-flow\" style=\"padding-right:var(--wp--preset--spacing--30);padding-left:var(--wp--preset--spacing--30);flex-basis:33.33%\">\n<div class=\"wp-block-group is-vertical is-content-justification-center is-layout-flex wp-container-core-group-is-layout-73a99bce wp-block-group-is-layout-flex\"><div class=\"wp-block-image\">\n<figure class=\"aligncenter size-full\"><img loading=\"lazy\" decoding=\"async\" width=\"212\" height=\"162\" src=\"http:\/\/grupos.us.es\/phipe\/wp-content\/uploads\/2024\/10\/logo-Gothenburg-rec.png\" alt=\"\" class=\"wp-image-1207\" style=\"object-fit:cover\"\/><\/figure>\n<\/div>\n\n\n<h6 class=\"wp-block-heading has-text-color has-link-color wp-elements-c057af8b04e1fdd4f71cafb4f13dbe61\" style=\"color:#18608c\">Dra. Vasiliki Mylonopoulus<\/h6>\n<\/div>\n<\/div>\n<\/div>\n<\/div>\n\n\n\n<div class=\"wp-block-group is-nowrap is-layout-flex wp-container-core-group-is-layout-abd7feab wp-block-group-is-layout-flex\" style=\"padding-top:var(--wp--preset--spacing--30);padding-bottom:var(--wp--preset--spacing--30)\">\n<div class=\"wp-block-columns are-vertically-aligned-center wp-container-content-9cfa9a5a is-layout-flex wp-container-core-columns-is-layout-9d6595d7 wp-block-columns-is-layout-flex\">\n<div class=\"wp-block-column is-vertically-aligned-center is-layout-flow wp-block-column-is-layout-flow\" style=\"padding-right:var(--wp--preset--spacing--30);padding-left:var(--wp--preset--spacing--30);flex-basis:33.33%\"><\/div>\n\n\n\n<div class=\"wp-block-column is-vertically-aligned-center is-layout-flow wp-block-column-is-layout-flow\" style=\"padding-right:var(--wp--preset--spacing--30);padding-left:var(--wp--preset--spacing--30);flex-basis:33.33%\">\n<div class=\"wp-block-group is-vertical is-content-justification-center is-layout-flex wp-container-core-group-is-layout-4b2eccd6 wp-block-group-is-layout-flex\"><div class=\"wp-block-image\">\n<figure class=\"aligncenter size-full is-resized\"><img loading=\"lazy\" decoding=\"async\" width=\"397\" height=\"127\" src=\"http:\/\/grupos.us.es\/phipe\/wp-content\/uploads\/2024\/10\/tmu-logo.png\" alt=\"\" class=\"wp-image-1185\" style=\"width:200px\" srcset=\"http:\/\/grupos.us.es\/phipe\/wp-content\/uploads\/2024\/10\/tmu-logo.png 397w, http:\/\/grupos.us.es\/phipe\/wp-content\/uploads\/2024\/10\/tmu-logo-300x96.png 300w\" sizes=\"auto, (max-width: 397px) 100vw, 397px\" \/><\/figure>\n<\/div>\n\n\n<h6 class=\"wp-block-heading has-text-color has-link-color wp-elements-9de06163ba4322a910ccd5c31f540c98\" style=\"color:#18608c\">Dr. Shabbir Syed<\/h6>\n<\/div>\n<\/div>\n\n\n\n<div class=\"wp-block-column is-vertically-aligned-center is-layout-flow wp-block-column-is-layout-flow\" style=\"padding-right:var(--wp--preset--spacing--30);padding-left:var(--wp--preset--spacing--30);flex-basis:33.33%\"><\/div>\n<\/div>\n<\/div>\n\n\n\n<hr class=\"wp-block-separator has-text-color has-alpha-channel-opacity has-background\" style=\"background-color:#18608c;color:#18608c\"\/>\n<\/div><\/div>\n\n\n\n<div class=\"wp-block-group\"><div class=\"wp-block-group__inner-container is-layout-constrained wp-block-group-is-layout-constrained\">\n<h2 class=\"wp-block-heading\">Abstract<\/h2>\n\n\n\n<p>Fatigue is recognised as one of the most common presenting complaints in individuals with post-viral conditions such as Myalgic Encephalomyelitis\/Chronic Fatigue Syndrome (ME\/CFS) and Long COVID. The extent of fatigue feature on patients life is huge, affecting to their physical, cognitive, and socio-economic conditions. It impacts strongly on patients wellbeing, leads in many cases to social isolation and mental health problems, and reduces their quality of life. Fatigue in ME\/CFS and long COVID is poorly understood, and little is known about their similarities and differences. There is a need for new research aimed to discover them and to translate them into actionable recommendations to manage fatigue in long COVID. Effective fatigue management of ME\/CFS and long COVID prevents the accumulation of disabilities because of the worsening of patients health conditions and minimizes the consequences of disease. However, poor adherence rates to the management recommendations and strategies are commonly presented among individuals with ME\/CFS and with long COVID because of the unpredictability and variability of the course of both conditions. In such circumstance, personalization is a key element to adapt recommendations to the individuals perceived fatigue. To be effective, personalization must consider contextual and behavioural factors to adapt individuals condition. Digital health enables remote collection of real-time data in real-life scenarios that may be used as basis for this personalization. Artificial Intelligence models developed using those collected data may help in the understanding on what extent contextual and behavioural factors are impacting on fatigue severity in ME\/CFS and long COVID. This worthy knowledge may be used to create new therapies and personalized self-management strategies using context-aware digital health solutions. Despite the efficacy of the use of digital health in the personalized self-management of chronic diseases, little is known about the potential benefits of personalised and context-aware digital health solutions for fatigue self-management in ME\/CFS and long COVID. The MyFatigue project proposes a multidisciplinary and interdisciplinary research, following a patient-centred and participatory approach, aimed at understanding fatigue in ME\/CFS and Long COVID and to find opportunities for designing digital health solutions supporting in its self-management to improve individuals quality of life. A personalized and context-aware digital health solution for fatigue self-management in ME\/CFS and long COVID will be developed and its feasibility, acceptance, and potential benefits will be assess through a pilot study. The research team of MyFatigue consists of researchers from 2 hospitals (Hospital Universitario Virgen del Roc\u00edo and Hospital Universitari Vall dHebron) and the Universidad of Sevilla. MyFatigue has also the support of 4 patients associations and 6 technological companies.<\/p>\n\n\n\n<hr class=\"wp-block-separator has-text-color has-alpha-channel-opacity has-background\" style=\"background-color:#18608c;color:#18608c\"\/>\n<\/div><\/div>\n\n\n\n<div class=\"wp-block-group\"><div class=\"wp-block-group__inner-container is-layout-constrained wp-block-group-is-layout-constrained\">\n<h2 class=\"wp-block-heading\">Results<\/h2>\n\n\n\n<h4 class=\"wp-block-heading\">Journal Papers<\/h4>\n\n\n\n<ul class=\"wp-block-list\">\n<li>Enrique Dorronzoro, Jes\u00fas Castro, Jorge Ropero, Jos\u00e9 Luis Sevillano, Mar\u00eda Dolores Hern\u00e1ndez, Ram\u00f3n Sanmart\u00edn, Jos\u00e9 Alegre, Patricia Lauonis, Isabel Mart\u00edn, Asunci\u00f3n Luque, Juan Ram\u00f3n Lacalle, Luis B\u00e9jar,&nbsp;Octavio Rivera-Romero (2024). Personalized just-in-time management of fatigue in individuals with ME\/CFS and long COVID using a smart context-aware digital mHealth solution: Protocol for a participatory design approach. JMIR Research Protocols. doi:<a href=\"https:\/\/www.researchprotocols.org\/2024\/1\/e50157\">10.2196\/50157<\/a><\/li>\n\n\n\n<li>Rivera-Romero O, Gabarr\u00f3n E, Ropero J, Denecke K. Designing Personalized mHealth solutions: An overview. Journal of Biomedical Informatics 2023; doi:<a href=\"https:\/\/www.sciencedirect.com\/science\/article\/pii\/S1532046423002216\">10.1016\/j.jbi.2023.104500<\/a><\/li>\n<\/ul>\n<\/div><\/div>\n","protected":false},"excerpt":{"rendered":"<p>Personalized Just-In-Time Management of Fatigue using a Smart Context-Aware Digital Health Solution: Patient-Centred and Participatory Approach MyFatigue Team MyFatigue Collaborators Dr. Heins de Vries Dra. Kerstin Denecke Dra. Elia Gabarr\u00f3n Dra. Minna Isomursu Dr. Guido Giunti Dra. Vasiliki Mylonopoulus Dr. Shabbir Syed Abstract Fatigue is recognised as one of the most common presenting complaints in&hellip;&nbsp;<a href=\"http:\/\/grupos.us.es\/phipe\/myfatigue\/\" rel=\"bookmark\">Read More &raquo;<span class=\"screen-reader-text\">MyFatigue<\/span><\/a><\/p>\n","protected":false},"author":1,"featured_media":0,"parent":0,"menu_order":0,"comment_status":"closed","ping_status":"closed","template":"","meta":{"neve_meta_sidebar":"","neve_meta_container":"","neve_meta_enable_content_width":"","neve_meta_content_width":0,"neve_meta_title_alignment":"","neve_meta_author_avatar":"","neve_post_elements_order":"","neve_meta_disable_header":"","neve_meta_disable_footer":"on","neve_meta_disable_title":"","footnotes":""},"class_list":["post-1100","page","type-page","status-publish","hentry"],"_links":{"self":[{"href":"http:\/\/grupos.us.es\/phipe\/wp-json\/wp\/v2\/pages\/1100","targetHints":{"allow":["GET"]}}],"collection":[{"href":"http:\/\/grupos.us.es\/phipe\/wp-json\/wp\/v2\/pages"}],"about":[{"href":"http:\/\/grupos.us.es\/phipe\/wp-json\/wp\/v2\/types\/page"}],"author":[{"embeddable":true,"href":"http:\/\/grupos.us.es\/phipe\/wp-json\/wp\/v2\/users\/1"}],"replies":[{"embeddable":true,"href":"http:\/\/grupos.us.es\/phipe\/wp-json\/wp\/v2\/comments?post=1100"}],"version-history":[{"count":93,"href":"http:\/\/grupos.us.es\/phipe\/wp-json\/wp\/v2\/pages\/1100\/revisions"}],"predecessor-version":[{"id":1241,"href":"http:\/\/grupos.us.es\/phipe\/wp-json\/wp\/v2\/pages\/1100\/revisions\/1241"}],"wp:attachment":[{"href":"http:\/\/grupos.us.es\/phipe\/wp-json\/wp\/v2\/media?parent=1100"}],"curies":[{"name":"wp","href":"https:\/\/api.w.org\/{rel}","templated":true}]}}