{"id":491,"date":"2019-11-29T14:25:54","date_gmt":"2019-11-29T13:25:54","guid":{"rendered":"http:\/\/grupos.us.es\/medicalphysics\/?page_id=491"},"modified":"2022-01-25T10:17:32","modified_gmt":"2022-01-25T09:17:32","slug":"news","status":"publish","type":"page","link":"https:\/\/grupos.us.es\/medicalphysics\/news\/","title":{"rendered":"News"},"content":{"rendered":"<p>&nbsp;<\/p>\n<p><a href=\"http:\/\/grupos.us.es\/medicalphysics\/wp-content\/uploads\/2015\/07\/US_logo.bmp\" rel=\"attachment wp-att-287\"><img loading=\"lazy\" decoding=\"async\" class=\"wp-image-287 aligncenter\" src=\"http:\/\/grupos.us.es\/medicalphysics\/wp-content\/uploads\/2015\/07\/US_logo.bmp\" alt=\"US_logo\" width=\"80\" height=\"69\" \/><\/a><\/p>\n<p>Se ofertan dos plazas predoctorales para trabajar en el grupo de F\u00edsica M\u00e9dica de la Universidad de Sevilla.<\/p>\n<p><span style=\"text-decoration: underline;\"><strong>CONTRATO 1<\/strong><\/span><br \/>\n<strong>T\u00cdTULO DEL PROYECTO:<\/strong><br \/>\n\u201cSISTEMA 4UARC DE VERIFICACI\u00d3N Y CONTROL DE CALIDAD 4D PARA EL TRATAMIENTO RADIOTER\u00c1PICO EXTRACRANEAL ESTEREOT\u00c1XICO (SBRT) ESPEC\u00cdFICO DEL PACIENTE CON LESI\u00d3N SOMETIDA A MOVIMIENTO RESPIRATORIO\u201d<br \/>\n<strong>PERFIL:<\/strong><br \/>\nDoble grado en F\u00edsica y Matem\u00e1ticas, Grado en F\u00edsica, Grado de Biomedicina, Ingenier\u00eda Telecomunicaciones, Ingenier\u00eda Biom\u00e9dica, Ingenier\u00eda dela Salud. Se valorar\u00e1n positivamente, conocimientos espec\u00edficos de procesamiento de imagen biom\u00e9dica, simulaci\u00f3n num\u00e9rica de procesos f\u00edsicos relacionados con la interacci\u00f3n de la radiaci\u00f3n ionizante con la materia, as\u00ed como conocimientos sobre programaci\u00f3n y desarrollo de c\u00f3digo en Matlab.<br \/>\n<strong>DURACI\u00d3N DEL CONTRATO:<\/strong><br \/>\n1 a\u00f1o (prorrogable)<\/p>\n<p><span style=\"text-decoration: underline;\"><strong>CONTRATO 2<\/strong><\/span><br \/>\n<strong>T\u00cdTULO DEL PROYECTO:<\/strong><br \/>\n\u201cAPROXIMACION A LA RADIOTERAPIA PERSONALIZADA A TRAVES DEL USO DE NANOPARTICULAS COMO AGENTE TERAGNOSTICO EN TRATAMIENTOS HIPOFRACCIONADOS BAJO CONDICIONES DE ESTRES OXIDATIVO\u201d<br \/>\n<strong>PERFIL:<\/strong><br \/>\nDoble grado en F\u00edsica y Matem\u00e1ticas, Grado en F\u00edsica, Grado de Biomedicina, Ingenier\u00eda Telecomunicaciones, Ingenier\u00eda Biom\u00e9dica, Ingenier\u00eda de la Salud. Se valorar\u00e1n positivamente, conocimientos espec\u00edficos de procesamiento de imagen biom\u00e9dica, simulaci\u00f3n num\u00e9rica de procesos f\u00edsicos relacionados con la interacci\u00f3n de la radiaci\u00f3n ionizante con la materia, as\u00ed como conocimientos sobre programaci\u00f3n y desarrollo de c\u00f3digo en Matlab. Experiencia con plataformas de nanopart\u00edculas en biomedicina.<br \/>\n<strong>DURACI\u00d3N DEL CONTRATO:<\/strong><br \/>\n6 meses(prorrogable)<\/p>\n<p>Los detalles de ambas plazas estar\u00e1n disponibles a partir de enero en la web <a href=\"http:\/\/investigacion.us.es\/investigacion\/contratos-personal\" target=\"_blank\">http:\/\/investigacion.us.es\/investigacion\/contratos-personal<\/a>,en el apartado \u201cConvocatoriascon cargo a proyectos\u201d. Para mayor informaci\u00f3n, los interesados pueden dirigirse a <a href=\"mailto:alplaza@us.es\" target=\"_blank\">alplaza@us.es<\/a>.<\/p>\n<p style=\"text-align: right;\">29 de noviembre de 2019<\/p>\n","protected":false},"excerpt":{"rendered":"<p>&nbsp; Se ofertan dos plazas predoctorales para trabajar en el grupo de F\u00edsica M\u00e9dica de la Universidad de Sevilla. CONTRATO 1 T\u00cdTULO DEL PROYECTO: \u201cSISTEMA 4UARC DE VERIFICACI\u00d3N Y CONTROL DE CALIDAD 4D PARA EL TRATAMIENTO RADIOTER\u00c1PICO EXTRACRANEAL ESTEREOT\u00c1XICO (SBRT) ESPEC\u00cdFICO DEL PACIENTE CON LESI\u00d3N SOMETIDA A MOVIMIENTO RESPIRATORIO\u201d PERFIL: Doble grado en F\u00edsica y&hellip;<\/p>\n","protected":false},"author":1,"featured_media":0,"parent":0,"menu_order":0,"comment_status":"closed","ping_status":"closed","template":"","meta":{"footnotes":""},"class_list":["post-491","page","type-page","status-publish","hentry"],"_links":{"self":[{"href":"https:\/\/grupos.us.es\/medicalphysics\/wp-json\/wp\/v2\/pages\/491","targetHints":{"allow":["GET"]}}],"collection":[{"href":"https:\/\/grupos.us.es\/medicalphysics\/wp-json\/wp\/v2\/pages"}],"about":[{"href":"https:\/\/grupos.us.es\/medicalphysics\/wp-json\/wp\/v2\/types\/page"}],"author":[{"embeddable":true,"href":"https:\/\/grupos.us.es\/medicalphysics\/wp-json\/wp\/v2\/users\/1"}],"replies":[{"embeddable":true,"href":"https:\/\/grupos.us.es\/medicalphysics\/wp-json\/wp\/v2\/comments?post=491"}],"version-history":[{"count":5,"href":"https:\/\/grupos.us.es\/medicalphysics\/wp-json\/wp\/v2\/pages\/491\/revisions"}],"predecessor-version":[{"id":497,"href":"https:\/\/grupos.us.es\/medicalphysics\/wp-json\/wp\/v2\/pages\/491\/revisions\/497"}],"wp:attachment":[{"href":"https:\/\/grupos.us.es\/medicalphysics\/wp-json\/wp\/v2\/media?parent=491"}],"curies":[{"name":"wp","href":"https:\/\/api.w.org\/{rel}","templated":true}]}}