{"id":98,"date":"2021-02-08T13:41:46","date_gmt":"2021-02-08T13:41:46","guid":{"rendered":"http:\/\/grupos.us.es\/habier\/?page_id=98"},"modified":"2021-02-19T18:26:49","modified_gmt":"2021-02-19T18:26:49","slug":"catedra-u-sao-paulo","status":"publish","type":"page","link":"https:\/\/grupos.us.es\/habier\/formacion\/cursos-vigentes\/catedra-u-sao-paulo\/","title":{"rendered":"Seminario en U. Sao Paulo (Brasil; 2019-)"},"content":{"rendered":"\n<div class=\"wp-block-image\"><figure class=\"alignright size-large is-resized\"><img loading=\"lazy\" decoding=\"async\" src=\"https:\/\/grupos.us.es\/habier\/wp-content\/uploads\/2021\/02\/Instituto-Psicologia-USP.jpg\" alt=\"logo Instituto de Psicolog\u00eda USP (Brasil)\" class=\"wp-image-173\" width=\"106\" height=\"106\" srcset=\"https:\/\/grupos.us.es\/habier\/wp-content\/uploads\/2021\/02\/Instituto-Psicologia-USP.jpg 900w, https:\/\/grupos.us.es\/habier\/wp-content\/uploads\/2021\/02\/Instituto-Psicologia-USP-300x300.jpg 300w, https:\/\/grupos.us.es\/habier\/wp-content\/uploads\/2021\/02\/Instituto-Psicologia-USP-150x150.jpg 150w, https:\/\/grupos.us.es\/habier\/wp-content\/uploads\/2021\/02\/Instituto-Psicologia-USP-768x768.jpg 768w\" sizes=\"auto, (max-width: 106px) 100vw, 106px\" \/><\/figure><\/div>\n\n\n\n<p>En septiembre de 2019 viaj\u00e9 a Sao Paulo (Brasil) para realizar una estancia corta, derivada de un proyecto de cooperaci\u00f3n internacional dirigido por Dr. Jes\u00fas Garc\u00eda. Aprovechando el evento, Dra. Leila Tardivo propuso un <a href=\"https:\/\/www.ip.usp.br\/site\/evento\/disciplina-e-seminario-da-interacao-humano-animal-as-intervencoes-assistidas-por-animais\/\" target=\"_blank\" rel=\"noreferrer noopener\">seminario de dos cr\u00e9ditos dentro de la formaci\u00f3n reglada de m\u00e1ster en Psicolog\u00eda de la Salud <\/a>de la Universidad de Sao Paulo.<\/p>\n\n\n\n<p>En Brasil, las IAA gozan de amplia aceptaci\u00f3n, si bien se encuentran en una situaci\u00f3n asimilable a la espa\u00f1ola -existe un claro d\u00e9ficit de literatura cient\u00edfico-t\u00e9cnica para formar profesionales, la investigaci\u00f3n es incipiente, etc.- La primera edici\u00f3n del curso sirvi\u00f3 para establecer algunos contactos con profesionales del \u00e1rea, para intercambiar ideas y proyectos, y para consultar literatura que aqu\u00ed no tenemos disponible. Siempre es enriquecedor conocer otras perspectivas y tradiciones con respecto a tu objeto de estudio -y si est\u00e1 tan anclado en los valores culturales como la interacci\u00f3n humano-animal, pues m\u00e1s a\u00fan-.<\/p>\n\n\n\n<div class=\"wp-block-image\"><figure class=\"aligncenter size-large is-resized\"><img loading=\"lazy\" decoding=\"async\" src=\"https:\/\/grupos.us.es\/habier\/wp-content\/uploads\/2021\/02\/Catedra-USP.jpg\" alt=\"Alumnado del seminario \" class=\"wp-image-170\" width=\"363\" height=\"272\" srcset=\"https:\/\/grupos.us.es\/habier\/wp-content\/uploads\/2021\/02\/Catedra-USP.jpg 1024w, https:\/\/grupos.us.es\/habier\/wp-content\/uploads\/2021\/02\/Catedra-USP-300x225.jpg 300w, https:\/\/grupos.us.es\/habier\/wp-content\/uploads\/2021\/02\/Catedra-USP-768x576.jpg 768w\" sizes=\"auto, (max-width: 363px) 100vw, 363px\" \/><figcaption>Algunos de los asistentes al seminario<\/figcaption><\/figure><\/div>\n\n\n\n<p>Aunque no ha sido posible retomar esta actividad en 2020 por las restricciones asociadas a la COVID-19, el seminario sigue abierto a ser reeditado para pr\u00f3ximos cursos. \u00a1Esperemos que pueda ser pronto!<\/p>\n\n\n\n<figure class=\"wp-block-image size-large\"><img loading=\"lazy\" decoding=\"async\" width=\"1701\" height=\"956\" src=\"https:\/\/grupos.us.es\/habier\/wp-content\/uploads\/2021\/02\/Parque-Ibirapuera-edited.jpg\" alt=\"Parque de Ibirapuera, Sao Paulo\" class=\"wp-image-172\" srcset=\"https:\/\/grupos.us.es\/habier\/wp-content\/uploads\/2021\/02\/Parque-Ibirapuera-edited.jpg 1701w, https:\/\/grupos.us.es\/habier\/wp-content\/uploads\/2021\/02\/Parque-Ibirapuera-edited-300x169.jpg 300w, https:\/\/grupos.us.es\/habier\/wp-content\/uploads\/2021\/02\/Parque-Ibirapuera-edited-1024x576.jpg 1024w, https:\/\/grupos.us.es\/habier\/wp-content\/uploads\/2021\/02\/Parque-Ibirapuera-edited-768x432.jpg 768w, https:\/\/grupos.us.es\/habier\/wp-content\/uploads\/2021\/02\/Parque-Ibirapuera-edited-1536x863.jpg 1536w\" sizes=\"auto, (max-width: 1701px) 100vw, 1701px\" \/><figcaption>Parque de Ibirapuera, Sao Paulo<\/figcaption><\/figure>\n","protected":false},"excerpt":{"rendered":"<p>En septiembre de 2019 viaj\u00e9 a Sao Paulo (Brasil) para realizar una estancia corta, derivada de un proyecto de cooperaci\u00f3n internacional dirigido por Dr. Jes\u00fas Garc\u00eda. Aprovechando el evento, Dra. Leila Tardivo propuso un seminario de dos cr\u00e9ditos dentro de la formaci\u00f3n reglada de m\u00e1ster en Psicolog\u00eda de la Salud de la Universidad de Sao &hellip; <a href=\"https:\/\/grupos.us.es\/habier\/formacion\/cursos-vigentes\/catedra-u-sao-paulo\/\" class=\"more-link\">Seguir leyendo <span class=\"screen-reader-text\">Seminario en U. Sao Paulo (Brasil; 2019-)<\/span> <span class=\"meta-nav\">&rarr;<\/span><\/a><\/p>\n","protected":false},"author":1,"featured_media":0,"parent":85,"menu_order":3,"comment_status":"closed","ping_status":"closed","template":"","meta":{"iawp_total_views":9,"footnotes":""},"categories":[],"tags":[19,24,30,9],"class_list":["post-98","page","type-page","status-publish","hentry","tag-iaa","tag-master","tag-terapia-asistida-taa","tag-universidad-de-sao-paulo-brasil"],"_links":{"self":[{"href":"https:\/\/grupos.us.es\/habier\/wp-json\/wp\/v2\/pages\/98","targetHints":{"allow":["GET"]}}],"collection":[{"href":"https:\/\/grupos.us.es\/habier\/wp-json\/wp\/v2\/pages"}],"about":[{"href":"https:\/\/grupos.us.es\/habier\/wp-json\/wp\/v2\/types\/page"}],"author":[{"embeddable":true,"href":"https:\/\/grupos.us.es\/habier\/wp-json\/wp\/v2\/users\/1"}],"replies":[{"embeddable":true,"href":"https:\/\/grupos.us.es\/habier\/wp-json\/wp\/v2\/comments?post=98"}],"version-history":[{"count":3,"href":"https:\/\/grupos.us.es\/habier\/wp-json\/wp\/v2\/pages\/98\/revisions"}],"predecessor-version":[{"id":174,"href":"https:\/\/grupos.us.es\/habier\/wp-json\/wp\/v2\/pages\/98\/revisions\/174"}],"up":[{"embeddable":true,"href":"https:\/\/grupos.us.es\/habier\/wp-json\/wp\/v2\/pages\/85"}],"wp:attachment":[{"href":"https:\/\/grupos.us.es\/habier\/wp-json\/wp\/v2\/media?parent=98"}],"wp:term":[{"taxonomy":"category","embeddable":true,"href":"https:\/\/grupos.us.es\/habier\/wp-json\/wp\/v2\/categories?post=98"},{"taxonomy":"post_tag","embeddable":true,"href":"https:\/\/grupos.us.es\/habier\/wp-json\/wp\/v2\/tags?post=98"}],"curies":[{"name":"wp","href":"https:\/\/api.w.org\/{rel}","templated":true}]}}