{"id":96,"date":"2021-02-08T13:39:55","date_gmt":"2021-02-08T13:39:55","guid":{"rendered":"http:\/\/grupos.us.es\/habier\/?page_id=96"},"modified":"2021-02-19T18:26:38","modified_gmt":"2021-02-19T18:26:38","slug":"master-en-iaa-uja-unia","status":"publish","type":"page","link":"https:\/\/grupos.us.es\/habier\/formacion\/cursos-vigentes\/master-en-iaa-uja-unia\/","title":{"rendered":"M\u00e1ster en IAA (UJA\/UNIA, 2015-)"},"content":{"rendered":"\n<div class=\"wp-block-image\"><figure class=\"alignright size-large is-resized\"><img loading=\"lazy\" decoding=\"async\" src=\"https:\/\/grupos.us.es\/habier\/wp-content\/uploads\/2021\/02\/Catedral-Baeza-1024x768.jpg\" alt=\"\" class=\"wp-image-167\" width=\"306\" height=\"229\" srcset=\"https:\/\/grupos.us.es\/habier\/wp-content\/uploads\/2021\/02\/Catedral-Baeza-1024x768.jpg 1024w, https:\/\/grupos.us.es\/habier\/wp-content\/uploads\/2021\/02\/Catedral-Baeza-300x225.jpg 300w, https:\/\/grupos.us.es\/habier\/wp-content\/uploads\/2021\/02\/Catedral-Baeza-768x576.jpg 768w, https:\/\/grupos.us.es\/habier\/wp-content\/uploads\/2021\/02\/Catedral-Baeza-1536x1152.jpg 1536w, https:\/\/grupos.us.es\/habier\/wp-content\/uploads\/2021\/02\/Catedral-Baeza.jpg 2048w\" sizes=\"auto, (max-width: 306px) 100vw, 306px\" \/><figcaption>Baeza, Ja\u00e9n<\/figcaption><\/figure><\/div>\n\n\n\n<p>Los<a rel=\"noreferrer noopener\" href=\"https:\/\/grupos.us.es\/habier\/formacion\/cursos-finalizados\/fc-intervenciones-asistidas-unia-2014-15\/\" data-type=\"page\" data-id=\"136\" target=\"_blank\"> cursos de formaci\u00f3n continuada coordinados por David Ord\u00f3\u00f1ez y Rafael Martos en la UNIA <\/a>terminaron germinando en lo que, a d\u00eda de hoy, es el \u00fanico m\u00e1ster de <a href=\"http:\/\/www.aneca.es\/Programas-de-evaluacion\/Evaluacion-de-titulos\/VERIFICA\/Verificacion-de-Grado-y-Master\" target=\"_blank\" rel=\"noreferrer noopener\">car\u00e1cter oficial<\/a> en territorio espa\u00f1ol. Compartido entre la Universidad de Ja\u00e9n y la Universidad Internacional de Andaluc\u00eda, el M\u00e1ster representa la oferta m\u00e1s completa para formarse en el \u00e1mbito de las IAA en Espa\u00f1a.<\/p>\n\n\n\n<p>En el curso 2020-2021, el m\u00e1ster presenta su 6\u00aa edici\u00f3n. Adem\u00e1s de su valor formativo, esta formaci\u00f3n representa una plataforma a trav\u00e9s de la cual poner en contacto a personas interesadas en el \u00e1mbito de la interacci\u00f3n humano-animal y las intervenciones asistidas por animales, generando con ello oportunidades de investigaci\u00f3n, elaboraci\u00f3n de proyectos, etc. Adem\u00e1s, las acciones de internacionalizaci\u00f3n han permitido generar una red de contactos m\u00e1s all\u00e1 de nuestras fronteras, lo que ayuda a divulgar el trabajo realizado en Espa\u00f1a en otros pa\u00edses.<\/p>\n\n\n\n<p>Mi participaci\u00f3n comprende 2 cr\u00e9ditos ECTS sobre dise\u00f1o de programas, la direcci\u00f3n de trabajos de fin de m\u00e1ster (TFM) y la participaci\u00f3n en la Comisi\u00f3n Acad\u00e9mica del m\u00e1ster.<\/p>\n\n\n\n<p><\/p>\n","protected":false},"excerpt":{"rendered":"<p>Los cursos de formaci\u00f3n continuada coordinados por David Ord\u00f3\u00f1ez y Rafael Martos en la UNIA terminaron germinando en lo que, a d\u00eda de hoy, es el \u00fanico m\u00e1ster de car\u00e1cter oficial en territorio espa\u00f1ol. Compartido entre la Universidad de Ja\u00e9n y la Universidad Internacional de Andaluc\u00eda, el M\u00e1ster representa la oferta m\u00e1s completa para formarse &hellip; <a href=\"https:\/\/grupos.us.es\/habier\/formacion\/cursos-vigentes\/master-en-iaa-uja-unia\/\" class=\"more-link\">Seguir leyendo <span class=\"screen-reader-text\">M\u00e1ster en IAA (UJA\/UNIA, 2015-)<\/span> <span class=\"meta-nav\">&rarr;<\/span><\/a><\/p>\n","protected":false},"author":1,"featured_media":0,"parent":85,"menu_order":2,"comment_status":"closed","ping_status":"closed","template":"","meta":{"iawp_total_views":17,"footnotes":""},"categories":[],"tags":[25,19,24,30,8,10],"class_list":["post-96","page","type-page","status-publish","hentry","tag-baeza","tag-iaa","tag-master","tag-terapia-asistida-taa","tag-universidad-de-jaen","tag-universidad-internacional-de-andalucia-unia"],"_links":{"self":[{"href":"https:\/\/grupos.us.es\/habier\/wp-json\/wp\/v2\/pages\/96","targetHints":{"allow":["GET"]}}],"collection":[{"href":"https:\/\/grupos.us.es\/habier\/wp-json\/wp\/v2\/pages"}],"about":[{"href":"https:\/\/grupos.us.es\/habier\/wp-json\/wp\/v2\/types\/page"}],"author":[{"embeddable":true,"href":"https:\/\/grupos.us.es\/habier\/wp-json\/wp\/v2\/users\/1"}],"replies":[{"embeddable":true,"href":"https:\/\/grupos.us.es\/habier\/wp-json\/wp\/v2\/comments?post=96"}],"version-history":[{"count":3,"href":"https:\/\/grupos.us.es\/habier\/wp-json\/wp\/v2\/pages\/96\/revisions"}],"predecessor-version":[{"id":168,"href":"https:\/\/grupos.us.es\/habier\/wp-json\/wp\/v2\/pages\/96\/revisions\/168"}],"up":[{"embeddable":true,"href":"https:\/\/grupos.us.es\/habier\/wp-json\/wp\/v2\/pages\/85"}],"wp:attachment":[{"href":"https:\/\/grupos.us.es\/habier\/wp-json\/wp\/v2\/media?parent=96"}],"wp:term":[{"taxonomy":"category","embeddable":true,"href":"https:\/\/grupos.us.es\/habier\/wp-json\/wp\/v2\/categories?post=96"},{"taxonomy":"post_tag","embeddable":true,"href":"https:\/\/grupos.us.es\/habier\/wp-json\/wp\/v2\/tags?post=96"}],"curies":[{"name":"wp","href":"https:\/\/api.w.org\/{rel}","templated":true}]}}