{"id":89,"date":"2021-02-08T13:28:54","date_gmt":"2021-02-08T13:28:54","guid":{"rendered":"http:\/\/grupos.us.es\/habier\/?page_id=89"},"modified":"2022-06-24T09:55:40","modified_gmt":"2022-06-24T09:55:40","slug":"introduccion-a-las-iaa","status":"publish","type":"page","link":"https:\/\/grupos.us.es\/habier\/formacion\/cursos-finalizados\/introduccion-a-las-iaa\/","title":{"rendered":"FC Introducci\u00f3n a las IAA (II ed. 2021-22)"},"content":{"rendered":"\n<p class=\"has-red-color has-text-color has-large-font-size\">PENDIENTE DE REEDICI\u00d3N<\/p>\n\n\n<div class=\"wp-block-image\">\n<figure class=\"alignright size-large is-resized\"><img loading=\"lazy\" decoding=\"async\" src=\"https:\/\/grupos.us.es\/habier\/wp-content\/uploads\/2021\/02\/logo-universidad-de-sevilla.png\" alt=\"\" class=\"wp-image-94\" width=\"204\" height=\"98\"\/><\/figure>\n<\/div>\n\n\n<p>La Universidad de Sevilla oferta nuevamente el curso de Formaci\u00f3n Permanente titulado&nbsp;<strong>INTERVENCIONES ASISTIDAS POR ANIMALES: INTRODUCCI\u00d3N TE\u00d3RICA Y PR\u00c1CTICA<\/strong>. La <a href=\"https:\/\/cfp.us.es\/cursos\/fc\/intervenciones-asistidas-por-animales-introduccion-teorica-y-practica\/4241\/\" target=\"_blank\" rel=\"noreferrer noopener\">preinscripci\u00f3n<\/a> para el curso 2021-22, correspondiente a su segunda edici\u00f3n, est\u00e1 ya abierto.<\/p>\n\n\n\n<p>Este curso es de car\u00e1cter semipresencial, pero ha sido dise\u00f1ado para poder ser completado en modalidad totalmente online a trav\u00e9s de videoconferencia. Cuenta adem\u00e1s con material pregrabado, permitiendo un seguimiento flexible de los contenidos. De este modo, se logra dar respuesta a la demanda de formaci\u00f3n de personas que no pueden acudir a la Facultad de Psicolog\u00eda de Sevilla (Espa\u00f1a) o que incluso se encuentran en otros husos horarios.<\/p>\n\n\n\n<p>Toda la informaci\u00f3n del nuevo curso se encuentra disponible en la <a rel=\"noreferrer noopener\" href=\"https:\/\/cfp.us.es\/cursos\/fc\/intervenciones-asistidas-por-animales-introduccion-teorica-y-practica\/4241\/\" target=\"_blank\">web del Centro de Formaci\u00f3n Permanente de la US<\/a>, pero podemos destacar algunos elementos clave del curso:<\/p>\n\n\n\n<ul class=\"wp-block-list\"><li>El curso combina docencia online flexible para trabajar la teor\u00eda con sesiones presenciales de pr\u00e1cticas.<ul><li>V\u00eddeos pregrabados, para facilitar un seguimiento flexible de los aspectos te\u00f3ricos.<\/li><li>Sesiones de videoconferencia en grupos reducidos, para facilitar los debates y el desarrollo de aplicaciones pr\u00e1cticas.<\/li><li>Sesiones presenciales, respetando las exigencias sanitarias dispuestas por la US.<\/li><\/ul><\/li><li>El profesorado responsable cuenta con una dilatada <a rel=\"noreferrer noopener\" href=\"https:\/\/grupos.us.es\/habier\/formacion\/\" data-type=\"page\" data-id=\"10\" target=\"_blank\">experiencia docente<\/a>,&nbsp;<a rel=\"noreferrer noopener\" href=\"https:\/\/grupos.us.es\/habier\/publicaciones\/\" data-type=\"page\" data-id=\"14\" target=\"_blank\">investigadora&nbsp;<\/a>y de<a rel=\"noreferrer noopener\" href=\"https:\/\/grupos.us.es\/habier\/intervenciones\/\" data-type=\"page\" data-id=\"12\" target=\"_blank\"> intervenci\u00f3n aplicada<\/a>. <\/li><li>Aprender\u00e1s todo lo referido a definiciones, historia y estado actual de las IAA.<\/li><li>Dise\u00f1ar\u00e1s un programa de intervenci\u00f3n bajo la supervisi\u00f3n del profesorado.<\/li><li>Las pr\u00e1cticas incluir\u00e1n la simulaci\u00f3n de sesiones (role-playing) con perros de la Asociaci\u00f3n INTAP.<\/li><li>El precio de la matr\u00edcula incluye un ejemplar del manual&nbsp;<a rel=\"noreferrer noopener\" href=\"https:\/\/www.edicionespiramide.es\/libro.php?id=5198553\" target=\"_blank\"><strong><em>\u00abAnimales de Compa\u00f1\u00eda y Salud: del v\u00ednculo humano-animal al dise\u00f1o de IAA\u00bb<\/em><\/strong><\/a>&nbsp;(2019, ed. Pir\u00e1mide), en versi\u00f3n impresa o e-book (seg\u00fan disponibilidad geogr\u00e1fica).<\/li><\/ul>\n\n\n\n<p>Para cualquier aclaraci\u00f3n, <a rel=\"noreferrer noopener\" href=\"https:\/\/grupos.us.es\/habier\/contacto\/\" data-type=\"page\" data-id=\"36\" target=\"_blank\">contacta con nosotros<\/a>.<\/p>\n","protected":false},"excerpt":{"rendered":"<p>PENDIENTE DE REEDICI\u00d3N La Universidad de Sevilla oferta nuevamente el curso de Formaci\u00f3n Permanente titulado&nbsp;INTERVENCIONES ASISTIDAS POR ANIMALES: INTRODUCCI\u00d3N TE\u00d3RICA Y PR\u00c1CTICA. La preinscripci\u00f3n para el curso 2021-22, correspondiente a su segunda edici\u00f3n, est\u00e1 ya abierto. Este curso es de car\u00e1cter semipresencial, pero ha sido dise\u00f1ado para poder ser completado en modalidad totalmente online a &hellip; <a href=\"https:\/\/grupos.us.es\/habier\/formacion\/cursos-finalizados\/introduccion-a-las-iaa\/\" class=\"more-link\">Seguir leyendo <span class=\"screen-reader-text\">FC Introducci\u00f3n a las IAA (II ed. 2021-22)<\/span> <span class=\"meta-nav\">&rarr;<\/span><\/a><\/p>\n","protected":false},"author":1,"featured_media":0,"parent":86,"menu_order":0,"comment_status":"closed","ping_status":"closed","template":"","meta":{"iawp_total_views":2,"footnotes":""},"categories":[],"tags":[21,27,4,22,26,19,30,3],"class_list":["post-89","page","type-page","status-publish","hentry","tag-aaa","tag-asociacion-intap","tag-cursos","tag-eaa-educacion-asistida","tag-formacion-continuada","tag-iaa","tag-terapia-asistida-taa","tag-universidad-de-sevilla"],"_links":{"self":[{"href":"https:\/\/grupos.us.es\/habier\/wp-json\/wp\/v2\/pages\/89","targetHints":{"allow":["GET"]}}],"collection":[{"href":"https:\/\/grupos.us.es\/habier\/wp-json\/wp\/v2\/pages"}],"about":[{"href":"https:\/\/grupos.us.es\/habier\/wp-json\/wp\/v2\/types\/page"}],"author":[{"embeddable":true,"href":"https:\/\/grupos.us.es\/habier\/wp-json\/wp\/v2\/users\/1"}],"replies":[{"embeddable":true,"href":"https:\/\/grupos.us.es\/habier\/wp-json\/wp\/v2\/comments?post=89"}],"version-history":[{"count":7,"href":"https:\/\/grupos.us.es\/habier\/wp-json\/wp\/v2\/pages\/89\/revisions"}],"predecessor-version":[{"id":358,"href":"https:\/\/grupos.us.es\/habier\/wp-json\/wp\/v2\/pages\/89\/revisions\/358"}],"up":[{"embeddable":true,"href":"https:\/\/grupos.us.es\/habier\/wp-json\/wp\/v2\/pages\/86"}],"wp:attachment":[{"href":"https:\/\/grupos.us.es\/habier\/wp-json\/wp\/v2\/media?parent=89"}],"wp:term":[{"taxonomy":"category","embeddable":true,"href":"https:\/\/grupos.us.es\/habier\/wp-json\/wp\/v2\/categories?post=89"},{"taxonomy":"post_tag","embeddable":true,"href":"https:\/\/grupos.us.es\/habier\/wp-json\/wp\/v2\/tags?post=89"}],"curies":[{"name":"wp","href":"https:\/\/api.w.org\/{rel}","templated":true}]}}