{"id":85,"date":"2021-02-08T13:21:17","date_gmt":"2021-02-08T13:21:17","guid":{"rendered":"http:\/\/grupos.us.es\/habier\/?page_id=85"},"modified":"2021-02-19T18:14:53","modified_gmt":"2021-02-19T18:14:53","slug":"cursos-vigentes","status":"publish","type":"page","link":"https:\/\/grupos.us.es\/habier\/formacion\/cursos-vigentes\/","title":{"rendered":"Cursos vigentes"},"content":{"rendered":"\n<div class=\"wp-block-image\"><figure class=\"alignright size-large is-resized\"><img loading=\"lazy\" decoding=\"async\" src=\"https:\/\/grupos.us.es\/habier\/wp-content\/uploads\/2021\/02\/Gato-verde.jpg\" alt=\"Cachorro de gato\" class=\"wp-image-281\" width=\"174\" height=\"174\" srcset=\"https:\/\/grupos.us.es\/habier\/wp-content\/uploads\/2021\/02\/Gato-verde.jpg 335w, https:\/\/grupos.us.es\/habier\/wp-content\/uploads\/2021\/02\/Gato-verde-300x300.jpg 300w, https:\/\/grupos.us.es\/habier\/wp-content\/uploads\/2021\/02\/Gato-verde-150x150.jpg 150w\" sizes=\"auto, (max-width: 174px) 100vw, 174px\" \/><\/figure><\/div>\n\n\n\n<p>En la actualidad, puedes encontrar formaci\u00f3n sobre antrozoolog\u00eda, interacci\u00f3n humano-animal  e intervenciones asistidas por animales en los siguientes ep\u00edgrafes:<\/p>\n\n\n<div class=\"wp-block-oik-sb-children\"><ul class=\"wp-block-oik-sb-children\"><li class=\"page_item page-item-96\"><a href=\"https:\/\/grupos.us.es\/habier\/formacion\/cursos-vigentes\/master-en-iaa-uja-unia\/\">M\u00e1ster en IAA (UJA\/UNIA, 2015-)<\/a><\/li>\n<li class=\"page_item page-item-98\"><a href=\"https:\/\/grupos.us.es\/habier\/formacion\/cursos-vigentes\/catedra-u-sao-paulo\/\">Seminario en U. Sao Paulo (Brasil; 2019-)<\/a><\/li>\n<\/ul><\/div>","protected":false},"excerpt":{"rendered":"<p>En la actualidad, puedes encontrar formaci\u00f3n sobre antrozoolog\u00eda, interacci\u00f3n humano-animal e intervenciones asistidas por animales en los siguientes ep\u00edgrafes:<\/p>\n","protected":false},"author":1,"featured_media":0,"parent":10,"menu_order":1,"comment_status":"closed","ping_status":"closed","template":"","meta":{"iawp_total_views":13,"footnotes":""},"categories":[],"tags":[26,24],"class_list":["post-85","page","type-page","status-publish","hentry","tag-formacion-continuada","tag-master"],"_links":{"self":[{"href":"https:\/\/grupos.us.es\/habier\/wp-json\/wp\/v2\/pages\/85","targetHints":{"allow":["GET"]}}],"collection":[{"href":"https:\/\/grupos.us.es\/habier\/wp-json\/wp\/v2\/pages"}],"about":[{"href":"https:\/\/grupos.us.es\/habier\/wp-json\/wp\/v2\/types\/page"}],"author":[{"embeddable":true,"href":"https:\/\/grupos.us.es\/habier\/wp-json\/wp\/v2\/users\/1"}],"replies":[{"embeddable":true,"href":"https:\/\/grupos.us.es\/habier\/wp-json\/wp\/v2\/comments?post=85"}],"version-history":[{"count":2,"href":"https:\/\/grupos.us.es\/habier\/wp-json\/wp\/v2\/pages\/85\/revisions"}],"predecessor-version":[{"id":282,"href":"https:\/\/grupos.us.es\/habier\/wp-json\/wp\/v2\/pages\/85\/revisions\/282"}],"up":[{"embeddable":true,"href":"https:\/\/grupos.us.es\/habier\/wp-json\/wp\/v2\/pages\/10"}],"wp:attachment":[{"href":"https:\/\/grupos.us.es\/habier\/wp-json\/wp\/v2\/media?parent=85"}],"wp:term":[{"taxonomy":"category","embeddable":true,"href":"https:\/\/grupos.us.es\/habier\/wp-json\/wp\/v2\/categories?post=85"},{"taxonomy":"post_tag","embeddable":true,"href":"https:\/\/grupos.us.es\/habier\/wp-json\/wp\/v2\/tags?post=85"}],"curies":[{"name":"wp","href":"https:\/\/api.w.org\/{rel}","templated":true}]}}