{"id":8,"date":"2021-02-06T16:02:01","date_gmt":"2021-02-06T16:02:01","guid":{"rendered":"http:\/\/grupos.us.es\/habier\/?page_id=8"},"modified":"2025-12-18T11:07:46","modified_gmt":"2025-12-18T11:07:46","slug":"inicio","status":"publish","type":"page","link":"https:\/\/grupos.us.es\/habier\/","title":{"rendered":"Presentaci\u00f3n"},"content":{"rendered":"\n<p>Bienvenido, bienvenida, a la web de HABIER.<\/p>\n\n\n<div class=\"wp-block-image\">\n<figure class=\"alignright size-full is-resized\"><img loading=\"lazy\" decoding=\"async\" width=\"944\" height=\"760\" src=\"https:\/\/grupos.us.es\/habier\/wp-content\/uploads\/2023\/06\/HabierNaranja.jpg\" alt=\"\" class=\"wp-image-396\" style=\"width:236px;height:190px\" srcset=\"https:\/\/grupos.us.es\/habier\/wp-content\/uploads\/2023\/06\/HabierNaranja.jpg 944w, https:\/\/grupos.us.es\/habier\/wp-content\/uploads\/2023\/06\/HabierNaranja-300x242.jpg 300w, https:\/\/grupos.us.es\/habier\/wp-content\/uploads\/2023\/06\/HabierNaranja-768x618.jpg 768w\" sizes=\"auto, (max-width: 944px) 100vw, 944px\" \/><\/figure>\n<\/div>\n\n\n<p>HABIER es el acr\u00f3nimo de <strong><span class=\"has-inline-color has-red-color\">Human-Animal Bond in Interventions, Education &amp; Research<\/span><\/strong> (en Espa\u00f1ol: <em><span class=\"has-inline-color has-red-color\">V\u00ednculo Humano-Animal en Intervenciones, Formaci\u00f3n e Investigaci\u00f3n<\/span><\/em>). Bajo el paraguas de estas siglas, se conectan varios proyectos y personas que trabajan por el desarrollo de nuestro conocimiento de la <a href=\"https:\/\/grupos.us.es\/habier\/inicio\/interaccion-humano-animal\/\" data-type=\"page\" data-id=\"26\" target=\"_blank\" rel=\"noreferrer noopener\">interacci\u00f3n humano-animal<\/a> y por la mejora de la vida de los animales humanos y no humanos.<\/p>\n\n\n\n<p>HABIER es un sitio web mantenido por <a href=\"https:\/\/grupos.us.es\/habier\/inicio\/colaboradores\/direccion\/\" data-type=\"page\" data-id=\"210\">Dr. Javier L\u00f3pez-Cepero Borrego<\/a>, profesor e investigador de la Facultad de Psicolog\u00eda de la Universidad de Sevilla (Espa\u00f1a). En sus p\u00e1ginas, la web recopila la experiencia en el \u00e1mbito <a href=\"https:\/\/grupos.us.es\/habier\/formacion\/\" data-type=\"page\" data-id=\"10\" target=\"_blank\" rel=\"noreferrer noopener\">formativo<\/a>, de <a href=\"https:\/\/grupos.us.es\/habier\/investigacion\/\" data-type=\"page\" data-id=\"16\" target=\"_blank\" rel=\"noreferrer noopener\">investigaci\u00f3n<\/a> y de <a href=\"https:\/\/grupos.us.es\/habier\/publicaciones\/\" data-type=\"page\" data-id=\"14\" target=\"_blank\" rel=\"noreferrer noopener\">divulgaci\u00f3n de resultados<\/a>, as\u00ed como en el \u00e1mbito aplicado (<a href=\"https:\/\/grupos.us.es\/habier\/intervenciones\/\" data-type=\"page\" data-id=\"12\" target=\"_blank\" rel=\"noreferrer noopener\">Intervenciones Asistidas por Animales o IAA<\/a>), acumulada a lo largo de m\u00e1s de una d\u00e9cada. La HABIER est\u00e1 constituida como <strong>asociaci\u00f3n de \u00e1mbito cient\u00edfico<\/strong> desde 2020, y cuenta con <strong>registro a nivel nacional<\/strong>.<\/p>\n\n\n<div class=\"wp-block-image\">\n<figure class=\"alignleft size-large is-resized\"><img loading=\"lazy\" decoding=\"async\" width=\"540\" height=\"540\" src=\"https:\/\/grupos.us.es\/habier\/wp-content\/uploads\/2021\/02\/Mac-naranja.jpg\" alt=\"Mac (perro) mira a c\u00e1mara\" class=\"wp-image-295\" style=\"width:150px;height:150px\" srcset=\"https:\/\/grupos.us.es\/habier\/wp-content\/uploads\/2021\/02\/Mac-naranja.jpg 540w, https:\/\/grupos.us.es\/habier\/wp-content\/uploads\/2021\/02\/Mac-naranja-300x300.jpg 300w, https:\/\/grupos.us.es\/habier\/wp-content\/uploads\/2021\/02\/Mac-naranja-150x150.jpg 150w\" sizes=\"auto, (max-width: 540px) 100vw, 540px\" \/><\/figure>\n<\/div>\n\n\n<p>Por supuesto, estas acciones son posibles gracias a la implicaci\u00f3n de otras muchas personas. Por ello, la web destaca las redes profesionales tejidas, dando visibilidad a las \u00abescuelas ocultas\u00bb que han permitido generar iniciativas fruct\u00edferas, aunque no cuenten con un soporte institucional f\u00e1cilmente rastreable. Adem\u00e1s de ofrecer reconocimiento, visibilizar estos grupos de trabajo puede servir para congregar nuevas colaboraciones en el futuro, que es uno de los principales objetivos del sitio.<\/p>\n\n\n\n<p>Te invito a recorrer el sitio, y a conocer un poco m\u00e1s de los <a href=\"https:\/\/grupos.us.es\/habier\/inicio\/objetivos\/\" data-type=\"page\" data-id=\"230\">objetivos<\/a>, <a href=\"https:\/\/grupos.us.es\/habier\/inicio\/interaccion-humano-animal\/\" data-type=\"page\" data-id=\"26\">objeto de estudio<\/a> y <a href=\"https:\/\/grupos.us.es\/habier\/inicio\/colaboradores\/\" data-type=\"page\" data-id=\"202\">personas <\/a>que trabajamos juntas por el reconocimiento de la importancia del v\u00ednculo humano-animal. <\/p>\n\n\n\n<p>Tambi\u00e9n te puede interesar conocer otras dos webs hermanas: la de la <a href=\"https:\/\/intap.es\" target=\"_blank\" rel=\"noreferrer noopener\">Asociaci\u00f3n Nacional de Intervenciones Asistidas por Perros y otros animales (INTAP)<\/a>, que fue la primera pata de esta l\u00ednea de trabajo; y la web de <a href=\"https:\/\/institucionales.us.es\/protectoras\/\" target=\"_blank\" rel=\"noreferrer noopener\">Bienestar en Protectoras de Animales<\/a>, nacida de un proyecto de investigaci\u00f3n (pulsa en los logotipos para acceder).<\/p>\n\n\n\n<p><\/p>\n\n\n\n<div class=\"wp-block-group\"><div class=\"wp-block-group__inner-container is-layout-constrained wp-block-group-is-layout-constrained\">\n<div class=\"wp-block-columns is-layout-flex wp-container-core-columns-is-layout-9d6595d7 wp-block-columns-is-layout-flex\">\n<div class=\"wp-block-column is-layout-flow wp-block-column-is-layout-flow\">\n<figure class=\"wp-block-image size-full is-resized\"><a href=\"https:\/\/intap.es\" target=\"_blank\" rel=\"noreferrer noopener\"><img decoding=\"async\" src=\"https:\/\/grupos.us.es\/habier\/wp-content\/uploads\/2024\/06\/logo-rombo-1.jpg\" alt=\"\" class=\"wp-image-425\" style=\"width:190px;height:auto\"\/><\/a><\/figure>\n<\/div>\n\n\n\n<div class=\"wp-block-column is-vertically-aligned-center is-layout-flow wp-block-column-is-layout-flow\">\n<figure class=\"wp-block-image size-full\"><img decoding=\"async\" src=\"https:\/\/grupos.us.es\/habier\/wp-content\/uploads\/2024\/06\/HabierNegro-2.png\" alt=\"\" class=\"wp-image-426\"\/><\/figure>\n<\/div>\n\n\n\n<div class=\"wp-block-column is-layout-flow wp-block-column-is-layout-flow\">\n<figure class=\"wp-block-image size-full\"><a href=\"https:\/\/institucional.us.es\/protectoras\"><img decoding=\"async\" src=\"https:\/\/grupos.us.es\/habier\/wp-content\/uploads\/2024\/06\/Bienestar-en-protectoras-1.jpg\" alt=\"\" class=\"wp-image-428\"\/><\/a><\/figure>\n<\/div>\n<\/div>\n<\/div><\/div>\n\n\n\n<p class=\"has-text-align-right\">Dr. Javier L\u00f3pez-Cepero Borrego<\/p>\n\n\n\n<p class=\"has-text-align-right\">Dpto. Personalidad, Evaluaci\u00f3n y Tratamiento<\/p>\n\n\n\n<p class=\"has-text-align-right\">Universidad de Sevilla (Espa\u00f1a)<\/p>\n","protected":false},"excerpt":{"rendered":"<p>Bienvenido, bienvenida, a la web de HABIER. HABIER es el acr\u00f3nimo de Human-Animal Bond in Interventions, Education &amp; Research (en Espa\u00f1ol: V\u00ednculo Humano-Animal en Intervenciones, Formaci\u00f3n e Investigaci\u00f3n). Bajo el paraguas de estas siglas, se conectan varios proyectos y personas que trabajan por el desarrollo de nuestro conocimiento de la interacci\u00f3n humano-animal y por la &hellip; <a href=\"https:\/\/grupos.us.es\/habier\/\" class=\"more-link\">Seguir leyendo <span class=\"screen-reader-text\">Presentaci\u00f3n<\/span> <span class=\"meta-nav\">&rarr;<\/span><\/a><\/p>\n","protected":false},"author":1,"featured_media":0,"parent":0,"menu_order":0,"comment_status":"closed","ping_status":"closed","template":"","meta":{"iawp_total_views":198,"footnotes":""},"categories":[],"tags":[],"class_list":["post-8","page","type-page","status-publish","hentry"],"_links":{"self":[{"href":"https:\/\/grupos.us.es\/habier\/wp-json\/wp\/v2\/pages\/8","targetHints":{"allow":["GET"]}}],"collection":[{"href":"https:\/\/grupos.us.es\/habier\/wp-json\/wp\/v2\/pages"}],"about":[{"href":"https:\/\/grupos.us.es\/habier\/wp-json\/wp\/v2\/types\/page"}],"author":[{"embeddable":true,"href":"https:\/\/grupos.us.es\/habier\/wp-json\/wp\/v2\/users\/1"}],"replies":[{"embeddable":true,"href":"https:\/\/grupos.us.es\/habier\/wp-json\/wp\/v2\/comments?post=8"}],"version-history":[{"count":14,"href":"https:\/\/grupos.us.es\/habier\/wp-json\/wp\/v2\/pages\/8\/revisions"}],"predecessor-version":[{"id":2998,"href":"https:\/\/grupos.us.es\/habier\/wp-json\/wp\/v2\/pages\/8\/revisions\/2998"}],"wp:attachment":[{"href":"https:\/\/grupos.us.es\/habier\/wp-json\/wp\/v2\/media?parent=8"}],"wp:term":[{"taxonomy":"category","embeddable":true,"href":"https:\/\/grupos.us.es\/habier\/wp-json\/wp\/v2\/categories?post=8"},{"taxonomy":"post_tag","embeddable":true,"href":"https:\/\/grupos.us.es\/habier\/wp-json\/wp\/v2\/tags?post=8"}],"curies":[{"name":"wp","href":"https:\/\/api.w.org\/{rel}","templated":true}]}}