{"id":77,"date":"2021-02-08T12:48:14","date_gmt":"2021-02-08T12:48:14","guid":{"rendered":"http:\/\/grupos.us.es\/habier\/?page_id=77"},"modified":"2024-06-23T06:52:33","modified_gmt":"2024-06-23T06:52:33","slug":"ambitos-de-aplicacion","status":"publish","type":"page","link":"https:\/\/grupos.us.es\/habier\/intervenciones\/ambitos-de-aplicacion\/","title":{"rendered":"\u00c1mbitos de aplicaci\u00f3n"},"content":{"rendered":"\n<p>Existe una amplia base emp\u00edrica que demuestra la utilidad de programas de IAA en diversos colectivos, si bien es cierto que en este \u00e1mbito se ha dado mayor visibilidad a cuestiones&nbsp;anecd\u00f3ticas que a&nbsp;estudios sistem\u00e1ticos (<a href=\"http:\/\/www.tandfonline.com\/doi\/abs\/10.2752\/175303712X13353430377219#.VbZLpKTtk7s\" target=\"_blank\" rel=\"noreferrer noopener\">Marino, 2012<\/a>*). Esto puede explicarse en base a la separaci\u00f3n que hasta el momento ha existido entre el mundo acad\u00e9mico y profesional en las IAA (<a href=\"http:\/\/www.ijpsy.com\/volumen14\/num1\/376\/animal-assisted-interventions-review-of-EN.pdf\" target=\"_blank\" rel=\"noreferrer noopener\">L\u00f3pez-Cepero et al., 2014<\/a>**).<\/p>\n\n\n\n<p>Incluso as\u00ed, diversos estudios meta-anal\u00edticos han demostrado la conveniencia de estos programas para atender diversas \u00e1reas de necesidad, como son los s\u00edntomas asociados a los trastornos del espectro autista (TEA), la mejor recuperaci\u00f3n de distintos problemas m\u00e9dicos, disminuci\u00f3n de trastornos conductuales y el aumento del bienestar emocional en los receptores de la intervenci\u00f3n (<a href=\"http:\/\/ajcc.aacnjournals.org\/content\/17\/4\/373.short\" target=\"_blank\" rel=\"noreferrer noopener\">Halm, 2008<\/a>;&nbsp;<a href=\"http:\/\/www.tandfonline.com\/doi\/abs\/10.2752\/089279307X224773#.VbZLMaTtk7shttp:\/\/www.tandfonline.com\/doi\/abs\/10.2752\/089279307X224773#.VbZLMaTtk7s\" target=\"_blank\" rel=\"noreferrer noopener\">Nimer y Lundhal, 2007<\/a>).<\/p>\n\n\n\n<div class=\"wp-block-image\"><figure class=\"alignright\"><img decoding=\"async\" src=\"http:\/\/institucional.us.es\/iaaensevilla\/wp-content\/uploads\/2015\/07\/IAA-en-la-calle-300x142.jpg\" alt=\"IAA en la calle\" class=\"wp-image-378\"\/><\/figure><\/div>\n\n\n\n<p>En general, las intervenciones asistidas pueden desarrollarse en la mayor parte de colectivos, siempre que exista un inter\u00e9s por contactar con el animal y que su inclusi\u00f3n no suponga un riesgo para el desarrollo de las intervenciones. De manera orientativa, podemos citar algunos estudios de revisi\u00f3n que focalizan sobre colectivos y \u00e1reas&nbsp;espec\u00edficas en que las IAA representan un recurso en auge.<\/p>\n\n\n\n<ul class=\"wp-block-list\"><li>Intervenciones con personas mayores: tanto en envejecimiento saludable (<a href=\"http:\/\/www.tandfonline.com\/doi\/abs\/10.1300\/J016v27n01_04#.VbZSRqTtk7s\" target=\"_blank\" rel=\"noreferrer noopener\">Steed y Smith, 2002<\/a>) como en procesos demenciales (<a href=\"http:\/\/onlinelibrary.wiley.com\/doi\/10.1111\/j.1741-6612.2008.00317.x\/abstract;jsessionid=24ED7D9F95892752A2FFD1F56601E309.f03t01\" target=\"_blank\" rel=\"noreferrer noopener\">Perkins et al., 2008<\/a>).<\/li><li>Intervenciones educativas: en programas de alfabetizaci\u00f3n (<a href=\"http:\/\/link.springer.com\/article\/10.1007%2Fs10643-009-0349-5\" target=\"_blank\" rel=\"noreferrer noopener\">Friesen, 2010<\/a>) o en el \u00e1mbito de la intervenci\u00f3n comunitaria (<a href=\"http:\/\/naerjournal.ua.es\/article\/view\/v3n2-7\" target=\"_blank\" rel=\"noreferrer noopener\">Senent-S\u00e1nchez, 2014<\/a>).<\/li><li>Neurorrehabilitaci\u00f3n del da\u00f1o cerebral: para ayudar a la recuperaci\u00f3n de accidentes cerebro-vasculares o al trabajo con personas aquejadas de par\u00e1lisis cerebral (<a href=\"http:\/\/www.elsevier.es\/es-revista-neurologia-295-articulo-intervenciones-asistidas-por-animales-neurorrehabilitacion-90378744\" target=\"_blank\" rel=\"noreferrer noopener\">Mu\u00f1oz-Lasa et al., 2015<\/a>)<\/li><li>Recuperaci\u00f3n de enfermedades m\u00e9dicas: mayor bienestar f\u00edsico y emocional en pacientes hospitalizados (<a href=\"http:\/\/ajcc.aacnjournals.org\/content\/17\/4\/373.short\" target=\"_blank\" rel=\"noreferrer noopener\">Halm, 2008<\/a>)<\/li><\/ul>\n\n\n\n<p>Esta lista dista mucho de ser exhaustiva. Si tienes inter\u00e9s en saber m\u00e1s sobre las aplicaciones de las IAA en otros colectivos o \u00e1reas espec\u00edficas, no dudes en&nbsp;<a href=\"http:\/\/institucional.us.es\/iaaensevilla\/contacto-2\/\" target=\"_blank\" rel=\"noreferrer noopener\">contactar con nosotros<\/a>.<\/p>\n\n\n\n<p>Notas:<\/p>\n\n\n\n<p><em>Es posible que varias de las referencias citadas exijan disponer de un usuario registrado. Estos usuarios suelen estar disponibles a trav\u00e9s de entidades tales que las Universidades. Los fondos digitales de la US cuentan con un amplio cat\u00e1logo digital, que contiene una ingente cantidad de referencias relevantes para las IAA.<\/em><\/p>\n\n\n\n<p><em>*Para ver una rese\u00f1a del texto en espa\u00f1ol,&nbsp;<a href=\"http:\/\/intap.es\/que-beneficios-diferenciales-ha-demostrado-la-inclusion-de-animales-en-las-intervenciones-un-comentario-de-marino-2012\/\" target=\"_blank\" rel=\"noreferrer noopener\">pulsa aqu\u00ed<\/a>.<\/em><\/p>\n\n\n\n<p><em>**Para ver una rese\u00f1a del texto en espa\u00f1ol,&nbsp;<a href=\"http:\/\/intap.es\/el-estado-actual-de-las-intervenciones-asistidas-en-la-literatura-cientifico-tecnica-comentario-de-la-revision-de-lopez-cepero-et-al-2014\/\" target=\"_blank\" rel=\"noreferrer noopener\">pulsa aqu\u00ed<\/a>.<\/em><\/p>\n","protected":false},"excerpt":{"rendered":"<p>Existe una amplia base emp\u00edrica que demuestra la utilidad de programas de IAA en diversos colectivos, si bien es cierto que en este \u00e1mbito se ha dado mayor visibilidad a cuestiones&nbsp;anecd\u00f3ticas que a&nbsp;estudios sistem\u00e1ticos (Marino, 2012*). Esto puede explicarse en base a la separaci\u00f3n que hasta el momento ha existido entre el mundo acad\u00e9mico y &hellip; <a href=\"https:\/\/grupos.us.es\/habier\/intervenciones\/ambitos-de-aplicacion\/\" class=\"more-link\">Seguir leyendo <span class=\"screen-reader-text\">\u00c1mbitos de aplicaci\u00f3n<\/span> <span class=\"meta-nav\">&rarr;<\/span><\/a><\/p>\n","protected":false},"author":1,"featured_media":0,"parent":12,"menu_order":4,"comment_status":"closed","ping_status":"closed","template":"","meta":{"iawp_total_views":4,"footnotes":""},"categories":[],"tags":[27,19,30],"class_list":["post-77","page","type-page","status-publish","hentry","tag-asociacion-intap","tag-iaa","tag-terapia-asistida-taa"],"_links":{"self":[{"href":"https:\/\/grupos.us.es\/habier\/wp-json\/wp\/v2\/pages\/77","targetHints":{"allow":["GET"]}}],"collection":[{"href":"https:\/\/grupos.us.es\/habier\/wp-json\/wp\/v2\/pages"}],"about":[{"href":"https:\/\/grupos.us.es\/habier\/wp-json\/wp\/v2\/types\/page"}],"author":[{"embeddable":true,"href":"https:\/\/grupos.us.es\/habier\/wp-json\/wp\/v2\/users\/1"}],"replies":[{"embeddable":true,"href":"https:\/\/grupos.us.es\/habier\/wp-json\/wp\/v2\/comments?post=77"}],"version-history":[{"count":1,"href":"https:\/\/grupos.us.es\/habier\/wp-json\/wp\/v2\/pages\/77\/revisions"}],"predecessor-version":[{"id":78,"href":"https:\/\/grupos.us.es\/habier\/wp-json\/wp\/v2\/pages\/77\/revisions\/78"}],"up":[{"embeddable":true,"href":"https:\/\/grupos.us.es\/habier\/wp-json\/wp\/v2\/pages\/12"}],"wp:attachment":[{"href":"https:\/\/grupos.us.es\/habier\/wp-json\/wp\/v2\/media?parent=77"}],"wp:term":[{"taxonomy":"category","embeddable":true,"href":"https:\/\/grupos.us.es\/habier\/wp-json\/wp\/v2\/categories?post=77"},{"taxonomy":"post_tag","embeddable":true,"href":"https:\/\/grupos.us.es\/habier\/wp-json\/wp\/v2\/tags?post=77"}],"curies":[{"name":"wp","href":"https:\/\/api.w.org\/{rel}","templated":true}]}}