{"id":75,"date":"2021-02-08T12:45:27","date_gmt":"2021-02-08T12:45:27","guid":{"rendered":"http:\/\/grupos.us.es\/habier\/?page_id=75"},"modified":"2024-06-23T06:52:12","modified_gmt":"2024-06-23T06:52:12","slug":"definiciones-iaa","status":"publish","type":"page","link":"https:\/\/grupos.us.es\/habier\/intervenciones\/definiciones-iaa\/","title":{"rendered":"Definiciones IAA"},"content":{"rendered":"\n<p>La definici\u00f3n de qu\u00e9 son (y qu\u00e9 no son) intervenciones asistidas por animales es inconsistente en la literatura, especialmente si se comparan publicaciones dirigidas a un p\u00fablico acad\u00e9mico frente al p\u00fablico interesado en las aplicaciones de las IAA. Por ello, ofrecer una definici\u00f3n operativa y una propuesta de t\u00e9rminos (o etiquetas) se hace necesario, a fin de evitar confusiones entre los lectores.<\/p>\n\n\n\n<h3 class=\"wp-block-heading\">Elecci\u00f3n de t\u00e9rminos<\/h3>\n\n\n\n<p>Las intervenciones asistidas por animales se reconocen por un elemento clave: la presencia del animal. Sin embargo, dicha presencia poco nos dice sobre los objetivos marcados y los medios propuestos para lograrlos.<\/p>\n\n\n\n<p>Existe una tendencia muy marcada, incluso entre los acad\u00e9micos, a usar el t\u00e9rmino \u00abterapia asistida\u00bb por defecto, incluso cuando la intervenci\u00f3n no persigue objetivos terap\u00e9uticos (bien sean en \u00e1mbitos f\u00edsicos, psicol\u00f3gicos u otros). Esto alimenta las confusiones, dificultando el afianzamiento de las IAA.<\/p>\n\n\n\n<p>De manera esquem\u00e1tica, para reconocer el t\u00e9rmino adecuado se recomienda pensar en la intervenci\u00f3n obviando al animal no humano. Si el trabajo desarrollado encuadra con una psicoterapia, entonces nos encontramos ante una psicoterapia asistida por animales; si el trabajo se reconoce como educaci\u00f3n formal, entonces nos encontraremos ante educaci\u00f3n asistida por animales&#8230; y as\u00ed en lo sucesivo.<img loading=\"lazy\" decoding=\"async\" src=\"http:\/\/institucional.us.es\/iaaensevilla\/wp-content\/uploads\/2015\/07\/Caracter-complementario-de-las-IAA-intap-2013.jpg\" alt=\"Caracter complementario de las IAA (intap, 2013)\" width=\"600\" height=\"313\">Algunos ejemplos de etiquetas posibles en el \u00e1mbito de las IAA<\/p>\n\n\n\n<p>Por otra parte, se propone el uso del t\u00e9rmino gen\u00e9rico \u00abanimales\u00bb&nbsp;en lugar de la especie concreta implicada, salvo que exista una raz\u00f3n objetiva (y a ser posible, evidencias emp\u00edricas) que determinen que los resultados esperados s\u00f3lo pueden obtenerse a trav\u00e9s de la inclusi\u00f3n de dicha especie.<\/p>\n\n\n\n<p>Por ejemplo, cuando el caballo realiza una funci\u00f3n que le es espec\u00edfica, como ayudar a la rehabilitaci\u00f3n f\u00edsica mediante ejercicios que implican montar, entonces es adecuado referirse a la intervenci\u00f3n como&nbsp;<em>fisioterapia asistida por caballos<\/em>&nbsp;(o&nbsp;<em>hipoterapia<\/em>, que es el t\u00e9rmino espec\u00edfico); pero si el papel del caballo se relaciona con el v\u00ednculo, y ese v\u00ednculo no se delimita como cualitativamente diferente al que puede establecerse con otras especies, parece m\u00e1s l\u00f3gico hacer referencia al gen\u00e9rico&nbsp;<em>animales<\/em>. Siguiendo esta norma se evita la excesiva fragmentaci\u00f3n del conocimiento, colocando juntas las experiencias que pueden equipararse (aunque sea parcialmente).<\/p>\n\n\n\n<h3 class=\"wp-block-heading\">Definici\u00f3n de Intervenciones Asistidas por Animales<\/h3>\n\n\n\n<p>Aunque existen diversas definiciones de uso frecuente en la literatura, varias de ellas incurren en ciertas deficiencias que hacen parecer que las IAA conforman un campo de estudio separado de otras disciplinas. Esta visi\u00f3n retrasa el desarrollo de estas intervenciones, adem\u00e1s de despertar el recelo de profesionales y acad\u00e9micos. <\/p>\n\n\n\n<p>A continuaci\u00f3n, se ofrece una definici\u00f3n que busca solventar los problemas de estas definiciones:<\/p>\n\n\n\n<div class=\"wp-block-columns is-layout-flex wp-container-core-columns-is-layout-9d6595d7 wp-block-columns-is-layout-flex\">\n<div class=\"wp-block-column is-layout-flow wp-block-column-is-layout-flow\">\n<p>En espa\u00f1ol:<\/p>\n\n\n\n<p>\u00ab<em>Las intervenciones asistidas por animales ofrecen una etiqueta gen\u00e9rica para reunir cualquier intervenci\u00f3n programada (dise\u00f1ada y evaluada) que aproveche las bondades de la interacci\u00f3n humano-animal como elemento potenciador o facilitador, dentro de un contexto sociocultural antrozool\u00f3gico determinado.<\/em> <\/p>\n\n\n\n<p><em>Las IAA no conforman una modalidad de intervenci\u00f3n propia, sino que se identifican por incluir animales como apoyo a cualquier labor profesional preexistente, como el ejercicio de la psicoterapia, fisioterapia, la educaci\u00f3n o incluso la animaci\u00f3n sociocultural; por lo tanto, los profesionales implicados deben cumplir con los requisitos legales y formativos necesarios para realizar estas tareas. El dise\u00f1o de la intervenci\u00f3n valorar\u00e1 en todos los casos la pertinencia, eficiencia e implicaciones \u00e9ticas de la inclusi\u00f3n del animal.<\/em><\/p>\n\n\n\n<p><em>El adiestramiento y certificaci\u00f3n de los animales depender\u00e1n de las tareas encomendadas, pero estos actuar\u00e1n siempre bajo supervisi\u00f3n de personal cualificado para garantizar su bienestar y la seguridad de todos los participantes.<\/em>\u00ab<\/p>\n\n\n\n<p class=\"has-text-align-right\">[<a href=\"https:\/\/grupos.us.es\/habier\/publicaciones\/manual-ed-piramide\/\" data-type=\"page\" data-id=\"18\" target=\"_blank\" rel=\"noreferrer noopener\">L\u00f3pez-Cepero, 2019, pp. 41-42<\/a>]<\/p>\n<\/div>\n\n\n\n<div class=\"wp-block-column is-layout-flow wp-block-column-is-layout-flow\">\n<p>En ingl\u00e9s:<\/p>\n\n\n\n<p><em>\u201cAnimal-assisted interventions offer a generic label to bring together any programmed intervention (designed and evaluated) that takes advantage of the benefits of human\u2013animal interaction as an enhancing or facilitating element. <\/em><\/p>\n\n\n\n<p><em>AAIs do not in themselves constitute a profession or discipline, but rather they are identified by including animals as support for any pre-existing professional role, such as performing psychotherapy, physiotherapy, education or even sociocultural animation; therefore, the professionals involved must comply with the legal and qualification requirements needed to perform these tasks. In all cases, the design of the intervention will assess the relevance, efficiency and ethical implications of including animals within the given anthrozoological and sociocultural context. <\/em><\/p>\n\n\n\n<p><em>The training and certification of the animals will depend on the tasks they are entrusted with, but they will always act under the supervision of qualified personnel to guarantee their well-being and the safety of all participants.\u201d<\/em><\/p>\n\n\n\n<p class=\"has-text-align-right\">[<a href=\"https:\/\/www.mdpi.com\/2076-2615\/10\/6\/985\/htm\" target=\"_blank\" rel=\"noreferrer noopener\">L\u00f3pez-Cepero, 2020<\/a>]<\/p>\n<\/div>\n<\/div>\n\n\n\n<h3 class=\"wp-block-heading\">En resumen&#8230;<\/h3>\n\n\n\n<p>&#8230; las IAA se caracterizan por la introducci\u00f3n de un animal como potenciador de una intervenci\u00f3n, no porque sustituya una capacidad inexistente, da\u00f1ada o inferior en la parte humana, sino porque nos ayuda a conseguir un cambio m\u00e1s profundo y duradero, complementando los recursos t\u00e9cnicos aportados por diversas profesiones regladas.<\/p>\n","protected":false},"excerpt":{"rendered":"<p>La definici\u00f3n de qu\u00e9 son (y qu\u00e9 no son) intervenciones asistidas por animales es inconsistente en la literatura, especialmente si se comparan publicaciones dirigidas a un p\u00fablico acad\u00e9mico frente al p\u00fablico interesado en las aplicaciones de las IAA. Por ello, ofrecer una definici\u00f3n operativa y una propuesta de t\u00e9rminos (o etiquetas) se hace necesario, a &hellip; <a href=\"https:\/\/grupos.us.es\/habier\/intervenciones\/definiciones-iaa\/\" class=\"more-link\">Seguir leyendo <span class=\"screen-reader-text\">Definiciones IAA<\/span> <span class=\"meta-nav\">&rarr;<\/span><\/a><\/p>\n","protected":false},"author":1,"featured_media":0,"parent":12,"menu_order":3,"comment_status":"closed","ping_status":"closed","template":"","meta":{"iawp_total_views":14,"footnotes":""},"categories":[],"tags":[27,19,30],"class_list":["post-75","page","type-page","status-publish","hentry","tag-asociacion-intap","tag-iaa","tag-terapia-asistida-taa"],"_links":{"self":[{"href":"https:\/\/grupos.us.es\/habier\/wp-json\/wp\/v2\/pages\/75","targetHints":{"allow":["GET"]}}],"collection":[{"href":"https:\/\/grupos.us.es\/habier\/wp-json\/wp\/v2\/pages"}],"about":[{"href":"https:\/\/grupos.us.es\/habier\/wp-json\/wp\/v2\/types\/page"}],"author":[{"embeddable":true,"href":"https:\/\/grupos.us.es\/habier\/wp-json\/wp\/v2\/users\/1"}],"replies":[{"embeddable":true,"href":"https:\/\/grupos.us.es\/habier\/wp-json\/wp\/v2\/comments?post=75"}],"version-history":[{"count":2,"href":"https:\/\/grupos.us.es\/habier\/wp-json\/wp\/v2\/pages\/75\/revisions"}],"predecessor-version":[{"id":177,"href":"https:\/\/grupos.us.es\/habier\/wp-json\/wp\/v2\/pages\/75\/revisions\/177"}],"up":[{"embeddable":true,"href":"https:\/\/grupos.us.es\/habier\/wp-json\/wp\/v2\/pages\/12"}],"wp:attachment":[{"href":"https:\/\/grupos.us.es\/habier\/wp-json\/wp\/v2\/media?parent=75"}],"wp:term":[{"taxonomy":"category","embeddable":true,"href":"https:\/\/grupos.us.es\/habier\/wp-json\/wp\/v2\/categories?post=75"},{"taxonomy":"post_tag","embeddable":true,"href":"https:\/\/grupos.us.es\/habier\/wp-json\/wp\/v2\/tags?post=75"}],"curies":[{"name":"wp","href":"https:\/\/api.w.org\/{rel}","templated":true}]}}