{"id":356,"date":"2022-06-24T09:34:25","date_gmt":"2022-06-24T09:34:25","guid":{"rendered":"https:\/\/grupos.us.es\/habier\/?page_id=356"},"modified":"2022-06-24T09:34:25","modified_gmt":"2022-06-24T09:34:25","slug":"informacion-del-estudio-2-fase-cualitativa","status":"publish","type":"page","link":"https:\/\/grupos.us.es\/habier\/investigacion\/proteccion-y-cuidado-animal\/informacion-del-estudio-2-fase-cualitativa\/","title":{"rendered":"Informaci\u00f3n del estudio (2, fase cualitativa)"},"content":{"rendered":"\n<p>A partir de septiembre de 2022 arranca la segunda fase del estudio. En este caso, se reunir\u00e1n peque\u00f1os grupos de participantes (de 4 a 6 por vez) a trav\u00e9s de videoconferencia para preguntar por dos cuestiones:<\/p>\n\n\n\n<ul class=\"wp-block-list\"><li><strong>Conocer su experiencia en las protectoras:<\/strong> No importa c\u00f3mo de detallada sea una bater\u00eda de cuestionarios, siempre queda mucho por decir. Por eso, plantearemos algunas preguntas para escuchar la respuesta libre que quer\u00e1is aportarnos.<\/li><li><strong>Conocer vuestra opini\u00f3n sobre los <a href=\"https:\/\/grupos.us.es\/habier\/investigacion\/proteccion-y-cuidado-animal\/informacion-del-estudio-1-fase-cuantitativa\/\" data-type=\"page\" data-id=\"351\" target=\"_blank\" rel=\"noreferrer noopener\">resultados de la fase 1<\/a>: <\/strong>porque la ciencia no puede hacerse de espaldas a las personas interesadas, queremos poner en com\u00fan los resultados y conocer las opiniones de personas que est\u00e1n dentro del colectivo. <\/li><\/ul>\n\n\n\n<p>Esta fase volver\u00e1 a estar abierta a personas que colaboran en el presente y a personas que lo hicieron en el pasado pero que ya no lo hacen. Con ello, pretendemos escuchar voces a lo largo de toda la trayectoria, desde el inicio hasta el fin de las colaboraciones.<\/p>\n\n\n\n<blockquote class=\"wp-block-quote has-light-orange-color has-text-color is-layout-flow wp-block-quote-is-layout-flow\"><p>Esta fase de estudio est\u00e1 cerrada (junio de 2022). Cuando se abra, se publicitar\u00e1 en todos los medios de comunicaci\u00f3n utilizados por el proyecto (correos electr\u00f3nicos, esta web, redes sociales, etc.)<\/p><\/blockquote>\n\n\n\n<p>Pegamos aqu\u00ed las instrucciones que recibir\u00e1n las personas interesadas en participar.<\/p>\n\n\n\n<p><\/p>\n\n\n\n<p class=\"has-text-color\" style=\"color:#009f22\">Bienestar psicosocial del personal de entidades protectoras de animales: evaluaci\u00f3n de riesgos y recursos para su protecci\u00f3n<\/p>\n\n\n\n<p>Por favor, lea esta informaci\u00f3n antes de completar el formulario. El tiempo estimado para completar la lectura y el formulario oscila entre 5-10 minutos.<\/p>\n\n\n\n<p><strong>OBJETIVO<\/strong>: Un grupo de investigadores de la Universidad de Sevilla y la Universidad de Ja\u00e9n est\u00e1 reclutando personas voluntarias para participar en una investigaci\u00f3n sobre la experiencia del personal voluntario y profesional de las entidades protectoras de animales. Aunque son muchas las organizaciones dedicadas a rescatar, cuidar y realojar a perros, gatos y otros animales, en la actualidad se sabe muy poco sobre los retos a los que se enfrentar y los recursos con los que cuentan. La presente investigaci\u00f3n busca dar un primer paso hacia un mayor conocimiento del d\u00eda a d\u00eda de las protectoras en Andaluc\u00eda, Ceuta y Melilla.<\/p>\n\n\n\n<p><strong>PARTICIPANTES<\/strong>: Pueden participar personas mayores de edad (+18 a\u00f1os) que hayan participado como voluntarias y\/o asalariadas en entidades protectoras de animales de cualquier punto de Andaluc\u00eda, Ceuta o Melilla. Pueden participar personas en activo, pero tambi\u00e9n aquellas que hayan colaborado en el pasado.<\/p>\n\n\n\n<p><strong>QU\u00c9 PEDIMOS<\/strong>: Voluntarios que acepten participar en peque\u00f1os grupos de discusi\u00f3n de 5-6 personas para hablar de su experiencia. No se grabar\u00e1 imagen, s\u00f3lo voz.<\/p>\n\n\n\n<p><strong>FORMATO<\/strong>: Estos encuentros se realizar\u00e1n online mediante videoconferencia y durar\u00e1n entre 60 y 90 minutos. Ser\u00e1 necesario disponer de medios inform\u00e1ticos (ordenador, tablet o tel\u00e9fono con conexi\u00f3n a internet) y tiempo para realizar la tarea de manera individual (en una sala tranquila).<\/p>\n\n\n\n<p><strong>ANONIMATO<\/strong>: Dado que los grupos ser\u00e1n grabados, los participantes podr\u00e1n elegir usar un pseud\u00f3nimo. S\u00f3lo la voz, sin imagen, ser\u00e1 grabada. En el formulario se solicitar\u00e1 un correo electr\u00f3nico de contacto, siendo recomendable usar una direcci\u00f3n creada a tal efecto o que no contenga datos que permitan identificar al participante. En todo caso, el equipo se compromete a guardar confidencialidad sobre toda la informaci\u00f3n (escrita o grabada) recabada, usando equipos y archivos protegidos.<\/p>\n\n\n\n<p><strong>INCENTIVO<\/strong>: Adem\u00e1s de ayudar a documentar los retos y recursos del d\u00eda a d\u00eda de la protecci\u00f3n animal, los participantes podr\u00e1n elegir si quieren recibir informaci\u00f3n sobre los resultados obtenidos a trav\u00e9s del correo que proporcionen. Tambi\u00e9n estar\u00e1 disponible a trav\u00e9s de la web <a href=\"https:\/\/grupos.us.es\/habier\">https:\/\/grupos.us.es\/habier<\/a><\/p>\n\n\n\n<p><strong>DATOS DE CONTACTO<\/strong>: El responsable de la investigaci\u00f3n (Dr. Javier L\u00f3pez-Cepero, U. Sevilla) puede ser localizado en <a href=\"mailto:habier@us.es\">habier@us.es<\/a>, en caso de ser necesaria cualquier informaci\u00f3n adicional, o acceder, rectificar o anular los datos enviados.<\/p>\n\n\n\n<p>Si tiene alguna duda sobre la informaci\u00f3n aqu\u00ed expuesta, puede contactar con el responsable del estudio (Dr. Javier L\u00f3pez-Cepero Borrego) en <a href=\"mailto:habier@us.es\">habier@us.es<\/a> antes de proceder a participar. Si ha entendido la informaci\u00f3n, puede pasar a la siguiente pantalla, donde se solicitar\u00e1 su consentimiento para participar en el estudio.<\/p>\n\n\n\n<p><\/p>\n\n\n\n<p><strong>CONSENTIMIENTO INFORMADO<\/strong><\/p>\n\n\n\n<p>Bienestar psicosocial del personal de entidades protectoras de animales: evaluaci\u00f3n de riesgos y recursos para su protecci\u00f3n<\/p>\n\n\n\n<p>En esta pantalla vamos a solicitar su consentimiento para participar en el estudio, cuyo responsable es Dr. Javier L\u00f3pez-Cepero Borrego, de la Universidad de Sevilla (Espa\u00f1a). Dicho consentimiento ser\u00e1 almacenado junto con el resto de sus respuestas, constando la fecha en que se prest\u00f3.<\/p>\n\n\n\n<p>Para proceder a iniciar su participaci\u00f3n, debemos asegurarnos de que:<\/p>\n\n\n\n<ol class=\"wp-block-list\" type=\"1\"><li>La informaci\u00f3n se ha entendido correctamente y no quedan dudas por resolver<\/li><li>Ud. Acepta participar aportando informaci\u00f3n sobre su experiencia en entidades protectoras de animales, que servir\u00e1 para aprender sobre el funcionamiento de la protecci\u00f3n animal en Andaluc\u00eda, Ceuta y Melilla.<\/li><li>Puede encontrar una copia de la informaci\u00f3n proporcionada en la pantalla anterior en la web <a href=\"https:\/\/grupos.us.es\/habier\">https:\/\/grupos.us.es\/habier<\/a><\/li><li>Sus datos ser\u00e1n confidenciales, s\u00f3lo ser\u00e1n usados para cubrir los objetivos del estudio y no ser\u00e1n cedidos a otros investigadores sin su consentimiento expreso.<\/li><li>Ud. Entiende que su participaci\u00f3n es voluntaria y que puede retirarse del estudio en cualquier momento, sin necesidad de justificar en modo alguno sus motivos para hacerlo. El abandono del proyecto, ahora o en el futuro, no tendr\u00e1 ninguna repercusi\u00f3n negativa.<\/li><li>Ud. Puede retirar su consentimiento en cualquier momento, comunic\u00e1ndose con el responsable del estudio a trav\u00e9s de la direcci\u00f3n <a href=\"mailto:habier@us.es\">habier@us.es<\/a><\/li><\/ol>\n\n\n\n<p>Conocidos estos puntos, expresa:<\/p>\n\n\n\n<p><\/p>\n\n\n\n<p>1. Soy mayor de edad, he le\u00eddo y entendido las instrucciones y doy mi consentimiento para participar en el estudio.<\/p>\n\n\n\n<p>S\u00ed<\/p>\n\n\n\n<p>No<\/p>\n","protected":false},"excerpt":{"rendered":"<p>A partir de septiembre de 2022 arranca la segunda fase del estudio. En este caso, se reunir\u00e1n peque\u00f1os grupos de participantes (de 4 a 6 por vez) a trav\u00e9s de videoconferencia para preguntar por dos cuestiones: Conocer su experiencia en las protectoras: No importa c\u00f3mo de detallada sea una bater\u00eda de cuestionarios, siempre queda mucho &hellip; <a href=\"https:\/\/grupos.us.es\/habier\/investigacion\/proteccion-y-cuidado-animal\/informacion-del-estudio-2-fase-cualitativa\/\" class=\"more-link\">Seguir leyendo <span class=\"screen-reader-text\">Informaci\u00f3n del estudio (2, fase cualitativa)<\/span> <span class=\"meta-nav\">&rarr;<\/span><\/a><\/p>\n","protected":false},"author":1,"featured_media":0,"parent":253,"menu_order":2,"comment_status":"closed","ping_status":"closed","template":"","meta":{"iawp_total_views":0,"footnotes":""},"categories":[],"tags":[],"class_list":["post-356","page","type-page","status-publish","hentry"],"_links":{"self":[{"href":"https:\/\/grupos.us.es\/habier\/wp-json\/wp\/v2\/pages\/356","targetHints":{"allow":["GET"]}}],"collection":[{"href":"https:\/\/grupos.us.es\/habier\/wp-json\/wp\/v2\/pages"}],"about":[{"href":"https:\/\/grupos.us.es\/habier\/wp-json\/wp\/v2\/types\/page"}],"author":[{"embeddable":true,"href":"https:\/\/grupos.us.es\/habier\/wp-json\/wp\/v2\/users\/1"}],"replies":[{"embeddable":true,"href":"https:\/\/grupos.us.es\/habier\/wp-json\/wp\/v2\/comments?post=356"}],"version-history":[{"count":1,"href":"https:\/\/grupos.us.es\/habier\/wp-json\/wp\/v2\/pages\/356\/revisions"}],"predecessor-version":[{"id":357,"href":"https:\/\/grupos.us.es\/habier\/wp-json\/wp\/v2\/pages\/356\/revisions\/357"}],"up":[{"embeddable":true,"href":"https:\/\/grupos.us.es\/habier\/wp-json\/wp\/v2\/pages\/253"}],"wp:attachment":[{"href":"https:\/\/grupos.us.es\/habier\/wp-json\/wp\/v2\/media?parent=356"}],"wp:term":[{"taxonomy":"category","embeddable":true,"href":"https:\/\/grupos.us.es\/habier\/wp-json\/wp\/v2\/categories?post=356"},{"taxonomy":"post_tag","embeddable":true,"href":"https:\/\/grupos.us.es\/habier\/wp-json\/wp\/v2\/tags?post=356"}],"curies":[{"name":"wp","href":"https:\/\/api.w.org\/{rel}","templated":true}]}}