{"id":351,"date":"2022-06-24T08:42:49","date_gmt":"2022-06-24T08:42:49","guid":{"rendered":"https:\/\/grupos.us.es\/habier\/?page_id=351"},"modified":"2022-06-24T08:48:34","modified_gmt":"2022-06-24T08:48:34","slug":"informacion-del-estudio-1-fase-cuantitativa","status":"publish","type":"page","link":"https:\/\/grupos.us.es\/habier\/investigacion\/proteccion-y-cuidado-animal\/informacion-del-estudio-1-fase-cuantitativa\/","title":{"rendered":"Informaci\u00f3n del estudio (1, fase cuantitativa)"},"content":{"rendered":"\n<p>A continuaci\u00f3n se reproduce la informaci\u00f3n que se proporciona a los participantes de la primera fase del estudio. De este modo, las personas participantes podr\u00e1n encontrar las condiciones del estudio para consultarlas m\u00e1s adelante, en caso de querer hacerlo. Es un ejercicio de transparencia.<\/p>\n\n\n\n<p>En esta fase intentaremos llegar a tantas personas como sea posible para reunir el m\u00e1ximo de experiencias. Tener esta informaci\u00f3n nos ayudar\u00e1 a valorar qu\u00e9 recursos podemos movilizar o crear para apoyar la labor de las protectoras andaluzas.<\/p>\n\n\n\n<blockquote class=\"wp-block-quote is-layout-flow wp-block-quote-is-layout-flow\"><p><mark style=\"background-color:rgba(0, 0, 0, 0)\" class=\"has-inline-color has-medium-orange-color\">\u00bfTienes experiencia en protectoras de animales, vives en Andaluc\u00eda, Ceuta o Melilla y quieres participar? Visita <\/mark><a href=\"https:\/\/es.surveymonkey.com\/r\/protectoras \"><mark style=\"background-color:rgba(0, 0, 0, 0)\" class=\"has-inline-color has-medium-orange-color\"><strong>https:\/\/es.surveymonkey.com\/r\/protectoras<\/strong><\/mark> <\/a><\/p><\/blockquote>\n\n\n\n<h2 class=\"wp-block-heading\">Instrucciones<\/h2>\n\n\n\n<p>Por favor, lea esta informaci\u00f3n antes de completar el formulario. El tiempo estimado para completar la lectura y el formulario oscila entre<strong>&nbsp;20-30 minutos<\/strong>.<br><br><strong>OBJETIVO:<\/strong>&nbsp;Un grupo de investigadores de la Universidad de Sevilla y la Universidad de Ja\u00e9n est\u00e1 reclutando personas voluntarias para participar en una investigaci\u00f3n sobre la experiencia del personal voluntario y profesional de las entidades protectoras de animales. Aunque son muchas las organizaciones dedicadas a rescatar, cuidar y realojar a perros, gatos y otros animales, en la actualidad se sabe muy poco sobre los retos a los que se enfrentar y los recursos con los que cuentan. La presente investigaci\u00f3n busca dar pasos hacia un mayor conocimiento del d\u00eda a d\u00eda de las protectoras en Andaluc\u00eda, Ceuta y Melilla.<br><br><strong>PARTICIPANTES:<\/strong>&nbsp;Pueden participar personas mayores de edad (+18 a\u00f1os) que hayan participado como voluntarias y\/o asalariadas en entidades protectoras de animales de cualquier punto de Andaluc\u00eda, Ceuta y Melilla. Pueden participar personas en activo, pero tambi\u00e9n aquellas que hayan colaborado en el pasado.<br><br><strong>QU\u00c9 PEDIMOS:<\/strong>&nbsp;Voluntarios que acepten completar una bater\u00eda de cuestionarios sobre su experiencia con entidades protectoras de animales. Estos cuestionarios no pedir\u00e1n informaci\u00f3n personal que permita identificar a ninguna persona en particular (el estudio cuenta con el dictamen favorable del Comit\u00e9 de \u00c9tica en la Investigaci\u00f3n de la Universidad de Sevilla, cod. 0854-N-22).<br><br><strong>CONFIDENCIALIDAD:<\/strong>&nbsp;El estudio no solicita ninguna informaci\u00f3n personal que permita identificar a los participantes. La informaci\u00f3n recabada ser\u00e1 custodiada en equipos protegidos por clave cifrada por el responsable de la investigaci\u00f3n. Los datos obtenidos ser\u00e1n analizados en grandes conjuntos, garantizando as\u00ed el total anonimato de los participantes.<br><br><strong>INCENTIVO:<\/strong>&nbsp;Adem\u00e1s de ayudar a documentar los retos y recursos del d\u00eda a d\u00eda de la protecci\u00f3n animal, los participantes podr\u00e1n recibir informaci\u00f3n sobre los resultados obtenidos a trav\u00e9s de una direcci\u00f3n web, que ser\u00e1 anunciada en la p\u00e1gina del laboratorio de estudios del v\u00ednculo humano animal de la Universidad de Sevilla (https:\/\/grupos.us.es\/habier).<br><br><strong>DATOS DE CONTACTO:<\/strong>&nbsp;El responsable de la investigaci\u00f3n (Dr. Javier L\u00f3pez-Cepero, U. Sevilla) puede ser localizado en habier@us.es, en caso de ser necesaria cualquier informaci\u00f3n adicional, o acceder, rectificar o anular los datos enviados.<br><br>Si tiene alguna duda sobre la informaci\u00f3n aqu\u00ed expuesta, puede contactar con el responsable del estudio (Dr. Javier L\u00f3pez-Cepero Borrego) en habier@us.es antes de proceder a participar. Si ha entendido la informaci\u00f3n, abajo encontrar\u00e1 el formulario para aceptar participar en el estudio (puede resultar un poco reiterativo, pero es importante que la informaci\u00f3n quede lo m\u00e1s clara posible).<br><br>Muchas gracias por participar.<br><br>El equipo de investigaci\u00f3n.<\/p>\n\n\n\n<h3 class=\"wp-block-heading\"><\/h3>\n\n\n\n<p>*\u00a0<strong>CONSENTIMIENTO:<\/strong>\u00a0A continuaci\u00f3n vamos a solicitar su consentimiento para participar en el estudio, cuyo responsable es Dr. Javier L\u00f3pez-Cepero Borrego, de la Universidad de Sevilla (Espa\u00f1a). Dicho consentimiento ser\u00e1 almacenado junto con el resto de sus respuestas, constando la fecha en que se prest\u00f3.<br><br>Para proceder a iniciar su participaci\u00f3n, debemos asegurarnos de que:<br><br>1) La informaci\u00f3n se ha entendido correctamente y no quedan dudas por resolver.<br><br>2) Ud. acepta participar aportando informaci\u00f3n sobre su experiencia en entidades protectoras de animales, que servir\u00e1 para aprender sobre el funcionamiento de la protecci\u00f3n animal en Andaluc\u00eda, Ceuta y Melilla.<br><br>3) Sepa que puede encontrar una copia de esta misma informaci\u00f3n en la web https:\/\/grupos.us.es\/habier<br><br>4) Sus datos ser\u00e1n confidenciales, s\u00f3lo ser\u00e1n usados para cubrir los objetivos del estudio y no ser\u00e1n cedidos a otros investigadores sin su consentimiento expreso.<br><br>5) Ud. entiende que su participaci\u00f3n es voluntaria y que puede retirarse del estudio en cualquier momento, sin necesidad de justificar en modo alguno sus motivos para hacerlo. El abandono del proyecto, ahora o en el futuro, no tendr\u00e1 ninguna repercusi\u00f3n negativa.<br><br>6) Ud. puede retirar su consentimiento en cualquier momento, comunic\u00e1ndose con el responsable del estudio a trav\u00e9s de la direcci\u00f3n habier@us.es<br><br>Conocidos estos puntos, expresa:<\/p>\n\n\n\n<p>Soy mayor de edad, he le\u00eddo y entendido las instrucciones y acepto participar<\/p>\n\n\n\n<p>No deseo participar en este estudio.<\/p>\n","protected":false},"excerpt":{"rendered":"<p>A continuaci\u00f3n se reproduce la informaci\u00f3n que se proporciona a los participantes de la primera fase del estudio. De este modo, las personas participantes podr\u00e1n encontrar las condiciones del estudio para consultarlas m\u00e1s adelante, en caso de querer hacerlo. Es un ejercicio de transparencia. En esta fase intentaremos llegar a tantas personas como sea posible &hellip; <a href=\"https:\/\/grupos.us.es\/habier\/investigacion\/proteccion-y-cuidado-animal\/informacion-del-estudio-1-fase-cuantitativa\/\" class=\"more-link\">Seguir leyendo <span class=\"screen-reader-text\">Informaci\u00f3n del estudio (1, fase cuantitativa)<\/span> <span class=\"meta-nav\">&rarr;<\/span><\/a><\/p>\n","protected":false},"author":1,"featured_media":0,"parent":253,"menu_order":0,"comment_status":"closed","ping_status":"closed","template":"","meta":{"iawp_total_views":3,"footnotes":""},"categories":[],"tags":[],"class_list":["post-351","page","type-page","status-publish","hentry"],"_links":{"self":[{"href":"https:\/\/grupos.us.es\/habier\/wp-json\/wp\/v2\/pages\/351","targetHints":{"allow":["GET"]}}],"collection":[{"href":"https:\/\/grupos.us.es\/habier\/wp-json\/wp\/v2\/pages"}],"about":[{"href":"https:\/\/grupos.us.es\/habier\/wp-json\/wp\/v2\/types\/page"}],"author":[{"embeddable":true,"href":"https:\/\/grupos.us.es\/habier\/wp-json\/wp\/v2\/users\/1"}],"replies":[{"embeddable":true,"href":"https:\/\/grupos.us.es\/habier\/wp-json\/wp\/v2\/comments?post=351"}],"version-history":[{"count":3,"href":"https:\/\/grupos.us.es\/habier\/wp-json\/wp\/v2\/pages\/351\/revisions"}],"predecessor-version":[{"id":355,"href":"https:\/\/grupos.us.es\/habier\/wp-json\/wp\/v2\/pages\/351\/revisions\/355"}],"up":[{"embeddable":true,"href":"https:\/\/grupos.us.es\/habier\/wp-json\/wp\/v2\/pages\/253"}],"wp:attachment":[{"href":"https:\/\/grupos.us.es\/habier\/wp-json\/wp\/v2\/media?parent=351"}],"wp:term":[{"taxonomy":"category","embeddable":true,"href":"https:\/\/grupos.us.es\/habier\/wp-json\/wp\/v2\/categories?post=351"},{"taxonomy":"post_tag","embeddable":true,"href":"https:\/\/grupos.us.es\/habier\/wp-json\/wp\/v2\/tags?post=351"}],"curies":[{"name":"wp","href":"https:\/\/api.w.org\/{rel}","templated":true}]}}