{"id":26,"date":"2021-02-06T16:16:14","date_gmt":"2021-02-06T16:16:14","guid":{"rendered":"http:\/\/grupos.us.es\/habier\/?page_id=26"},"modified":"2021-02-19T18:04:44","modified_gmt":"2021-02-19T18:04:44","slug":"interaccion-humano-animal","status":"publish","type":"page","link":"https:\/\/grupos.us.es\/habier\/inicio\/interaccion-humano-animal\/","title":{"rendered":"Antrozoolog\u00eda"},"content":{"rendered":"\n<p>La Antrozoolog\u00eda es un campo de conocimiento interdisciplinar que analiza c\u00f3mo los animales humanos y no humanos han coevolucionado y conviven en comunidad. Resulta muy complejo realizar una descripci\u00f3n de c\u00f3mo funciona el d\u00eda a d\u00eda de cualquier sociedad sin conectar con los roles que desempe\u00f1an otras especies animales, bien sea como compa\u00f1eros de vida, como fuente de recursos o como peligros a erradicar. <\/p>\n\n\n\n<p>A menudo, una misma especie es considerada dentro de las tres categor\u00edas en una misma sociedad.  Por ejemplo, en Espa\u00f1a, un conejo puede ser considerado animal de compa\u00f1\u00eda en ciertos \u00e1mbitos, plagas en explotaciones agr\u00edcolas y alimento en ocasiones. A menudo, el contexto cultural (y el momento hist\u00f3rico) cambia radicalmente la consideraci\u00f3n de una especie: mientras que en buena parte de Occidente el perro es ante todo animal de compa\u00f1\u00eda, en otras regiones del mundo puede ser considerado alimento&#8230; a la vez que la idea de comer cerdo, vaca o conejo se considera un tab\u00fa. En palabras de Hal Herzog, \u00a1resulta muy dif\u00edcil hablar con claridad de nuestra relaci\u00f3n con otros animales!<\/p>\n\n\n\n<div class=\"wp-block-columns is-layout-flex wp-container-core-columns-is-layout-9d6595d7 wp-block-columns-is-layout-flex\">\n<div class=\"wp-block-column is-layout-flow wp-block-column-is-layout-flow\" style=\"flex-basis:100%\">\n<div class=\"wp-block-group alignwide\"><div class=\"wp-block-group__inner-container is-layout-flow wp-block-group-is-layout-flow\">\n<div class=\"wp-block-media-text alignwide is-stacked-on-mobile is-vertically-aligned-top\" style=\"grid-template-columns:28% auto\"><figure class=\"wp-block-media-text__media\"><img loading=\"lazy\" decoding=\"async\" width=\"672\" height=\"1024\" src=\"https:\/\/grupos.us.es\/habier\/wp-content\/uploads\/2021\/02\/Some-we-love...-Herzog-2010.jpg\" alt=\"\" class=\"wp-image-224 size-full\" srcset=\"https:\/\/grupos.us.es\/habier\/wp-content\/uploads\/2021\/02\/Some-we-love...-Herzog-2010.jpg 672w, https:\/\/grupos.us.es\/habier\/wp-content\/uploads\/2021\/02\/Some-we-love...-Herzog-2010-197x300.jpg 197w\" sizes=\"auto, (max-width: 672px) 100vw, 672px\" \/><\/figure><div class=\"wp-block-media-text__content\">\n<blockquote class=\"wp-block-quote has-text-align-left is-layout-flow wp-block-quote-is-layout-flow\"><p><strong>Some we love, some we hate, some we eat (Herzog, 2010)<\/strong> es una de las referencias b\u00e1sicas en antrozoolog\u00eda. Cuenta con una edici\u00f3n espa\u00f1ola. <\/p><cite>[Para leer una rese\u00f1a, <a rel=\"noreferrer noopener\" href=\"https:\/\/personal.us.es\/jalocebo\/2017\/05\/17\/comentario-de-some-we-love-some-we-hate-some-we-eat-de-h-herzog\/\" target=\"_blank\">puedes pulsar aqu\u00ed<\/a>.]<\/cite><\/blockquote>\n\n\n\n<p><\/p>\n<\/div><\/div>\n<\/div><\/div>\n<\/div>\n<\/div>\n\n\n\n<p>Dado que la interacci\u00f3n entre humanos y animales est\u00e1 muy presente, el estudio de sus caracter\u00edsticas tiene sentido para mejorar nuestro conocimiento cient\u00edfico, pero tambi\u00e9n para aprender nuevas v\u00edas de mejorar la vida de todas las partes implicadas: de los humanos, a trav\u00e9s de intervenciones terap\u00e9uticas, educativas o l\u00fadicas, y de los animales no humanos, a trav\u00e9s de la concienciaci\u00f3n de su rol y sus necesidades. <\/p>\n\n\n\n<p>Muchas son las disciplinas cient\u00edficas que aportan al desarrollo del conocimiento antrozool\u00f3gico: etolog\u00eda, antropolog\u00eda, psicolog\u00eda, veterinaria, y un largo etc\u00e9tera. Sin embargo, el conocimiento antrozool\u00f3gico s\u00f3lo puede ser entendido desde un  punto de vista cultural. Por ello, cabe destacar que la mayor parte de la literatura disponible en el \u00e1rea proviene de pa\u00edses de habla inglesa. Desde HABIER no s\u00f3lo se aspira a generar nuevo conocimiento antrozool\u00f3gico, sino a dar presencia en la literatura a una multiplicidad de realidades que actualmente no encuentran altavoz en manuales o art\u00edculos cient\u00edficos.<\/p>\n","protected":false},"excerpt":{"rendered":"<p>La Antrozoolog\u00eda es un campo de conocimiento interdisciplinar que analiza c\u00f3mo los animales humanos y no humanos han coevolucionado y conviven en comunidad. Resulta muy complejo realizar una descripci\u00f3n de c\u00f3mo funciona el d\u00eda a d\u00eda de cualquier sociedad sin conectar con los roles que desempe\u00f1an otras especies animales, bien sea como compa\u00f1eros de vida, &hellip; <a href=\"https:\/\/grupos.us.es\/habier\/inicio\/interaccion-humano-animal\/\" class=\"more-link\">Seguir leyendo <span class=\"screen-reader-text\">Antrozoolog\u00eda<\/span> <span class=\"meta-nav\">&rarr;<\/span><\/a><\/p>\n","protected":false},"author":1,"featured_media":0,"parent":8,"menu_order":1,"comment_status":"closed","ping_status":"closed","template":"","meta":{"iawp_total_views":93,"footnotes":""},"categories":[],"tags":[5,6,7],"class_list":["post-26","page","type-page","status-publish","hentry","tag-antrozoologia","tag-interaccion-humano-animal","tag-vinculo-humano-animal"],"_links":{"self":[{"href":"https:\/\/grupos.us.es\/habier\/wp-json\/wp\/v2\/pages\/26","targetHints":{"allow":["GET"]}}],"collection":[{"href":"https:\/\/grupos.us.es\/habier\/wp-json\/wp\/v2\/pages"}],"about":[{"href":"https:\/\/grupos.us.es\/habier\/wp-json\/wp\/v2\/types\/page"}],"author":[{"embeddable":true,"href":"https:\/\/grupos.us.es\/habier\/wp-json\/wp\/v2\/users\/1"}],"replies":[{"embeddable":true,"href":"https:\/\/grupos.us.es\/habier\/wp-json\/wp\/v2\/comments?post=26"}],"version-history":[{"count":5,"href":"https:\/\/grupos.us.es\/habier\/wp-json\/wp\/v2\/pages\/26\/revisions"}],"predecessor-version":[{"id":285,"href":"https:\/\/grupos.us.es\/habier\/wp-json\/wp\/v2\/pages\/26\/revisions\/285"}],"up":[{"embeddable":true,"href":"https:\/\/grupos.us.es\/habier\/wp-json\/wp\/v2\/pages\/8"}],"wp:attachment":[{"href":"https:\/\/grupos.us.es\/habier\/wp-json\/wp\/v2\/media?parent=26"}],"wp:term":[{"taxonomy":"category","embeddable":true,"href":"https:\/\/grupos.us.es\/habier\/wp-json\/wp\/v2\/categories?post=26"},{"taxonomy":"post_tag","embeddable":true,"href":"https:\/\/grupos.us.es\/habier\/wp-json\/wp\/v2\/tags?post=26"}],"curies":[{"name":"wp","href":"https:\/\/api.w.org\/{rel}","templated":true}]}}