{"id":253,"date":"2021-02-13T18:58:22","date_gmt":"2021-02-13T18:58:22","guid":{"rendered":"http:\/\/grupos.us.es\/habier\/?page_id=253"},"modified":"2025-12-18T10:46:39","modified_gmt":"2025-12-18T10:46:39","slug":"proteccion-y-cuidado-animal","status":"publish","type":"page","link":"https:\/\/grupos.us.es\/habier\/investigacion\/proteccion-y-cuidado-animal\/","title":{"rendered":"Protecci\u00f3n y cuidado animal"},"content":{"rendered":"\n<div class=\"wp-block-group\"><div class=\"wp-block-group__inner-container is-layout-flow wp-block-group-is-layout-flow\">\n<p class=\"has-dark-gray-color has-light-brown-background-color has-text-color has-background\">\u00ab<strong>Bienestar psicosocial del personal de entidades protectoras de animales: evaluaci\u00f3n de riesgos y recursos para su protecci\u00f3n<\/strong>\u00ab<\/p>\n\n\n\n<h2 class=\"wp-block-heading has-red-color has-light-brown-background-color has-text-color has-background\"><a href=\"https:\/\/institucionales.us.es\/protectoras\/\" data-type=\"link\" data-id=\"https:\/\/institucionales.us.es\/protectoras\/\" target=\"_blank\" rel=\"noreferrer noopener\">Puedes ampliar informaci\u00f3n en la web del proyecto [pulsa aqu\u00ed]<\/a><\/h2>\n<\/div><\/div>\n\n\n<div class=\"wp-block-image\">\n<figure class=\"alignright size-large is-resized\"><img loading=\"lazy\" decoding=\"async\" width=\"528\" height=\"515\" src=\"https:\/\/grupos.us.es\/habier\/wp-content\/uploads\/2021\/02\/Moque-morado.jpg\" alt=\"Gato (Moquete) durmiendo\" class=\"wp-image-289\" style=\"width:187px;height:183px\" srcset=\"https:\/\/grupos.us.es\/habier\/wp-content\/uploads\/2021\/02\/Moque-morado.jpg 528w, https:\/\/grupos.us.es\/habier\/wp-content\/uploads\/2021\/02\/Moque-morado-300x293.jpg 300w\" sizes=\"auto, (max-width: 528px) 100vw, 528px\" \/><\/figure>\n<\/div>\n\n\n<p>Existe una amplia variedad de roles que los humanos realizan respecto al bienestar animal. Algunos de ellos son de tipo profesional, e implican el seguimiento veterinario, el acicalamiento y otras profesiones basadas en el bienestar. Otras labores se realizan de manera voluntaria, como en la mayor parte de casos referidos a la protecci\u00f3n animal, el acogimiento de ejemplares provenientes de abandono y un largo etc\u00e9tera.<\/p>\n\n\n\n<p>Son muchas las claves que necesitan de mayor atenci\u00f3n en estos colectivos. Por ejemplo, \u00bfqu\u00e9 eventos o caracter\u00edsticas llevan a adoptar estos roles? \u00bfY a mantenerlos o abandonarlos? \u00bfQu\u00e9 beneficios reportan en las personas que los ejercen? \u00bfY qu\u00e9 costes o riesgos pueden acarrear?<\/p>\n\n\n\n<p>Esta l\u00ednea cuenta con un <strong>proyecto financiado por la Junta de Andaluc\u00eda<\/strong>, titulado <em>Bienestar psicosocial del personal de entidades protectoras de animales: evaluaci\u00f3n de riesgos y recursos para su protecci\u00f3n<\/em>. El equipo de investigaci\u00f3n incorpora a <strong>Francisco J. Rivera de los Santos (US), Jes\u00fas Garc\u00eda Mart\u00ednez (US), Rafael Martos Montes (UJA) y Javier L\u00f3pez-Cepero Borrego (US)<\/strong>, as\u00ed como alumnado interno del departamento de Personalidad, Evaluaci\u00f3n y Tratamiento Psicol\u00f3gicos de la Facultad de Psicolog\u00eda. El proyecto contempla la creaci\u00f3n de varios recursos, accesibles gratuitamente en su p\u00e1gina web. Si colaboras con una protectora y\/o estudias en la Facultad de Psicolog\u00eda de la US, puedes ayudarnos en este proyecto. \u00a1Contacta para m\u00e1s informaci\u00f3n!<\/p>\n\n\n\n<p>Mientras, puedes saber m\u00e1s de la iniciativa aqu\u00ed:<\/p>\n\n\n<div class=\"wp-block-oik-sb-children\"><ul class=\"wp-block-oik-sb-children\"><li class=\"page_item page-item-351\"><a href=\"https:\/\/grupos.us.es\/habier\/investigacion\/proteccion-y-cuidado-animal\/informacion-del-estudio-1-fase-cuantitativa\/\">Informaci\u00f3n del estudio (1, fase cuantitativa)<\/a><\/li>\n<li class=\"page_item page-item-356\"><a href=\"https:\/\/grupos.us.es\/habier\/investigacion\/proteccion-y-cuidado-animal\/informacion-del-estudio-2-fase-cualitativa\/\">Informaci\u00f3n del estudio (2, fase cualitativa)<\/a><\/li>\n<\/ul><\/div>\n\n\n<p>&#8230;o puedes visitar la p\u00e1gina web que creamos a trav\u00e9s de este proyecto, donde encontrar\u00e1s recursos para entidades y personas interesadas en realizar voluntariado.<\/p>\n\n\n\n<figure class=\"wp-block-image size-large\"><a href=\"https:\/\/institucionales.us.es\/protectoras\/\" target=\"_blank\" rel=\"noreferrer noopener\"><img loading=\"lazy\" decoding=\"async\" width=\"1024\" height=\"447\" src=\"https:\/\/grupos.us.es\/habier\/wp-content\/uploads\/2024\/03\/visita-la-web-1024x447.jpg\" alt=\"\" class=\"wp-image-415\" srcset=\"https:\/\/grupos.us.es\/habier\/wp-content\/uploads\/2024\/03\/visita-la-web-1024x447.jpg 1024w, https:\/\/grupos.us.es\/habier\/wp-content\/uploads\/2024\/03\/visita-la-web-300x131.jpg 300w, https:\/\/grupos.us.es\/habier\/wp-content\/uploads\/2024\/03\/visita-la-web-768x335.jpg 768w, https:\/\/grupos.us.es\/habier\/wp-content\/uploads\/2024\/03\/visita-la-web-1536x670.jpg 1536w, https:\/\/grupos.us.es\/habier\/wp-content\/uploads\/2024\/03\/visita-la-web.jpg 1780w\" sizes=\"auto, (max-width: 1024px) 100vw, 1024px\" \/><\/a><\/figure>\n\n\n\n<figure class=\"wp-block-pullquote\"><blockquote><p><em>Si quieres m\u00e1s informaci\u00f3n sobre esta l\u00ednea de trabajo, o te interesa establecer una colaboraci\u00f3n de investigaci\u00f3n, <\/em><a href=\"https:\/\/grupos.us.es\/habier\/contacto\/\">puedes contactar con nosotros<\/a><em>.<\/em><\/p><\/blockquote><\/figure>\n\n\n\n<h2 class=\"wp-block-heading\">Referencias<\/h2>\n\n\n\n<ol class=\"wp-block-list\">\n<li>L\u00f3pez-Cepero, J., Garcia-Mart\u00ednez, J., Martos-Montes, R., &amp; Rivera, F. (2024). Bereavement for companion animals: Intensity, moderating variables, and effects on wellbeing. <em>Journal of Loss and Trauma<\/em>.<a href=\" https:\/\/doi.org\/10.1080\/15325024.2024.2324284\"> https:\/\/doi.org\/10.1080\/15325024.2024.2324284<\/a> <br>Puedes leer un<strong> <a href=\"https:\/\/grupos.us.es\/habier\/2024\/03\/10\/nuevo-articulo-el-duelo-en-voluntarios-de-protectoras-de-animales\/\">resumen aqu\u00ed<\/a><\/strong><\/li>\n\n\n\n<li>L\u00f3pez-Cepero, J., Rivera, F., Garc\u00eda-Mart\u00ednez, J., &amp; Martos-Montes, R. (2025). Importance of social and organisational support on animal welfare volunteers\u2019 quality of life. <em>Voluntary Sector Review<\/em>, 1-11. <a href=\"https:\/\/doi.org\/10.1332\/20408056Y2025D000000055\">https:\/\/doi.org\/10.1332\/20408056Y2025D000000055<\/a><\/li>\n\n\n\n<li>L\u00f3pez-Cepero, J., Garc\u00eda-Mart\u00ednez, J., Martos, R. y Rivera, F. (2024). Bienestar en entidades protectoras de animales: recursos para personas voluntarias. <a href=\"https:\/\/doi.org\/10.5281\/zenodo.15875965\">https:\/\/doi.org\/10.5281\/zenodo.15875965<\/a><\/li>\n\n\n\n<li>L\u00f3pez-Cepero, J., Garc\u00eda-Mart\u00ednez, J., Martos, R. y Rivera, F. (2024). Bienestar en entidades protectoras de animales: recursos para entidades protectoras. <a href=\"https:\/\/doi.org\/10.5281\/zenodo.15875926\">https:\/\/doi.org\/10.5281\/zenodo.15875926<\/a><\/li>\n\n\n\n<li>L\u00f3pez-Cepero, J., Martos, R., Garc\u00eda-Mart\u00ednez, J. y Rivera, F. (2023). Compassion fatigue among animal shelter volunteers: Role of social cognition, attachment, social support, and workload. Comunicaci\u00f3n presentada a la 32nd Conference if the International Association for Anthrozoology (ISAZ). Universidad de Edimburgo (Reino Unido). <a href=\"https:\/\/doi.org\/10.13140\/RG.2.2.18159.44969\">https:\/\/doi.org\/10.13140\/RG.2.2.18159.44969<\/a><\/li>\n\n\n\n<li>L\u00f3pez-Cepero, J., Garc\u00eda-Mart\u00ednez, J., Martos, R., y Rivera, F. (2023). Prevalencia de fatiga por compasi\u00f3n y problemas de salud en entidades protectoras de animales andaluzas. Comunicaci\u00f3n presentada en el XIII Congreso Internacional de la Sociedad Espa\u00f1ola para el Estudio de la Ansiedad y el Estr\u00e9s (SEAS). <a href=\"https:\/\/doi.org\/10.13140\/RG.2.2.21514.89286\">https:\/\/doi.org\/10.13140\/RG.2.2.21514.89286<\/a><\/li>\n\n\n\n<li>L\u00f3pez-Cepero, J., Rivera, F., Garc\u00eda-Mart\u00ednez, J. y Martos, R. (2023). Recursos percibidos, satisfacci\u00f3n y fatiga por compasi\u00f3n en entidades protectoras de animales andaluzas. Comunicaci\u00f3n presentada en el XIII Congreso Internacional de la Sociedad Espa\u00f1ola para el Estudio de la Ansiedad y el Estr\u00e9s (SEAS). <a href=\"https:\/\/doi.org\/10.13140\/RG.2.2.10915.46884\">https:\/\/doi.org\/10.13140\/RG.2.2.10915.46884<\/a><\/li>\n<\/ol>\n\n\n\n<p><\/p>\n","protected":false},"excerpt":{"rendered":"<p>\u00abBienestar psicosocial del personal de entidades protectoras de animales: evaluaci\u00f3n de riesgos y recursos para su protecci\u00f3n\u00ab Puedes ampliar informaci\u00f3n en la web del proyecto [pulsa aqu\u00ed] Existe una amplia variedad de roles que los humanos realizan respecto al bienestar animal. Algunos de ellos son de tipo profesional, e implican el seguimiento veterinario, el acicalamiento &hellip; <a href=\"https:\/\/grupos.us.es\/habier\/investigacion\/proteccion-y-cuidado-animal\/\" class=\"more-link\">Seguir leyendo <span class=\"screen-reader-text\">Protecci\u00f3n y cuidado animal<\/span> <span class=\"meta-nav\">&rarr;<\/span><\/a><\/p>\n","protected":false},"author":1,"featured_media":0,"parent":16,"menu_order":3,"comment_status":"closed","ping_status":"closed","template":"","meta":{"iawp_total_views":0,"footnotes":""},"categories":[],"tags":[13,19,12,18,30],"class_list":["post-253","page","type-page","status-publish","hentry","tag-articulo","tag-iaa","tag-investigacion","tag-publicaciones","tag-terapia-asistida-taa"],"_links":{"self":[{"href":"https:\/\/grupos.us.es\/habier\/wp-json\/wp\/v2\/pages\/253","targetHints":{"allow":["GET"]}}],"collection":[{"href":"https:\/\/grupos.us.es\/habier\/wp-json\/wp\/v2\/pages"}],"about":[{"href":"https:\/\/grupos.us.es\/habier\/wp-json\/wp\/v2\/types\/page"}],"author":[{"embeddable":true,"href":"https:\/\/grupos.us.es\/habier\/wp-json\/wp\/v2\/users\/1"}],"replies":[{"embeddable":true,"href":"https:\/\/grupos.us.es\/habier\/wp-json\/wp\/v2\/comments?post=253"}],"version-history":[{"count":12,"href":"https:\/\/grupos.us.es\/habier\/wp-json\/wp\/v2\/pages\/253\/revisions"}],"predecessor-version":[{"id":2986,"href":"https:\/\/grupos.us.es\/habier\/wp-json\/wp\/v2\/pages\/253\/revisions\/2986"}],"up":[{"embeddable":true,"href":"https:\/\/grupos.us.es\/habier\/wp-json\/wp\/v2\/pages\/16"}],"wp:attachment":[{"href":"https:\/\/grupos.us.es\/habier\/wp-json\/wp\/v2\/media?parent=253"}],"wp:term":[{"taxonomy":"category","embeddable":true,"href":"https:\/\/grupos.us.es\/habier\/wp-json\/wp\/v2\/categories?post=253"},{"taxonomy":"post_tag","embeddable":true,"href":"https:\/\/grupos.us.es\/habier\/wp-json\/wp\/v2\/tags?post=253"}],"curies":[{"name":"wp","href":"https:\/\/api.w.org\/{rel}","templated":true}]}}