{"id":24,"date":"2021-02-06T16:12:17","date_gmt":"2021-02-06T16:12:17","guid":{"rendered":"http:\/\/grupos.us.es\/habier\/?page_id=24"},"modified":"2024-06-23T06:51:59","modified_gmt":"2024-06-23T06:51:59","slug":"breve-historia","status":"publish","type":"page","link":"https:\/\/grupos.us.es\/habier\/intervenciones\/breve-historia\/","title":{"rendered":"Breve historia"},"content":{"rendered":"\n<p>El inter\u00e9s por los efectos que la relaci\u00f3n entre humanos y otros animales tiene sobre la salud ha estado presente desde los inicios de la historia (para una revisi\u00f3n completa&nbsp;en espa\u00f1ol,&nbsp;<a href=\"http:\/\/www.revistas.unal.edu.co\/index.php\/psicologia\/article\/download\/1013\/1469\" target=\"_blank\" rel=\"noreferrer noopener\">Guti\u00e9rrez, Granados y Piar, 2007<\/a>; en ingl\u00e9s,&nbsp;<a href=\"http:\/\/www.sciencedirect.com\/science\/article\/pii\/B9780123814531100029\" target=\"_blank\" rel=\"noreferrer noopener\">Serpell, 2010<\/a>). Este elemento nos pone sobre la pista de que las IAA no son, en forma alguna, de&nbsp;reciente aparici\u00f3n.<\/p>\n\n\n\n<p>La inclusi\u00f3n de animales en centros de atenci\u00f3n sanitaria se remonta&nbsp;m\u00e1s de dos siglos atr\u00e1s.&nbsp;En el s. XVIII, el&nbsp;<a href=\"https:\/\/en.wikipedia.org\/wiki\/The_Retreat\" target=\"_blank\" rel=\"noreferrer noopener\">York Retreat<\/a>&nbsp;(York, Inglaterra) dio cabida a animales de granja como complemento al tratamiento de personas aquejadas de trastornos mentales. M\u00e1s recientemente (s.XIX), el&nbsp;<a href=\"https:\/\/en.wikipedia.org\/wiki\/Bethlem_Royal_Hospital\" target=\"_blank\" rel=\"noreferrer noopener\">Bethlem Hospital<\/a>&nbsp;(Londres, Inglaterra) incluy\u00f3 animales no s\u00f3lo por su efecto sobre los pacientes, sino por el impacto positivo que estos ten\u00edan sobre los profesionales del centro (<a href=\"http:\/\/www.sciencedirect.com\/science\/article\/pii\/B9780123814531100029\" target=\"_blank\" rel=\"noreferrer noopener\">Serpell, 2010<\/a>).<img loading=\"lazy\" decoding=\"async\" src=\"https:\/\/upload.wikimedia.org\/wikipedia\/en\/thumb\/b\/b7\/BethlemSteelEngraving1828.png\/1024px-BethlemSteelEngraving1828.png\" alt=\"Bethlem Hospital. Tomado de Wikipedia\" width=\"600\" height=\"400\">(Fuente:&nbsp;Wikipedia)<\/p>\n\n\n\n<p>Sin embargo, estas primeras experiencias representan registros de tipo anecd\u00f3tico, ya que poco se sabe de qu\u00e9 objetivos fueron pautados y qu\u00e9 resultados fueron obtenidos.<\/p>\n\n\n\n<p>No ser\u00eda hasta mediados del s. XX cuando se registrara un nuevo cambio en la visibilidad de las IAA, de la mano de Boris Levinson, quien public\u00f3 su libro&nbsp;<em>\u00abPsicoterapia Infantil Asistida Por Animales\u00bb<\/em>&nbsp;en 1960 y defendi\u00f3 la inclusi\u00f3n de animales en contextos de intervenci\u00f3n en la&nbsp;<em>American Psychological Association<\/em>&nbsp;(<a href=\"http:\/\/www.medscape.com\/viewarticle\/545439_3\" target=\"_blank\" rel=\"noreferrer noopener\">Eggiman, 2006<\/a>).<\/p>\n\n\n\n<p>Desde entonces, se ha registrado una paulatina aceleraci\u00f3n en el n\u00famero de publicaciones cient\u00edficas en torno a las IAA, existiendo en la actualidad numerosos grupos de investigaci\u00f3n reconocibles en distintos puntos del mundo.<\/p>\n\n\n\n<h3 class=\"wp-block-heading\">El desarrollo en Espa\u00f1a<\/h3>\n\n\n\n<p>Aunque existen numerosas experiencias realizadas en Espa\u00f1a, el inter\u00e9s por desarrollar programas reconocibles y documentar su validez es relativamente reciente, encontr\u00e1ndose a\u00fan en un estado incipiente.<\/p>\n\n\n\n<p>Como aspecto positivo, cabe rese\u00f1ar que la atenci\u00f3n prestada por\u00a0profesionales de distintos \u00e1mbitos hacia las IAA contin\u00faa creciendo, con las primeras investigaciones apuntando que en torno a\u00a0tres cuartas partes de los estudiantes y profesionales encuestados a nivel nacional estar\u00edan interesados en conocer m\u00e1s sobre este \u00e1mbito con vistas a su aplicaci\u00f3n profesional.<\/p>\n\n\n\n<p>Sin embargo, en el polo negativo cabe destacar que la r\u00e1pida aparici\u00f3n de iniciativas en torno a las IAA no se est\u00e1 viendo acompa\u00f1ada de un desarrollo te\u00f3rico y emp\u00edrico que garantice una correcta vertebraci\u00f3n de la experiencia, con lo que nos enfrentamos a los mismos riesgos que ya fueron destacados hace m\u00e1s de una d\u00e9cada en otros pa\u00edses (para una revisi\u00f3n, ver&nbsp;<a href=\"http:\/\/www.ijpsy.com\/volumen14\/num1\/376\/animal-assisted-interventions-review-of-EN.pdf\" target=\"_blank\" rel=\"noreferrer noopener\">L\u00f3pez-Cepero et al., 2014<\/a>).<\/p>\n\n\n\n<p>Por ello, una formaci\u00f3n reglada,\u00a0que ponga en relaci\u00f3n las pr\u00e1cticas profesionales y los desarrollos investigadores de las IAA, aparece como una prioridad, a fin de evitar la separaci\u00f3n entre el mundo acad\u00e9mico y aplicado.<\/p>\n","protected":false},"excerpt":{"rendered":"<p>El inter\u00e9s por los efectos que la relaci\u00f3n entre humanos y otros animales tiene sobre la salud ha estado presente desde los inicios de la historia (para una revisi\u00f3n completa&nbsp;en espa\u00f1ol,&nbsp;Guti\u00e9rrez, Granados y Piar, 2007; en ingl\u00e9s,&nbsp;Serpell, 2010). Este elemento nos pone sobre la pista de que las IAA no son, en forma alguna, de&nbsp;reciente &hellip; <a href=\"https:\/\/grupos.us.es\/habier\/intervenciones\/breve-historia\/\" class=\"more-link\">Seguir leyendo <span class=\"screen-reader-text\">Breve historia<\/span> <span class=\"meta-nav\">&rarr;<\/span><\/a><\/p>\n","protected":false},"author":1,"featured_media":0,"parent":12,"menu_order":2,"comment_status":"closed","ping_status":"closed","template":"","meta":{"iawp_total_views":6,"footnotes":""},"categories":[],"tags":[27,19,30],"class_list":["post-24","page","type-page","status-publish","hentry","tag-asociacion-intap","tag-iaa","tag-terapia-asistida-taa"],"_links":{"self":[{"href":"https:\/\/grupos.us.es\/habier\/wp-json\/wp\/v2\/pages\/24","targetHints":{"allow":["GET"]}}],"collection":[{"href":"https:\/\/grupos.us.es\/habier\/wp-json\/wp\/v2\/pages"}],"about":[{"href":"https:\/\/grupos.us.es\/habier\/wp-json\/wp\/v2\/types\/page"}],"author":[{"embeddable":true,"href":"https:\/\/grupos.us.es\/habier\/wp-json\/wp\/v2\/users\/1"}],"replies":[{"embeddable":true,"href":"https:\/\/grupos.us.es\/habier\/wp-json\/wp\/v2\/comments?post=24"}],"version-history":[{"count":4,"href":"https:\/\/grupos.us.es\/habier\/wp-json\/wp\/v2\/pages\/24\/revisions"}],"predecessor-version":[{"id":179,"href":"https:\/\/grupos.us.es\/habier\/wp-json\/wp\/v2\/pages\/24\/revisions\/179"}],"up":[{"embeddable":true,"href":"https:\/\/grupos.us.es\/habier\/wp-json\/wp\/v2\/pages\/12"}],"wp:attachment":[{"href":"https:\/\/grupos.us.es\/habier\/wp-json\/wp\/v2\/media?parent=24"}],"wp:term":[{"taxonomy":"category","embeddable":true,"href":"https:\/\/grupos.us.es\/habier\/wp-json\/wp\/v2\/categories?post=24"},{"taxonomy":"post_tag","embeddable":true,"href":"https:\/\/grupos.us.es\/habier\/wp-json\/wp\/v2\/tags?post=24"}],"curies":[{"name":"wp","href":"https:\/\/api.w.org\/{rel}","templated":true}]}}