{"id":239,"date":"2021-02-12T19:08:33","date_gmt":"2021-02-12T19:08:33","guid":{"rendered":"http:\/\/grupos.us.es\/habier\/?page_id=239"},"modified":"2021-10-26T09:31:44","modified_gmt":"2021-10-26T09:31:44","slug":"universidad-de-sevilla","status":"publish","type":"page","link":"https:\/\/grupos.us.es\/habier\/inicio\/colaboraciones\/universidad-de-sevilla\/","title":{"rendered":"Universidad de Sevilla"},"content":{"rendered":"\n<div class=\"wp-block-columns is-layout-flex wp-container-core-columns-is-layout-9d6595d7 wp-block-columns-is-layout-flex\">\n<div class=\"wp-block-column is-layout-flow wp-block-column-is-layout-flow\" style=\"flex-basis:33.33%\">\n<figure class=\"wp-block-image size-large\"><img loading=\"lazy\" decoding=\"async\" width=\"2560\" height=\"1921\" src=\"https:\/\/grupos.us.es\/habier\/wp-content\/uploads\/2021\/06\/JavierLopezCepero-edited-scaled.jpg\" alt=\"\" class=\"wp-image-322\" srcset=\"https:\/\/grupos.us.es\/habier\/wp-content\/uploads\/2021\/06\/JavierLopezCepero-edited-scaled.jpg 2560w, https:\/\/grupos.us.es\/habier\/wp-content\/uploads\/2021\/06\/JavierLopezCepero-edited-300x225.jpg 300w, https:\/\/grupos.us.es\/habier\/wp-content\/uploads\/2021\/06\/JavierLopezCepero-edited-1024x768.jpg 1024w, https:\/\/grupos.us.es\/habier\/wp-content\/uploads\/2021\/06\/JavierLopezCepero-edited-768x576.jpg 768w, https:\/\/grupos.us.es\/habier\/wp-content\/uploads\/2021\/06\/JavierLopezCepero-edited-1536x1153.jpg 1536w, https:\/\/grupos.us.es\/habier\/wp-content\/uploads\/2021\/06\/JavierLopezCepero-edited-2048x1537.jpg 2048w\" sizes=\"auto, (max-width: 2560px) 100vw, 2560px\" \/><\/figure>\n<\/div>\n\n\n\n<div class=\"wp-block-column is-layout-flow wp-block-column-is-layout-flow\" style=\"flex-basis:66.66%\">\n<p><strong>Dr. Javier L\u00f3pez-Cepero Borrego<\/strong><\/p>\n\n\n\n<p>Profesor e investigador en U. Sevilla (Espa\u00f1a)<br>Psic\u00f3logo (2006), M\u00e1ster en Terapia Familiar y de Sistemas (U. Sevilla, 2006), Doctor (U. Sevilla, 2011). Habilitado como Psic\u00f3logo General Sanitario.<br>Miembro fundador de la Asociaci\u00f3n Nacional INTAP<br>Miembro del grupo de trabajo de Psicolog\u00eda y Terapia Asistida por Animales (COPAO-Sevilla)<\/p>\n\n\n\n<p>Correo: habier@us.es | web: personal.us.es\/jalocebo<\/p>\n<\/div>\n<\/div>\n\n\n\n<div class=\"wp-block-columns is-layout-flex wp-container-core-columns-is-layout-9d6595d7 wp-block-columns-is-layout-flex\">\n<div class=\"wp-block-column is-layout-flow wp-block-column-is-layout-flow\" style=\"flex-basis:100%\">\n<div class=\"wp-block-columns is-layout-flex wp-container-core-columns-is-layout-9d6595d7 wp-block-columns-is-layout-flex\">\n<div class=\"wp-block-column is-layout-flow wp-block-column-is-layout-flow\" style=\"flex-basis:32%\">\n<figure class=\"wp-block-image size-full is-resized\"><img loading=\"lazy\" decoding=\"async\" src=\"https:\/\/grupos.us.es\/habier\/wp-content\/uploads\/2021\/10\/Jesus-Garcia-Martinez.jpg\" alt=\"\" class=\"wp-image-332\" width=\"201\" height=\"288\"\/><\/figure>\n<\/div>\n\n\n\n<div class=\"wp-block-column is-layout-flow wp-block-column-is-layout-flow\" style=\"flex-basis:50%\">\n<p><strong>Dr. Jes\u00fas Garcia Mart\u00ednez.<\/strong><\/p>\n\n\n\n<div class=\"wp-block-columns is-layout-flex wp-container-core-columns-is-layout-9d6595d7 wp-block-columns-is-layout-flex\">\n<div class=\"wp-block-column is-layout-flow wp-block-column-is-layout-flow\" style=\"flex-basis:100%\">\n<p>Profesor Titular del Departamento de Personalidad, Evaluaci\u00f3n y Tratamiento Psicol\u00f3gicos de la Universidad de Sevilla. Psicoterapeuta especialista en terapias narrativas y constructivistas. Miembro asociado de The TAOS Institute. Trabaja en los \u00e1mbitos de la terapia en situaciones de violencia, el estudio del proceso terap\u00e9utico en este tipo de terapias y las narrativas de identidad. Ha sido presidente de la Asociaci\u00f3n Espa\u00f1ola de Psicoterapias Constructivistas.<\/p>\n<\/div>\n<\/div>\n<\/div>\n<\/div>\n<\/div>\n<\/div>\n\n\n\n<div class=\"wp-block-columns is-layout-flex wp-container-core-columns-is-layout-9d6595d7 wp-block-columns-is-layout-flex\">\n<div class=\"wp-block-column is-layout-flow wp-block-column-is-layout-flow\" style=\"flex-basis:33.33%\">\n<figure class=\"wp-block-image size-large\"><img loading=\"lazy\" decoding=\"async\" width=\"768\" height=\"1024\" src=\"https:\/\/grupos.us.es\/habier\/wp-content\/uploads\/2021\/10\/Fran-1920w-768x1024.jpg\" alt=\"\" class=\"wp-image-335\" srcset=\"https:\/\/grupos.us.es\/habier\/wp-content\/uploads\/2021\/10\/Fran-1920w-768x1024.jpg 768w, https:\/\/grupos.us.es\/habier\/wp-content\/uploads\/2021\/10\/Fran-1920w-225x300.jpg 225w, https:\/\/grupos.us.es\/habier\/wp-content\/uploads\/2021\/10\/Fran-1920w-1152x1536.jpg 1152w, https:\/\/grupos.us.es\/habier\/wp-content\/uploads\/2021\/10\/Fran-1920w-1536x2048.jpg 1536w, https:\/\/grupos.us.es\/habier\/wp-content\/uploads\/2021\/10\/Fran-1920w.jpg 1920w\" sizes=\"auto, (max-width: 768px) 100vw, 768px\" \/><\/figure>\n<\/div>\n\n\n\n<div class=\"wp-block-column is-layout-flow wp-block-column-is-layout-flow\" style=\"flex-basis:66.66%\">\n<p><strong>Dr. Francisco Jos\u00e9 Rivera de los Santos<\/strong><\/p>\n\n\n\n<p>Profesor Titular en la Universidad de Sevilla (Espa\u00f1a). Experto en metodolog\u00eda aplicada a las ciencias de la salud y del comportamiento. Docente en Psicometr\u00eda en el grado de Psicolog\u00eda y en cursos relativos a la validaci\u00f3n y uso de pruebas psicol\u00f3gicas, as\u00ed como en metodolog\u00eda de investigaci\u00f3n y bioestad\u00edstica aplicada. Co-investigador principal del equipo espa\u00f1ol del Estudio HBSC (www.hbsc.es) -que analiza los estilos de vida y salud en la adolescencia- y co-investigador principal del Bar\u00f3metro de Opini\u00f3n de la Infancia y Adolescencia (www.barometro-opina.es) -que estudia las preocupaciones y opiniones sociales y pol\u00edticas en la infancia-.<\/p>\n<\/div>\n<\/div>\n\n\n\n<p><\/p>\n","protected":false},"excerpt":{"rendered":"<p>Dr. Javier L\u00f3pez-Cepero Borrego Profesor e investigador en U. Sevilla (Espa\u00f1a)Psic\u00f3logo (2006), M\u00e1ster en Terapia Familiar y de Sistemas (U. Sevilla, 2006), Doctor (U. Sevilla, 2011). Habilitado como Psic\u00f3logo General Sanitario.Miembro fundador de la Asociaci\u00f3n Nacional INTAPMiembro del grupo de trabajo de Psicolog\u00eda y Terapia Asistida por Animales (COPAO-Sevilla) Correo: habier@us.es | web: personal.us.es\/jalocebo Dr. &hellip; <a href=\"https:\/\/grupos.us.es\/habier\/inicio\/colaboraciones\/universidad-de-sevilla\/\" class=\"more-link\">Seguir leyendo <span class=\"screen-reader-text\">Universidad de Sevilla<\/span> <span class=\"meta-nav\">&rarr;<\/span><\/a><\/p>\n","protected":false},"author":1,"featured_media":0,"parent":202,"menu_order":1,"comment_status":"closed","ping_status":"closed","template":"","meta":{"iawp_total_views":22,"footnotes":""},"categories":[],"tags":[3],"class_list":["post-239","page","type-page","status-publish","hentry","tag-universidad-de-sevilla"],"_links":{"self":[{"href":"https:\/\/grupos.us.es\/habier\/wp-json\/wp\/v2\/pages\/239","targetHints":{"allow":["GET"]}}],"collection":[{"href":"https:\/\/grupos.us.es\/habier\/wp-json\/wp\/v2\/pages"}],"about":[{"href":"https:\/\/grupos.us.es\/habier\/wp-json\/wp\/v2\/types\/page"}],"author":[{"embeddable":true,"href":"https:\/\/grupos.us.es\/habier\/wp-json\/wp\/v2\/users\/1"}],"replies":[{"embeddable":true,"href":"https:\/\/grupos.us.es\/habier\/wp-json\/wp\/v2\/comments?post=239"}],"version-history":[{"count":6,"href":"https:\/\/grupos.us.es\/habier\/wp-json\/wp\/v2\/pages\/239\/revisions"}],"predecessor-version":[{"id":337,"href":"https:\/\/grupos.us.es\/habier\/wp-json\/wp\/v2\/pages\/239\/revisions\/337"}],"up":[{"embeddable":true,"href":"https:\/\/grupos.us.es\/habier\/wp-json\/wp\/v2\/pages\/202"}],"wp:attachment":[{"href":"https:\/\/grupos.us.es\/habier\/wp-json\/wp\/v2\/media?parent=239"}],"wp:term":[{"taxonomy":"category","embeddable":true,"href":"https:\/\/grupos.us.es\/habier\/wp-json\/wp\/v2\/categories?post=239"},{"taxonomy":"post_tag","embeddable":true,"href":"https:\/\/grupos.us.es\/habier\/wp-json\/wp\/v2\/tags?post=239"}],"curies":[{"name":"wp","href":"https:\/\/api.w.org\/{rel}","templated":true}]}}