{"id":22,"date":"2021-02-06T16:10:45","date_gmt":"2021-02-06T16:10:45","guid":{"rendered":"http:\/\/grupos.us.es\/habier\/?page_id=22"},"modified":"2024-06-23T06:51:50","modified_gmt":"2024-06-23T06:51:50","slug":"asociacion-intap","status":"publish","type":"page","link":"https:\/\/grupos.us.es\/habier\/intervenciones\/asociacion-intap\/","title":{"rendered":"Asociaci\u00f3n INTAP"},"content":{"rendered":"\n<p>La Asociaci\u00f3n para las Intervenciones Asistidas por Perros y otros Animales (INTAP) fue registrada en el Registro Nacional de Asociaciones en 2012. Creada como plataforma a trav\u00e9s desarrollar diversas iniciativas, ha servido para desarrollar intervenciones en contextos como residencias de personas mayores y centros de atenci\u00f3n a personas con da\u00f1o cerebral adquirido.<\/p>\n\n\n\n<p>Puedes aprender <a href=\"https:\/\/intap.es\/blog-3\/\" target=\"_blank\" rel=\"noreferrer noopener\">m\u00e1s sobre INTAP en su p\u00e1gina web.<\/a><\/p>\n\n\n\n<figure class=\"wp-block-image size-large is-style-rounded\"><a href=\"https:\/\/intap.es\/blog-3\/\" target=\"_blank\" rel=\"noopener\"><img loading=\"lazy\" decoding=\"async\" width=\"1000\" height=\"200\" src=\"https:\/\/grupos.us.es\/habier\/wp-content\/uploads\/2021\/02\/cropped-Cabecera-INTAP.jpg\" alt=\"Enlace a intap.es\" class=\"wp-image-112\" srcset=\"https:\/\/grupos.us.es\/habier\/wp-content\/uploads\/2021\/02\/cropped-Cabecera-INTAP.jpg 1000w, https:\/\/grupos.us.es\/habier\/wp-content\/uploads\/2021\/02\/cropped-Cabecera-INTAP-300x60.jpg 300w, https:\/\/grupos.us.es\/habier\/wp-content\/uploads\/2021\/02\/cropped-Cabecera-INTAP-768x154.jpg 768w\" sizes=\"auto, (max-width: 1000px) 100vw, 1000px\" \/><\/a><figcaption class=\"wp-element-caption\">Pulsa para visitar la web de INTAP<\/figcaption><\/figure>\n\n\n\n<p><\/p>\n","protected":false},"excerpt":{"rendered":"<p>La Asociaci\u00f3n para las Intervenciones Asistidas por Perros y otros Animales (INTAP) fue registrada en el Registro Nacional de Asociaciones en 2012. Creada como plataforma a trav\u00e9s desarrollar diversas iniciativas, ha servido para desarrollar intervenciones en contextos como residencias de personas mayores y centros de atenci\u00f3n a personas con da\u00f1o cerebral adquirido. Puedes aprender m\u00e1s &hellip; <a href=\"https:\/\/grupos.us.es\/habier\/intervenciones\/asociacion-intap\/\" class=\"more-link\">Seguir leyendo <span class=\"screen-reader-text\">Asociaci\u00f3n INTAP<\/span> <span class=\"meta-nav\">&rarr;<\/span><\/a><\/p>\n","protected":false},"author":1,"featured_media":0,"parent":12,"menu_order":1,"comment_status":"closed","ping_status":"closed","template":"","meta":{"iawp_total_views":5,"footnotes":""},"categories":[],"tags":[27,19,30],"class_list":["post-22","page","type-page","status-publish","hentry","tag-asociacion-intap","tag-iaa","tag-terapia-asistida-taa"],"_links":{"self":[{"href":"https:\/\/grupos.us.es\/habier\/wp-json\/wp\/v2\/pages\/22","targetHints":{"allow":["GET"]}}],"collection":[{"href":"https:\/\/grupos.us.es\/habier\/wp-json\/wp\/v2\/pages"}],"about":[{"href":"https:\/\/grupos.us.es\/habier\/wp-json\/wp\/v2\/types\/page"}],"author":[{"embeddable":true,"href":"https:\/\/grupos.us.es\/habier\/wp-json\/wp\/v2\/users\/1"}],"replies":[{"embeddable":true,"href":"https:\/\/grupos.us.es\/habier\/wp-json\/wp\/v2\/comments?post=22"}],"version-history":[{"count":7,"href":"https:\/\/grupos.us.es\/habier\/wp-json\/wp\/v2\/pages\/22\/revisions"}],"predecessor-version":[{"id":437,"href":"https:\/\/grupos.us.es\/habier\/wp-json\/wp\/v2\/pages\/22\/revisions\/437"}],"up":[{"embeddable":true,"href":"https:\/\/grupos.us.es\/habier\/wp-json\/wp\/v2\/pages\/12"}],"wp:attachment":[{"href":"https:\/\/grupos.us.es\/habier\/wp-json\/wp\/v2\/media?parent=22"}],"wp:term":[{"taxonomy":"category","embeddable":true,"href":"https:\/\/grupos.us.es\/habier\/wp-json\/wp\/v2\/categories?post=22"},{"taxonomy":"post_tag","embeddable":true,"href":"https:\/\/grupos.us.es\/habier\/wp-json\/wp\/v2\/tags?post=22"}],"curies":[{"name":"wp","href":"https:\/\/api.w.org\/{rel}","templated":true}]}}