{"id":202,"date":"2021-02-11T12:37:14","date_gmt":"2021-02-11T12:37:14","guid":{"rendered":"http:\/\/grupos.us.es\/habier\/?page_id=202"},"modified":"2021-04-22T06:59:26","modified_gmt":"2021-04-22T06:59:26","slug":"colaboraciones","status":"publish","type":"page","link":"https:\/\/grupos.us.es\/habier\/inicio\/colaboraciones\/","title":{"rendered":"Colaboraciones"},"content":{"rendered":"\n<p>La HABIER es un punto de encuentro entre profesionales interesados en el v\u00ednculo humano-animal y en sus aplicaciones en forma de intervenciones asistidas. Esta secci\u00f3n recoger\u00e1 informaci\u00f3n de contacto de algunas de las personas que forman parte de la red de trabajo a trav\u00e9s de la cual aportamos nuestro grano de arena al desarrollo cient\u00edfico y t\u00e9cnico del \u00e1rea.<\/p>\n\n\n<div class=\"wp-block-oik-sb-children\"><ul class=\"wp-block-oik-sb-children\"><li class=\"page_item page-item-239\"><a href=\"https:\/\/grupos.us.es\/habier\/inicio\/colaboraciones\/universidad-de-sevilla\/\">Universidad de Sevilla<\/a><\/li>\n<li class=\"page_item page-item-241\"><a href=\"https:\/\/grupos.us.es\/habier\/inicio\/colaboraciones\/universidad-de-jaen\/\">Universidad de Ja\u00e9n<\/a><\/li>\n<li class=\"page_item page-item-243\"><a href=\"https:\/\/grupos.us.es\/habier\/inicio\/colaboraciones\/cop-andalucia-occidental\/\">COP Andaluc\u00eda Occidental<\/a><\/li>\n<li class=\"page_item page-item-245\"><a href=\"https:\/\/grupos.us.es\/habier\/inicio\/colaboraciones\/u-sao-paulo-brasil\/\">U. S\u00e3o Paulo (Brasil)<\/a><\/li>\n<\/ul><\/div>\n\n\n<p class=\"has-text-align-center\">[EN CONSTRUCCI\u00d3N]<\/p>\n","protected":false},"excerpt":{"rendered":"<p>La HABIER es un punto de encuentro entre profesionales interesados en el v\u00ednculo humano-animal y en sus aplicaciones en forma de intervenciones asistidas. Esta secci\u00f3n recoger\u00e1 informaci\u00f3n de contacto de algunas de las personas que forman parte de la red de trabajo a trav\u00e9s de la cual aportamos nuestro grano de arena al desarrollo cient\u00edfico &hellip; <a href=\"https:\/\/grupos.us.es\/habier\/inicio\/colaboraciones\/\" class=\"more-link\">Seguir leyendo <span class=\"screen-reader-text\">Colaboraciones<\/span> <span class=\"meta-nav\">&rarr;<\/span><\/a><\/p>\n","protected":false},"author":1,"featured_media":0,"parent":8,"menu_order":3,"comment_status":"closed","ping_status":"closed","template":"","meta":{"iawp_total_views":2,"footnotes":""},"categories":[],"tags":[],"class_list":["post-202","page","type-page","status-publish","hentry"],"_links":{"self":[{"href":"https:\/\/grupos.us.es\/habier\/wp-json\/wp\/v2\/pages\/202","targetHints":{"allow":["GET"]}}],"collection":[{"href":"https:\/\/grupos.us.es\/habier\/wp-json\/wp\/v2\/pages"}],"about":[{"href":"https:\/\/grupos.us.es\/habier\/wp-json\/wp\/v2\/types\/page"}],"author":[{"embeddable":true,"href":"https:\/\/grupos.us.es\/habier\/wp-json\/wp\/v2\/users\/1"}],"replies":[{"embeddable":true,"href":"https:\/\/grupos.us.es\/habier\/wp-json\/wp\/v2\/comments?post=202"}],"version-history":[{"count":7,"href":"https:\/\/grupos.us.es\/habier\/wp-json\/wp\/v2\/pages\/202\/revisions"}],"predecessor-version":[{"id":305,"href":"https:\/\/grupos.us.es\/habier\/wp-json\/wp\/v2\/pages\/202\/revisions\/305"}],"up":[{"embeddable":true,"href":"https:\/\/grupos.us.es\/habier\/wp-json\/wp\/v2\/pages\/8"}],"wp:attachment":[{"href":"https:\/\/grupos.us.es\/habier\/wp-json\/wp\/v2\/media?parent=202"}],"wp:term":[{"taxonomy":"category","embeddable":true,"href":"https:\/\/grupos.us.es\/habier\/wp-json\/wp\/v2\/categories?post=202"},{"taxonomy":"post_tag","embeddable":true,"href":"https:\/\/grupos.us.es\/habier\/wp-json\/wp\/v2\/tags?post=202"}],"curies":[{"name":"wp","href":"https:\/\/api.w.org\/{rel}","templated":true}]}}