{"id":201,"date":"2021-02-11T12:54:30","date_gmt":"2021-02-11T12:54:30","guid":{"rendered":"http:\/\/grupos.us.es\/habier\/?page_id=201"},"modified":"2021-02-19T18:21:32","modified_gmt":"2021-02-19T18:21:32","slug":"informes","status":"publish","type":"page","link":"https:\/\/grupos.us.es\/habier\/publicaciones\/informes\/","title":{"rendered":"Informes"},"content":{"rendered":"\n<div class=\"wp-block-image\"><figure class=\"alignleft size-large is-resized\"><a href=\"https:\/\/www.copao.es\/images\/noticias\/noticias-copao\/2020\/2020-07-24_publicacion_IAA\/informe_IAA_y_Psicologia.pdf\"><img loading=\"lazy\" decoding=\"async\" src=\"https:\/\/grupos.us.es\/habier\/wp-content\/uploads\/2021\/02\/Portada-Informe-COPAO-2020.png\" alt=\"\" class=\"wp-image-204\" width=\"251\" height=\"244\"\/><\/a><figcaption>Pulsa para descargar<\/figcaption><\/figure><\/div>\n\n\n\n<p>L\u00f3pez-Cepero, J., Catalina, L. y Ruiz, J. (2020). <em>Intervenciones asistidas por animales entre profesionales de la psicolog\u00eda: informe sobre expectativas, temores e intenci\u00f3n de uso<\/em>. Sevilla: Colegio Oficial de Psicolog\u00eda de Andaluc\u00eda Occidental. Disponible en <a href=\"https:\/\/www.copao.es\/images\/noticias\/noticias-copao\/2020\/2020-07-24_publicacion_IAA\/informe_IAA_y_Psicologia.pdf\" target=\"_blank\" rel=\"noreferrer noopener\">https:\/\/www.copao.es\/<\/a><\/p>\n\n\n\n<p>Informe t\u00e9cnico que explora las expectativas, nivel de conocimiento y \u00e1reas de necesidad del colectivo de profesionales colegiadas en el Colegio Oficial de Psicolog\u00eda de Andaluc\u00eda Occidental. Incluye definiciones, clasificaci\u00f3n y recursos para la formaci\u00f3n en el \u00e1mbito de las IAA. <\/p>\n\n\n\n<p>La investigaci\u00f3n realizada se encuadra dentro de la labor del <a href=\"https:\/\/www.copao.es\/grupos-trabajos-sevilla\" target=\"_blank\" rel=\"noreferrer noopener\">Grupo de Psicolog\u00eda y Terapia Asistida por Animales de la delegaci\u00f3n de Sevilla del COPAO<\/a>, y coincide con la <a rel=\"noreferrer noopener\" href=\"https:\/\/grupos.us.es\/habier\/investigacion\/actitudes-hacia-las-iaa\/\" data-type=\"page\" data-id=\"190\" target=\"_blank\">l\u00ednea de trabajo referida a actitudes hacia las IAA<\/a> de la HABIER. Adem\u00e1s, los tres autores del informe colaboraron en la elaboraci\u00f3n de un art\u00edculo en la revista Society &amp; Animals (a<em>ceptado, pendiente de publicaci\u00f3n<\/em>), ayudando con ello a difundir los hallazgos a un p\u00fablico global.<\/p>\n","protected":false},"excerpt":{"rendered":"<p>L\u00f3pez-Cepero, J., Catalina, L. y Ruiz, J. (2020). Intervenciones asistidas por animales entre profesionales de la psicolog\u00eda: informe sobre expectativas, temores e intenci\u00f3n de uso. Sevilla: Colegio Oficial de Psicolog\u00eda de Andaluc\u00eda Occidental. Disponible en https:\/\/www.copao.es\/ Informe t\u00e9cnico que explora las expectativas, nivel de conocimiento y \u00e1reas de necesidad del colectivo de profesionales colegiadas en &hellip; <a href=\"https:\/\/grupos.us.es\/habier\/publicaciones\/informes\/\" class=\"more-link\">Seguir leyendo <span class=\"screen-reader-text\">Informes<\/span> <span class=\"meta-nav\">&rarr;<\/span><\/a><\/p>\n","protected":false},"author":1,"featured_media":0,"parent":14,"menu_order":3,"comment_status":"closed","ping_status":"closed","template":"","meta":{"iawp_total_views":12,"footnotes":""},"categories":[],"tags":[15,18],"class_list":["post-201","page","type-page","status-publish","hentry","tag-informes","tag-publicaciones"],"_links":{"self":[{"href":"https:\/\/grupos.us.es\/habier\/wp-json\/wp\/v2\/pages\/201","targetHints":{"allow":["GET"]}}],"collection":[{"href":"https:\/\/grupos.us.es\/habier\/wp-json\/wp\/v2\/pages"}],"about":[{"href":"https:\/\/grupos.us.es\/habier\/wp-json\/wp\/v2\/types\/page"}],"author":[{"embeddable":true,"href":"https:\/\/grupos.us.es\/habier\/wp-json\/wp\/v2\/users\/1"}],"replies":[{"embeddable":true,"href":"https:\/\/grupos.us.es\/habier\/wp-json\/wp\/v2\/comments?post=201"}],"version-history":[{"count":1,"href":"https:\/\/grupos.us.es\/habier\/wp-json\/wp\/v2\/pages\/201\/revisions"}],"predecessor-version":[{"id":207,"href":"https:\/\/grupos.us.es\/habier\/wp-json\/wp\/v2\/pages\/201\/revisions\/207"}],"up":[{"embeddable":true,"href":"https:\/\/grupos.us.es\/habier\/wp-json\/wp\/v2\/pages\/14"}],"wp:attachment":[{"href":"https:\/\/grupos.us.es\/habier\/wp-json\/wp\/v2\/media?parent=201"}],"wp:term":[{"taxonomy":"category","embeddable":true,"href":"https:\/\/grupos.us.es\/habier\/wp-json\/wp\/v2\/categories?post=201"},{"taxonomy":"post_tag","embeddable":true,"href":"https:\/\/grupos.us.es\/habier\/wp-json\/wp\/v2\/tags?post=201"}],"curies":[{"name":"wp","href":"https:\/\/api.w.org\/{rel}","templated":true}]}}