{"id":192,"date":"2021-02-11T11:58:31","date_gmt":"2021-02-11T11:58:31","guid":{"rendered":"http:\/\/grupos.us.es\/habier\/?page_id=192"},"modified":"2025-12-18T10:41:07","modified_gmt":"2025-12-18T10:41:07","slug":"eficacia-de-las-iaa","status":"publish","type":"page","link":"https:\/\/grupos.us.es\/habier\/investigacion\/eficacia-de-las-iaa\/","title":{"rendered":"Eficacia de las IAA"},"content":{"rendered":"\n<p>Las intervenciones asistidas por animales cuentan con una amplia aceptaci\u00f3n entre profesionales diversos. Sin embargo, la historia nos demuestra que la popularidad no siempre coincide con la utilidad real, y son muchos los tratamientos estrella que terminan cayendo en desuso, tanto en disciplinas biom\u00e9dicas como en la psicolog\u00eda o la educaci\u00f3n, por citar algunos casos. Por lo tanto, es relevante mantener la atenci\u00f3n sobre una pregunta clave: \u00bfrealmente las IAA son intervenciones eficaces -\u00fatiles- y eficientes -con un coste razonable-?<\/p>\n\n\n<div class=\"wp-block-image\">\n<figure class=\"alignright size-large is-resized\"><img loading=\"lazy\" decoding=\"async\" width=\"1024\" height=\"768\" src=\"https:\/\/grupos.us.es\/habier\/wp-content\/uploads\/2021\/02\/Mac-y-Ron-1024x768.jpeg\" alt=\"Mac y Ron (perros) miran a c\u00e1mara\" class=\"wp-image-292\" style=\"width:236px;height:176px\" srcset=\"https:\/\/grupos.us.es\/habier\/wp-content\/uploads\/2021\/02\/Mac-y-Ron-1024x768.jpeg 1024w, https:\/\/grupos.us.es\/habier\/wp-content\/uploads\/2021\/02\/Mac-y-Ron-300x225.jpeg 300w, https:\/\/grupos.us.es\/habier\/wp-content\/uploads\/2021\/02\/Mac-y-Ron-768x576.jpeg 768w, https:\/\/grupos.us.es\/habier\/wp-content\/uploads\/2021\/02\/Mac-y-Ron-1536x1152.jpeg 1536w, https:\/\/grupos.us.es\/habier\/wp-content\/uploads\/2021\/02\/Mac-y-Ron.jpeg 2048w\" sizes=\"auto, (max-width: 1024px) 100vw, 1024px\" \/><\/figure>\n<\/div>\n\n\n<p>Responder a esta pregunta exige de un enfoque complejo. La literatura cient\u00edfica ha dedicado m\u00faltiples estudios meta-anal\u00edticos al tema, sin alcanzar una respuesta satisfactoria y clara. Desde la HABIER se han promovido distintas iniciativas relacionadas con el \u00e1mbito, comenzando por una revisi\u00f3n del funcionamiento del \u00e1rea<sup>1<\/sup> y proponiendo un marco conceptual novedoso para solventar parte de los riesgos presentes en el \u00e1mbito<sup>2-3<\/sup>. <\/p>\n\n\n\n<p>Este marco conceptual permite un encaje integrador de las IAA sobre disciplinas basadas en la evidencia, y forma la base te\u00f3rica sobre la que se construyen los contenidos de los <a rel=\"noreferrer noopener\" href=\"https:\/\/grupos.us.es\/habier\/formacion\/cursos-vigentes\/\" data-type=\"page\" data-id=\"85\" target=\"_blank\">cursos impartidos<\/a>. En la actualidad, esta l\u00ednea sigue en crecimiento, y esperamos poder a\u00f1adir nueva informaci\u00f3n en el futuro.<\/p>\n\n\n\n<figure class=\"wp-block-pullquote\"><blockquote><p><em>Si quieres m\u00e1s informaci\u00f3n sobre esta l\u00ednea de trabajo, o te interesa establecer una colaboraci\u00f3n de investigaci\u00f3n, <\/em><a href=\"https:\/\/grupos.us.es\/habier\/contacto\/\">puedes contactar con nosotros<\/a><em>.<\/em><\/p><\/blockquote><\/figure>\n\n\n\n<p><strong>Referencias:<\/strong><\/p>\n\n\n\n<ol class=\"wp-block-list\">\n<li>L\u00f3pez-Cepero, J. et al. (2014). Animal-assisted interventions: Review of current status and future challenges.\u00a0<a href=\"https:\/\/www.ijpsy.com\/volumen14\/num1\/376\/animal-assisted-interventions-review-of-EN.pdf\" target=\"_blank\" rel=\"noreferrer noopener\"><em>International Journal of Psychology and Psychological Therapy, 1<\/em>4, 85-101<\/a>.<\/li>\n\n\n\n<li>L\u00f3pez-Cepero, J. (Coord.) (2019). <em><a href=\"https:\/\/grupos.us.es\/habier\/publicaciones\/manual-ed-piramide\/\" data-type=\"page\" data-id=\"18\" target=\"_blank\" rel=\"noreferrer noopener\">Animales de compa\u00f1\u00eda y salud: del v\u00ednculo humano-animal al dise\u00f1o de intervenciones asistidas por animales<\/a><\/em>. Madrid: Pir\u00e1mide.<\/li>\n\n\n\n<li>L\u00f3pez-Cepero, J. (2020). Current status of animal-assisted interventions in scientific literature: A critical comment on their internal validity.\u00a0<em>Animals, 10<\/em>\u00a0(6), 985.\u00a0<a href=\"https:\/\/doi.org\/10.3390\/ani10060985\">https:\/\/doi.org\/10.3390\/ani10060985<\/a><\/li>\n\n\n\n<li>L\u00f3pez-Cepero (2021. )To be (and to seem) evidence-based: How research designs help (or not) to strengthen animal-assisted interventions. Comunicaci\u00f3n presentada a la 30th International Society for Anthrozoology Conference. <a href=\"https:\/\/doi.org\/10.13140\/RG.2.2.17206.92487\">https:\/\/doi.org\/10.13140\/RG.2.2.17206.92487<\/a><br>Puedes ver la presentaci\u00f3n aqu\u00ed (en ingl\u00e9s)<br><\/li>\n<\/ol>\n\n\n\n<figure class=\"wp-block-embed is-type-video is-provider-youtube wp-block-embed-youtube wp-embed-aspect-16-9 wp-has-aspect-ratio\"><div class=\"wp-block-embed__wrapper\">\n<iframe loading=\"lazy\" title=\"2-10 128 Lo\u0301pez Cepero To be and to seem evidence based\" width=\"604\" height=\"340\" src=\"https:\/\/www.youtube.com\/embed\/9NqKttxrm04?feature=oembed\" frameborder=\"0\" allow=\"accelerometer; autoplay; clipboard-write; encrypted-media; gyroscope; picture-in-picture; web-share\" referrerpolicy=\"strict-origin-when-cross-origin\" allowfullscreen><\/iframe>\n<\/div><\/figure>\n","protected":false},"excerpt":{"rendered":"<p>Las intervenciones asistidas por animales cuentan con una amplia aceptaci\u00f3n entre profesionales diversos. Sin embargo, la historia nos demuestra que la popularidad no siempre coincide con la utilidad real, y son muchos los tratamientos estrella que terminan cayendo en desuso, tanto en disciplinas biom\u00e9dicas como en la psicolog\u00eda o la educaci\u00f3n, por citar algunos casos. &hellip; <a href=\"https:\/\/grupos.us.es\/habier\/investigacion\/eficacia-de-las-iaa\/\" class=\"more-link\">Seguir leyendo <span class=\"screen-reader-text\">Eficacia de las IAA<\/span> <span class=\"meta-nav\">&rarr;<\/span><\/a><\/p>\n","protected":false},"author":1,"featured_media":0,"parent":16,"menu_order":4,"comment_status":"closed","ping_status":"closed","template":"","meta":{"iawp_total_views":14,"footnotes":""},"categories":[],"tags":[13,19,12,18,30],"class_list":["post-192","page","type-page","status-publish","hentry","tag-articulo","tag-iaa","tag-investigacion","tag-publicaciones","tag-terapia-asistida-taa"],"_links":{"self":[{"href":"https:\/\/grupos.us.es\/habier\/wp-json\/wp\/v2\/pages\/192","targetHints":{"allow":["GET"]}}],"collection":[{"href":"https:\/\/grupos.us.es\/habier\/wp-json\/wp\/v2\/pages"}],"about":[{"href":"https:\/\/grupos.us.es\/habier\/wp-json\/wp\/v2\/types\/page"}],"author":[{"embeddable":true,"href":"https:\/\/grupos.us.es\/habier\/wp-json\/wp\/v2\/users\/1"}],"replies":[{"embeddable":true,"href":"https:\/\/grupos.us.es\/habier\/wp-json\/wp\/v2\/comments?post=192"}],"version-history":[{"count":5,"href":"https:\/\/grupos.us.es\/habier\/wp-json\/wp\/v2\/pages\/192\/revisions"}],"predecessor-version":[{"id":2984,"href":"https:\/\/grupos.us.es\/habier\/wp-json\/wp\/v2\/pages\/192\/revisions\/2984"}],"up":[{"embeddable":true,"href":"https:\/\/grupos.us.es\/habier\/wp-json\/wp\/v2\/pages\/16"}],"wp:attachment":[{"href":"https:\/\/grupos.us.es\/habier\/wp-json\/wp\/v2\/media?parent=192"}],"wp:term":[{"taxonomy":"category","embeddable":true,"href":"https:\/\/grupos.us.es\/habier\/wp-json\/wp\/v2\/categories?post=192"},{"taxonomy":"post_tag","embeddable":true,"href":"https:\/\/grupos.us.es\/habier\/wp-json\/wp\/v2\/tags?post=192"}],"curies":[{"name":"wp","href":"https:\/\/api.w.org\/{rel}","templated":true}]}}