{"id":190,"date":"2021-02-11T11:57:40","date_gmt":"2021-02-11T11:57:40","guid":{"rendered":"http:\/\/grupos.us.es\/habier\/?page_id=190"},"modified":"2024-06-17T17:26:37","modified_gmt":"2024-06-17T17:26:37","slug":"actitudes-hacia-las-iaa","status":"publish","type":"page","link":"https:\/\/grupos.us.es\/habier\/investigacion\/actitudes-hacia-las-iaa\/","title":{"rendered":"Actitudes hacia las IAA"},"content":{"rendered":"\n<p>La literatura re\u00fane un amplio abanico de estudios en los que se valora la aceptaci\u00f3n, expectativas e intenci\u00f3n de uso de las Intervenciones Asistidas por Animales en una basta variedad de colectivos profesionales. Y la pr\u00e1ctica totalidad coincide en se\u00f1alar que las actitudes son notablemente positivas. Pero, \u00bfqu\u00e9 nos dice esto de las IAA?<\/p>\n\n\n<div class=\"wp-block-image\">\n<figure class=\"alignright size-large is-resized\"><img loading=\"lazy\" decoding=\"async\" width=\"720\" height=\"720\" src=\"https:\/\/grupos.us.es\/habier\/wp-content\/uploads\/2021\/02\/Hamster-ruso.jpg\" alt=\"Hamsters rusos\" class=\"wp-image-286\" style=\"width:198px;height:198px\" srcset=\"https:\/\/grupos.us.es\/habier\/wp-content\/uploads\/2021\/02\/Hamster-ruso.jpg 720w, https:\/\/grupos.us.es\/habier\/wp-content\/uploads\/2021\/02\/Hamster-ruso-300x300.jpg 300w, https:\/\/grupos.us.es\/habier\/wp-content\/uploads\/2021\/02\/Hamster-ruso-150x150.jpg 150w\" sizes=\"auto, (max-width: 720px) 100vw, 720px\" \/><\/figure>\n<\/div>\n\n\n<p>Desde la HABIER se han desarrollado varios estudios que analizan las expectativas, incluyendo a estudiantes universitarios espa\u00f1oles<sup>1<\/sup> y rumanos<sup>2<\/sup>, y tambi\u00e9n a profesionales de la psicolog\u00eda<sup>3-4<\/sup> o la educaci\u00f3n<sup>5<\/sup>. Tambi\u00e9n se ha participado en la validaci\u00f3n de instrumentos destinados a evaluar actitudes tanto positivas como negativas -los temores hacia las IAA han recibido una atenci\u00f3n menor que las ventajas-, a trav\u00e9s del Cuestionario de Actitudes hacia las Intervenciones Asistidas por Perros y otros animales (CAINTAP<sup>6<\/sup>) y del cuestionario de Modificaci\u00f3n de la Calidad de Vida (MCV<sup>7<\/sup>). Otras de las l\u00edneas de trabajo se ha concentrado en explicar c\u00f3mo se forman estas expectativas y c\u00f3mo pueden ser modificadas<sup>8<\/sup>.<\/p>\n\n\n\n<p>Conocer las actitudes hacia las IAA permite aprender sobre el nivel de popularidad de estas intervenciones, pero tambi\u00e9n permite localizar posibles \u00ab\u00e1reas ciegas\u00bb -por ejemplo, expectativas desmesuradas, o confusi\u00f3n de las IAA con terapias alternativas- y dise\u00f1ar campa\u00f1as de divulgaci\u00f3n que contrarresten los potenciales riesgos. <\/p>\n\n\n\n<figure class=\"wp-block-pullquote\"><blockquote><p>Si quieres m\u00e1s informaci\u00f3n sobre esta l\u00ednea de trabajo, o te interesa establecer una colaboraci\u00f3n de investigaci\u00f3n, <a href=\"https:\/\/grupos.us.es\/habier\/contacto\/\" data-type=\"page\" data-id=\"36\">puedes contactar con nosotros<\/a>.<\/p><\/blockquote><\/figure>\n\n\n\n<p><strong>Referencias:<\/strong><\/p>\n\n\n\n<ol class=\"wp-block-list\" id=\"block-356b9c24-6706-441a-8bf7-fa7842ecabd9\">\n<li>Perea-Mediavilla, M.A. y L\u00f3pez-Cepero Borrego, J. (2017).\u00a0Expectations towards animal-assisted interventions and improvement on quality of life: triangulating information from different actors and levels of analysis.\u00a0<em>Recent Trends in Social Systems: Quantitative Theories and Quantitative Models, 66<\/em>.\u00a0<a href=\"https:\/\/doi-org\/10.1007\/978-3-319-40585-8_35\">https:\/\/doi-org\/10.1007\/978-3-319-40585-8_35<\/a><\/li>\n\n\n\n<li>L\u00f3pez-Cepero, J., Perea-Mediavilla, M.A. y Netedu, A. (2016).\u00a0Influence of attitudes, formative and biographical background on intention of use of animal-assisted interventions developed with dogs: Some conclusions on a sample of Romanian students.\u00a0<a href=\"http:\/\/www.marianjournals.com\/files\/JPER_articles\/JPER_24_2_2016\/Lcpez-Cepero_JPER_2016_24_2_101_116.pdf\" target=\"_blank\" rel=\"noreferrer noopener\"><em>Journal of Psychological and Educational Research, 24<\/em>, 101-116.<\/a><\/li>\n\n\n\n<li>L\u00f3pez-Cepero, J., Catalina, L. y Ruiz, J. (2023).\u00a0Attitudes and intention to use animal-assisted interventions: precursor variables among psychologists in Southern Spain.\u00a0<em>Society and Animals<\/em>. <a href=\"https:\/\/doi.org\/10.1163\/15685306-bja10161\">https:\/\/doi.org\/10.1163\/15685306-bja10161<\/a><\/li>\n\n\n\n<li>L\u00f3pez-Cepero, J., Catalina, L. y Ruiz, J. (2020).\u00a0<em>Intervenciones asistidas por animales entre profesionales de la psicolog\u00eda: informe sobre expectativas, temores e intenci\u00f3n de uso<\/em>. Sevilla: Colegio Oficial de Psicolog\u00eda de Andaluc\u00eda Occidental. Disponible en\u00a0<a href=\"https:\/\/www.copao.es\/images\/noticias\/noticias-copao\/2020\/2020-07-24_publicacion_IAA\/informe_IAA_y_Psicologia.pdf\" target=\"_blank\" rel=\"noreferrer noopener\">https:\/\/www.copao.es\/<\/a><\/li>\n\n\n\n<li>Martos-Montes, R., D\u00edaz-S\u00e1nchez, M.E., L\u00f3pez-Cepero, J., Delgado, R.F. y Ord\u00f3\u00f1ez, D. (2023). Actitudes y conocimiento sobre la intervenci\u00f3n asistida por animales entre profesionales de la educaci\u00f3n. <em>Aula Abierta, 52<\/em>, 139-146. <a href=\"https:\/\/doi.org\/10.17811\/rifie.52.2.2023.139-146\">https:\/\/doi.org\/10.17811\/rifie.52.2.2023.139-146<\/a><\/li>\n\n\n\n<li>L\u00f3pez-Cepero, J., Perea-Mediavilla, M.A., Tejada, A. y Sarasola, J.L. (2015). Validaci\u00f3n del cuestionario de actitudes ante las intervenciones asistidas por perros (CAINTAP) en estudiantes universitarios del sur de Espa\u00f1a: Beneficios y temores percibidos.\u00a0<a href=\"https:\/\/rua.ua.es\/dspace\/bitstream\/10045\/49510\/6\/Alternativas_22_07.pdf\" target=\"_blank\" rel=\"noreferrer noopener\"><em>Alternativas: Cuadernos de Trabajo Social, 22<\/em>, 123-138<\/a>.<\/li>\n\n\n\n<li>Perea-Mediavilla, M.A., L\u00f3pez-Cepero, J., Tejada, A. y Sarasola, J.L. (2014). Intervenciones asistidas por animales y calidad de vida: expectativas en estudiantes universitarios espa\u00f1oles. Escritos de Psicolog\u00eda, 7, 10-18.\u00a0<a href=\"https:\/\/doi.org\/10.5231\/psy.writ.2014.1909\" target=\"_blank\" rel=\"noreferrer noopener\">https:\/\/doi.org\/10.5231\/psy.writ.2014.1909<\/a><\/li>\n\n\n\n<li>L\u00f3pez-Cepero, J., Perea-Mediavilla, M.A., Sarasola, J.L. y Tejada, A. (2015). Influence of biographical variables and academic background on attitudes towards animal-assisted interventions.\u00a0<a href=\"https:\/\/www.researchgate.net\/publication\/279418927_Influence_of_Biographical_Variables_and_Academic_Background_on_Attitudes_towards_Animal-Assisted_Interventions\" target=\"_blank\" rel=\"noreferrer noopener\"><em>Human-Animal Interaction Bulletin, 3<\/em>, 1-10<\/a>.<\/li>\n<\/ol>\n","protected":false},"excerpt":{"rendered":"<p>La literatura re\u00fane un amplio abanico de estudios en los que se valora la aceptaci\u00f3n, expectativas e intenci\u00f3n de uso de las Intervenciones Asistidas por Animales en una basta variedad de colectivos profesionales. Y la pr\u00e1ctica totalidad coincide en se\u00f1alar que las actitudes son notablemente positivas. Pero, \u00bfqu\u00e9 nos dice esto de las IAA? Desde &hellip; <a href=\"https:\/\/grupos.us.es\/habier\/investigacion\/actitudes-hacia-las-iaa\/\" class=\"more-link\">Seguir leyendo <span class=\"screen-reader-text\">Actitudes hacia las IAA<\/span> <span class=\"meta-nav\">&rarr;<\/span><\/a><\/p>\n","protected":false},"author":1,"featured_media":0,"parent":16,"menu_order":4,"comment_status":"closed","ping_status":"closed","template":"","meta":{"iawp_total_views":6,"footnotes":""},"categories":[],"tags":[13,19,12,18,30],"class_list":["post-190","page","type-page","status-publish","hentry","tag-articulo","tag-iaa","tag-investigacion","tag-publicaciones","tag-terapia-asistida-taa"],"_links":{"self":[{"href":"https:\/\/grupos.us.es\/habier\/wp-json\/wp\/v2\/pages\/190","targetHints":{"allow":["GET"]}}],"collection":[{"href":"https:\/\/grupos.us.es\/habier\/wp-json\/wp\/v2\/pages"}],"about":[{"href":"https:\/\/grupos.us.es\/habier\/wp-json\/wp\/v2\/types\/page"}],"author":[{"embeddable":true,"href":"https:\/\/grupos.us.es\/habier\/wp-json\/wp\/v2\/users\/1"}],"replies":[{"embeddable":true,"href":"https:\/\/grupos.us.es\/habier\/wp-json\/wp\/v2\/comments?post=190"}],"version-history":[{"count":6,"href":"https:\/\/grupos.us.es\/habier\/wp-json\/wp\/v2\/pages\/190\/revisions"}],"predecessor-version":[{"id":420,"href":"https:\/\/grupos.us.es\/habier\/wp-json\/wp\/v2\/pages\/190\/revisions\/420"}],"up":[{"embeddable":true,"href":"https:\/\/grupos.us.es\/habier\/wp-json\/wp\/v2\/pages\/16"}],"wp:attachment":[{"href":"https:\/\/grupos.us.es\/habier\/wp-json\/wp\/v2\/media?parent=190"}],"wp:term":[{"taxonomy":"category","embeddable":true,"href":"https:\/\/grupos.us.es\/habier\/wp-json\/wp\/v2\/categories?post=190"},{"taxonomy":"post_tag","embeddable":true,"href":"https:\/\/grupos.us.es\/habier\/wp-json\/wp\/v2\/tags?post=190"}],"curies":[{"name":"wp","href":"https:\/\/api.w.org\/{rel}","templated":true}]}}