{"id":18,"date":"2021-02-06T16:07:11","date_gmt":"2021-02-06T16:07:11","guid":{"rendered":"http:\/\/grupos.us.es\/habier\/?page_id=18"},"modified":"2025-12-18T11:04:56","modified_gmt":"2025-12-18T11:04:56","slug":"manual-ed-piramide","status":"publish","type":"page","link":"https:\/\/grupos.us.es\/habier\/publicaciones\/manual-ed-piramide\/","title":{"rendered":"Libros y manuales"},"content":{"rendered":"\n<p><\/p>\n\n\n\n<h2 class=\"wp-block-heading\">Manual en editorial Pir\u00e1mide (2019)<\/h2>\n\n\n\n<p>El monogr\u00e1fico titulado&nbsp;<em><strong>\u00abAnimales de compa\u00f1\u00eda y salud: del v\u00ednculo humano-animal al dise\u00f1o de intervenciones asistidas por animales\u00bb<\/strong><\/em>&nbsp;representa una de las pocas referencias escritas en espa\u00f1ol dentro del \u00e1mbito de las IAA.<\/p>\n\n\n\n<p>El volumen fue coordinado por Javier L\u00f3pez-Cepero, y cuenta con la colaboraci\u00f3n de Arcadio Tejada, Sandra Mar\u00edn, Rafael Martos y David Ord\u00f3\u00f1ez. Est\u00e1 editado por Pir\u00e1mide, compa\u00f1\u00eda l\u00edder en divulgaci\u00f3n de literatura cient\u00edfico-t\u00e9cnica del campo de la Psicolog\u00eda (atendiendo a su indexaci\u00f3n en&nbsp;<a href=\"https:\/\/ilia.cchs.csic.es\/SPI\/prestigio_sectores_2018_2.php?materia=Psicolog%EDa&amp;tabla_esp=spi_editoriales_psicologia&amp;tabla_extr=spi_editoriales_psicologia_extr\" target=\"_blank\" rel=\"noreferrer noopener\"><em>Scholarly Publishers Indicators<\/em><\/a>), y es texto de referencia en el \u00fanico&nbsp;<a href=\"https:\/\/www.ujaen.es\/estudios\/oferta-academica\/masteres\/master-interuniversitario-en-intervencion-asistida-con-animales-uja-unia\" target=\"_blank\" rel=\"noreferrer noopener\">m\u00e1ster de car\u00e1cter oficial dedicado a las IAA en Espa\u00f1a<\/a>, desarrollado en las Universidades de Ja\u00e9n e Internacional de Andaluc\u00eda.<\/p>\n\n\n\n<p>Los&nbsp;<a rel=\"noreferrer noopener\" href=\"https:\/\/grupos.us.es\/habier\/formacion\/\" target=\"_blank\">pr\u00f3ximos cursos programados en la U. Sevilla<\/a>&nbsp;utilizar\u00e1n este manual como referencia. Si est\u00e1s interesado\/a en conocer sus contenidos,  puedes leer&nbsp;<a rel=\"noreferrer noopener\" href=\"https:\/\/personal.us.es\/jalocebo\/2019\/03\/12\/comentario-de-animales-de-compania-y-salud-del-vinculo-humano-animal-al-diseno-de-intervenciones-asistidas-por-animales\/\" target=\"_blank\">esta rese\u00f1a<\/a>&nbsp;publicada en la web del coordinador del manual, o la valoraci\u00f3n publicada en la&nbsp;<a rel=\"noreferrer noopener\" href=\"https:\/\/www.anikaentrelibros.com\/animales-de-compania-y-salud\" target=\"_blank\">web de&nbsp;<em>Anika entre libros<\/em><\/a>. Tambi\u00e9n existen copias disponibles en la <a href=\"https:\/\/fama.us.es\/discovery\/fulldisplay?docid=alma991013110905104987&amp;context=L&amp;vid=34CBUA_US:VU1&amp;lang=es&amp;search_scope=all_data_not_idus&amp;adaptor=Local%20Search%20Engine&amp;tab=all_data_not_idus&amp;query=any,contains,animales%20de%20compa%C3%B1ia%20y%20salud\" target=\"_blank\" rel=\"noreferrer noopener\">biblioteca de la Universidad de Sevilla<\/a> (y de otros centros de investigaci\u00f3n).<\/p>\n\n\n\n<h2 class=\"wp-block-heading\">Libro divulgativo en editorial Pinolia (2024)<\/h2>\n\n\n<div class=\"wp-block-image\">\n<figure class=\"alignright size-large is-resized\"><img loading=\"lazy\" decoding=\"async\" width=\"678\" height=\"1024\" src=\"https:\/\/grupos.us.es\/habier\/wp-content\/uploads\/2025\/12\/un-hocico-prodigioso-678x1024.jpg\" alt=\"\" class=\"wp-image-2993\" style=\"aspect-ratio:0.6621193825266799;width:242px;height:auto\" srcset=\"https:\/\/grupos.us.es\/habier\/wp-content\/uploads\/2025\/12\/un-hocico-prodigioso-678x1024.jpg 678w, https:\/\/grupos.us.es\/habier\/wp-content\/uploads\/2025\/12\/un-hocico-prodigioso-199x300.jpg 199w, https:\/\/grupos.us.es\/habier\/wp-content\/uploads\/2025\/12\/un-hocico-prodigioso-768x1160.jpg 768w, https:\/\/grupos.us.es\/habier\/wp-content\/uploads\/2025\/12\/un-hocico-prodigioso-1017x1536.jpg 1017w, https:\/\/grupos.us.es\/habier\/wp-content\/uploads\/2025\/12\/un-hocico-prodigioso.jpg 1073w\" sizes=\"auto, (max-width: 678px) 100vw, 678px\" \/><\/figure>\n<\/div>\n\n\n<p>\u00ab<em><strong>Un hocico prodigioso: c\u00f3mo los lobos se convirtieron en perros y conquistaron nuestros hogares\u00bb <\/strong><\/em>es el t\u00edtulo del \u00faltimo libro que hemos publicado. En este caso, se realiza un recorrido desde los albores de la relaci\u00f3n entre perros y humanos, por c\u00f3mo pasan a ser parte de nuestras familias y de c\u00f3mo la interacci\u00f3n afecta a la salud de ambos. <\/p>\n\n\n\n<p>El libro cuenta con diez cap\u00edtulos y est\u00e1 pensado para toda la familia, uniendo informaci\u00f3n de inter\u00e9s general (\u00bfnos parecemos a nuestros perros? \u00bfde verdad nos entendemos? \u00bfpuede mi perro ayudarme a vivir m\u00e1s y mejor?) con evidencias cient\u00edficas actualizadas (m\u00e1s de 300 referencias citadas). Los contenidos se agrupan en los siguientes ep\u00edgrafes:<\/p>\n\n\n\n<p>SECCI\u00d3N I: C\u00d3MO LOS PERROS CONQUISTARON NUESTRAS FAMILIAS<\/p>\n\n\n\n<ol class=\"wp-block-list\">\n<li>Un vistazo a la historia del v\u00ednculo perro-humano: un viaje de 15\u202f000 a\u00f1os<\/li>\n\n\n\n<li>Hogar busca perro: el proceso de selecci\u00f3n de nuestro nuevo compa\u00f1ero<\/li>\n\n\n\n<li>\u00bfY c\u00f3mo se llama? Encajar a los perros en el concepto de familia<\/li>\n\n\n\n<li>Una casa de perros: organizar una familia multiespecie<\/li>\n<\/ol>\n\n\n\n<p>SECCI\u00d3N II: C\u00d3MO LOS PERROS IMPACTAN EN NUESTRO BIENESTAR<\/p>\n\n\n\n<ol start=\"5\" class=\"wp-block-list\">\n<li>Perros y apoyo social: \u00bfHay un amigo en m\u00ed?<\/li>\n\n\n\n<li>\u00bfAyudan los perros a estar m\u00e1s sanos? Beneficios para la salud f\u00edsica<\/li>\n\n\n\n<li>Beneficios psicol\u00f3gicos de convivir con perros: bienestar y salud mental<\/li>\n\n\n\n<li>Los l\u00edmites del amor: cuando el v\u00ednculo se cobra un peaje<\/li>\n<\/ol>\n\n\n\n<p>SECCI\u00d3N III: EL CICLO DE LA VIDA: FINALES Y COMIENZOS<\/p>\n\n\n\n<ol start=\"9\" class=\"wp-block-list\">\n<li>Despedir a un amigo: ocaso y muerte de un perro<\/li>\n\n\n\n<li>Amanece un nuevo d\u00eda. Nuevas tecnolog\u00edas y el futuro del v\u00ednculo<\/li>\n<\/ol>\n","protected":false},"excerpt":{"rendered":"<p>Manual en editorial Pir\u00e1mide (2019) El monogr\u00e1fico titulado&nbsp;\u00abAnimales de compa\u00f1\u00eda y salud: del v\u00ednculo humano-animal al dise\u00f1o de intervenciones asistidas por animales\u00bb&nbsp;representa una de las pocas referencias escritas en espa\u00f1ol dentro del \u00e1mbito de las IAA. El volumen fue coordinado por Javier L\u00f3pez-Cepero, y cuenta con la colaboraci\u00f3n de Arcadio Tejada, Sandra Mar\u00edn, Rafael Martos &hellip; <a href=\"https:\/\/grupos.us.es\/habier\/publicaciones\/manual-ed-piramide\/\" class=\"more-link\">Seguir leyendo <span class=\"screen-reader-text\">Libros y manuales<\/span> <span class=\"meta-nav\">&rarr;<\/span><\/a><\/p>\n","protected":false},"author":1,"featured_media":0,"parent":14,"menu_order":0,"comment_status":"closed","ping_status":"closed","template":"","meta":{"iawp_total_views":50,"footnotes":""},"categories":[],"tags":[14,31],"class_list":["post-18","page","type-page","status-publish","hentry","tag-libros","tag-manual"],"_links":{"self":[{"href":"https:\/\/grupos.us.es\/habier\/wp-json\/wp\/v2\/pages\/18","targetHints":{"allow":["GET"]}}],"collection":[{"href":"https:\/\/grupos.us.es\/habier\/wp-json\/wp\/v2\/pages"}],"about":[{"href":"https:\/\/grupos.us.es\/habier\/wp-json\/wp\/v2\/types\/page"}],"author":[{"embeddable":true,"href":"https:\/\/grupos.us.es\/habier\/wp-json\/wp\/v2\/users\/1"}],"replies":[{"embeddable":true,"href":"https:\/\/grupos.us.es\/habier\/wp-json\/wp\/v2\/comments?post=18"}],"version-history":[{"count":6,"href":"https:\/\/grupos.us.es\/habier\/wp-json\/wp\/v2\/pages\/18\/revisions"}],"predecessor-version":[{"id":2996,"href":"https:\/\/grupos.us.es\/habier\/wp-json\/wp\/v2\/pages\/18\/revisions\/2996"}],"up":[{"embeddable":true,"href":"https:\/\/grupos.us.es\/habier\/wp-json\/wp\/v2\/pages\/14"}],"wp:attachment":[{"href":"https:\/\/grupos.us.es\/habier\/wp-json\/wp\/v2\/media?parent=18"}],"wp:term":[{"taxonomy":"category","embeddable":true,"href":"https:\/\/grupos.us.es\/habier\/wp-json\/wp\/v2\/categories?post=18"},{"taxonomy":"post_tag","embeddable":true,"href":"https:\/\/grupos.us.es\/habier\/wp-json\/wp\/v2\/tags?post=18"}],"curies":[{"name":"wp","href":"https:\/\/api.w.org\/{rel}","templated":true}]}}