{"id":16,"date":"2021-02-06T16:04:00","date_gmt":"2021-02-06T16:04:00","guid":{"rendered":"http:\/\/grupos.us.es\/habier\/?page_id=16"},"modified":"2021-02-19T18:20:30","modified_gmt":"2021-02-19T18:20:30","slug":"investigacion","status":"publish","type":"page","link":"https:\/\/grupos.us.es\/habier\/investigacion\/","title":{"rendered":"Investigaci\u00f3n"},"content":{"rendered":"\n<p>Resulta totalmente imposible entender la vida de las comunidades contempor\u00e1neas sin hablar de nuestros v\u00ednculos con otras especies animales. Un porcentaje muy elevado de ciudadanos convive con ellos como&nbsp;compa\u00f1\u00eda, de ellos extraemos recursos para subsistir y muchos laboratorios los incluyen como sujetos experimentales; a la vez, existe un auge de movimientos que luchan por aumentar su protecci\u00f3n y que busca replantear la existencia de acuarios y zoos, por se\u00f1alar algunos ejemplos. <\/p>\n\n\n\n<p>El modo en que nuestra especie se relaciona con otros animales no humanos es un campo que congrega un inter\u00e9s creciente, y que guarda relaci\u00f3n con la salud humana, la \u00e9tica, la organizaci\u00f3n de las comunidades y un largo etc\u00e9tera. Por ello, y por el hecho de que el ser humano no deja de ser un animal, el estudio de la interacci\u00f3n humano-animal (IHA) ofrece l\u00edneas de crecimiento en torno a t\u00f3picos diversos. <\/p>\n\n\n\n<p>Algunas de las l\u00edneas de trabajo de la HABIER son:<\/p>\n\n\n<div class=\"wp-block-oik-sb-children\"><ul class=\"wp-block-oik-sb-children\"><li class=\"page_item page-item-2979\"><a href=\"https:\/\/grupos.us.es\/habier\/investigacion\/duelo-por-animales-de-compania\/\">Duelo por animales de compa\u00f1\u00eda<\/a><\/li>\n<li class=\"page_item page-item-186\"><a href=\"https:\/\/grupos.us.es\/habier\/investigacion\/animales-y-familia\/\">Animales y familia<\/a><\/li>\n<li class=\"page_item page-item-188\"><a href=\"https:\/\/grupos.us.es\/habier\/investigacion\/beneficios-de-la-interaccion-humano-animal\/\">Beneficios de IHA\/VHA<\/a><\/li>\n<li class=\"page_item page-item-253 page_item_has_children\"><a href=\"https:\/\/grupos.us.es\/habier\/investigacion\/proteccion-y-cuidado-animal\/\">Protecci\u00f3n y cuidado animal<\/a>\n<ul class='children'>\n\t<li class=\"page_item page-item-351\"><a href=\"https:\/\/grupos.us.es\/habier\/investigacion\/proteccion-y-cuidado-animal\/informacion-del-estudio-1-fase-cuantitativa\/\">Informaci\u00f3n del estudio (1, fase cuantitativa)<\/a><\/li>\n\t<li class=\"page_item page-item-356\"><a href=\"https:\/\/grupos.us.es\/habier\/investigacion\/proteccion-y-cuidado-animal\/informacion-del-estudio-2-fase-cualitativa\/\">Informaci\u00f3n del estudio (2, fase cualitativa)<\/a><\/li>\n<\/ul>\n<\/li>\n<li class=\"page_item page-item-190\"><a href=\"https:\/\/grupos.us.es\/habier\/investigacion\/actitudes-hacia-las-iaa\/\">Actitudes hacia las IAA<\/a><\/li>\n<li class=\"page_item page-item-192\"><a href=\"https:\/\/grupos.us.es\/habier\/investigacion\/eficacia-de-las-iaa\/\">Eficacia de las IAA<\/a><\/li>\n<\/ul><\/div>\n\n\n<p>En cada uno de los apartados encontrar\u00e9is un aviso final, que sirve como invitaci\u00f3n a contactar con nosotros si quieres saber m\u00e1s de nuestras l\u00edneas de investigaci\u00f3n, o si quieres establecer contacto para pensar en un estudio compartido.<\/p>\n\n\n\n<figure class=\"wp-block-pullquote\"><blockquote><p><em>Si quieres m\u00e1s informaci\u00f3n sobre esta l\u00ednea de trabajo, o te interesa establecer una colaboraci\u00f3n de investigaci\u00f3n, <\/em><a href=\"https:\/\/grupos.us.es\/habier\/contacto\/\">puedes contactar con nosotros<\/a><em>.<\/em><\/p><\/blockquote><\/figure>\n","protected":false},"excerpt":{"rendered":"<p>Resulta totalmente imposible entender la vida de las comunidades contempor\u00e1neas sin hablar de nuestros v\u00ednculos con otras especies animales. Un porcentaje muy elevado de ciudadanos convive con ellos como&nbsp;compa\u00f1\u00eda, de ellos extraemos recursos para subsistir y muchos laboratorios los incluyen como sujetos experimentales; a la vez, existe un auge de movimientos que luchan por aumentar &hellip; <a href=\"https:\/\/grupos.us.es\/habier\/investigacion\/\" class=\"more-link\">Seguir leyendo <span class=\"screen-reader-text\">Investigaci\u00f3n<\/span> <span class=\"meta-nav\">&rarr;<\/span><\/a><\/p>\n","protected":false},"author":1,"featured_media":0,"parent":0,"menu_order":4,"comment_status":"closed","ping_status":"closed","template":"","meta":{"iawp_total_views":9,"footnotes":""},"categories":[],"tags":[13,19,12,18,30],"class_list":["post-16","page","type-page","status-publish","hentry","tag-articulo","tag-iaa","tag-investigacion","tag-publicaciones","tag-terapia-asistida-taa"],"_links":{"self":[{"href":"https:\/\/grupos.us.es\/habier\/wp-json\/wp\/v2\/pages\/16","targetHints":{"allow":["GET"]}}],"collection":[{"href":"https:\/\/grupos.us.es\/habier\/wp-json\/wp\/v2\/pages"}],"about":[{"href":"https:\/\/grupos.us.es\/habier\/wp-json\/wp\/v2\/types\/page"}],"author":[{"embeddable":true,"href":"https:\/\/grupos.us.es\/habier\/wp-json\/wp\/v2\/users\/1"}],"replies":[{"embeddable":true,"href":"https:\/\/grupos.us.es\/habier\/wp-json\/wp\/v2\/comments?post=16"}],"version-history":[{"count":5,"href":"https:\/\/grupos.us.es\/habier\/wp-json\/wp\/v2\/pages\/16\/revisions"}],"predecessor-version":[{"id":265,"href":"https:\/\/grupos.us.es\/habier\/wp-json\/wp\/v2\/pages\/16\/revisions\/265"}],"wp:attachment":[{"href":"https:\/\/grupos.us.es\/habier\/wp-json\/wp\/v2\/media?parent=16"}],"wp:term":[{"taxonomy":"category","embeddable":true,"href":"https:\/\/grupos.us.es\/habier\/wp-json\/wp\/v2\/categories?post=16"},{"taxonomy":"post_tag","embeddable":true,"href":"https:\/\/grupos.us.es\/habier\/wp-json\/wp\/v2\/tags?post=16"}],"curies":[{"name":"wp","href":"https:\/\/api.w.org\/{rel}","templated":true}]}}