{"id":154,"date":"2021-02-10T21:19:24","date_gmt":"2021-02-10T21:19:24","guid":{"rendered":"http:\/\/grupos.us.es\/habier\/?page_id=154"},"modified":"2021-02-19T18:13:59","modified_gmt":"2021-02-19T18:13:59","slug":"experto-en-diseno-de-programas-2016","status":"publish","type":"page","link":"https:\/\/grupos.us.es\/habier\/formacion\/cursos-finalizados\/experto-en-diseno-de-programas-2016\/","title":{"rendered":"Experto en Desarrollo programas de IAA (2016)"},"content":{"rendered":"\n<div class=\"wp-block-image\"><figure class=\"alignright size-large is-resized\"><img loading=\"lazy\" decoding=\"async\" src=\"https:\/\/grupos.us.es\/habier\/wp-content\/uploads\/2021\/02\/triptico-para-descargar-pdf-1024x723-1.jpg\" alt=\"Tr\u00edptico del Experto en Desarrollo de IAA (2016)\" class=\"wp-image-161\" width=\"214\" height=\"151\" srcset=\"https:\/\/grupos.us.es\/habier\/wp-content\/uploads\/2021\/02\/triptico-para-descargar-pdf-1024x723-1.jpg 1024w, https:\/\/grupos.us.es\/habier\/wp-content\/uploads\/2021\/02\/triptico-para-descargar-pdf-1024x723-1-300x212.jpg 300w, https:\/\/grupos.us.es\/habier\/wp-content\/uploads\/2021\/02\/triptico-para-descargar-pdf-1024x723-1-768x542.jpg 768w\" sizes=\"auto, (max-width: 214px) 100vw, 214px\" \/><\/figure><\/div>\n\n\n\n<p>En 2015, el Centro de Formaci\u00f3n Permanente de la Universidad de Sevilla a\u00f1adi\u00f3 a su oferta formativa un curso de duraci\u00f3n intermedia (16 cr\u00e9ditos ECTS), denominado <strong><em>Experto en Desarrollo de Programas de Intervenci\u00f3n Asistida por Animales<\/em><\/strong>. <\/p>\n\n\n\n<p>En plena proliferaci\u00f3n de cursos formativos sobre IAA a nivel nacional, el Experto s\u00f3lo complet\u00f3 una edici\u00f3n. Sin embargo, esta experiencia oblig\u00f3 al equipo de trabajo a ampliar el marco conceptual de trabajo &#8211;<a rel=\"noreferrer noopener\" href=\"https:\/\/www.mdpi.com\/2076-2615\/10\/6\/985\/htm\" target=\"_blank\">integrando antrozoolog\u00eda, beneficios de la interacci\u00f3n humano-animal e IAA<\/a>&#8211; y la creaci\u00f3n de materiales docentes -que luego cristalizaron en el manual <a rel=\"noreferrer noopener\" href=\"https:\/\/grupos.us.es\/habier\/publicaciones\/manual-ed-piramide\/\" data-type=\"page\" data-id=\"18\" target=\"_blank\">Animales de Compa\u00f1\u00eda y Salud<\/a> (Ed. Pir\u00e1mide, 2019)-. <\/p>\n\n\n\n<p>El curso nos permiti\u00f3 trabajar con un grupo reducido de estudiantes, con los que discutimos sobre antrozoolog\u00eda, dise\u00f1amos proyectos de intervenci\u00f3n, grabamos algunos role-playing y visitamos un centro de intervenciones asistidas por caballos. \u00a1Incluso trabajamos con Pleo Rb, un dinosaurio robotizado! Fue un trabajo intenso que supuso un punto de inflexi\u00f3n en la trayectoria del equipo de trabajo. Por ello, guardamos un grato recuerdo de la experiencia.<\/p>\n\n\n\n<div class=\"wp-block-image\"><figure class=\"aligncenter size-large\"><img loading=\"lazy\" decoding=\"async\" width=\"960\" height=\"576\" src=\"https:\/\/grupos.us.es\/habier\/wp-content\/uploads\/2021\/02\/Pleo-Rb.jpg\" alt=\"Pleo Rb, dinosaurio robotizado, en las clases del Experto\" class=\"wp-image-163\" srcset=\"https:\/\/grupos.us.es\/habier\/wp-content\/uploads\/2021\/02\/Pleo-Rb.jpg 960w, https:\/\/grupos.us.es\/habier\/wp-content\/uploads\/2021\/02\/Pleo-Rb-300x180.jpg 300w, https:\/\/grupos.us.es\/habier\/wp-content\/uploads\/2021\/02\/Pleo-Rb-768x461.jpg 768w\" sizes=\"auto, (max-width: 960px) 100vw, 960px\" \/><figcaption>Pleo Rb, en el aula de la Facultad de Psicolog\u00eda<\/figcaption><\/figure><\/div>\n\n\n\n<p><\/p>\n","protected":false},"excerpt":{"rendered":"<p>En 2015, el Centro de Formaci\u00f3n Permanente de la Universidad de Sevilla a\u00f1adi\u00f3 a su oferta formativa un curso de duraci\u00f3n intermedia (16 cr\u00e9ditos ECTS), denominado Experto en Desarrollo de Programas de Intervenci\u00f3n Asistida por Animales. En plena proliferaci\u00f3n de cursos formativos sobre IAA a nivel nacional, el Experto s\u00f3lo complet\u00f3 una edici\u00f3n. Sin embargo, &hellip; <a href=\"https:\/\/grupos.us.es\/habier\/formacion\/cursos-finalizados\/experto-en-diseno-de-programas-2016\/\" class=\"more-link\">Seguir leyendo <span class=\"screen-reader-text\">Experto en Desarrollo programas de IAA (2016)<\/span> <span class=\"meta-nav\">&rarr;<\/span><\/a><\/p>\n","protected":false},"author":1,"featured_media":0,"parent":86,"menu_order":3,"comment_status":"closed","ping_status":"closed","template":"","meta":{"iawp_total_views":0,"footnotes":""},"categories":[],"tags":[3],"class_list":["post-154","page","type-page","status-publish","hentry","tag-universidad-de-sevilla"],"_links":{"self":[{"href":"https:\/\/grupos.us.es\/habier\/wp-json\/wp\/v2\/pages\/154","targetHints":{"allow":["GET"]}}],"collection":[{"href":"https:\/\/grupos.us.es\/habier\/wp-json\/wp\/v2\/pages"}],"about":[{"href":"https:\/\/grupos.us.es\/habier\/wp-json\/wp\/v2\/types\/page"}],"author":[{"embeddable":true,"href":"https:\/\/grupos.us.es\/habier\/wp-json\/wp\/v2\/users\/1"}],"replies":[{"embeddable":true,"href":"https:\/\/grupos.us.es\/habier\/wp-json\/wp\/v2\/comments?post=154"}],"version-history":[{"count":3,"href":"https:\/\/grupos.us.es\/habier\/wp-json\/wp\/v2\/pages\/154\/revisions"}],"predecessor-version":[{"id":164,"href":"https:\/\/grupos.us.es\/habier\/wp-json\/wp\/v2\/pages\/154\/revisions\/164"}],"up":[{"embeddable":true,"href":"https:\/\/grupos.us.es\/habier\/wp-json\/wp\/v2\/pages\/86"}],"wp:attachment":[{"href":"https:\/\/grupos.us.es\/habier\/wp-json\/wp\/v2\/media?parent=154"}],"wp:term":[{"taxonomy":"category","embeddable":true,"href":"https:\/\/grupos.us.es\/habier\/wp-json\/wp\/v2\/categories?post=154"},{"taxonomy":"post_tag","embeddable":true,"href":"https:\/\/grupos.us.es\/habier\/wp-json\/wp\/v2\/tags?post=154"}],"curies":[{"name":"wp","href":"https:\/\/api.w.org\/{rel}","templated":true}]}}