{"id":149,"date":"2021-02-10T21:04:05","date_gmt":"2021-02-10T21:04:05","guid":{"rendered":"http:\/\/grupos.us.es\/habier\/?page_id=149"},"modified":"2021-02-19T18:26:59","modified_gmt":"2021-02-19T18:26:59","slug":"master-en-aplicaciones-del-perro-2008-12","status":"publish","type":"page","link":"https:\/\/grupos.us.es\/habier\/formacion\/cursos-finalizados\/master-en-aplicaciones-del-perro-2008-12\/","title":{"rendered":"M\u00e1ster en Aplicaciones del Perro&#8230; (2008-12)"},"content":{"rendered":"\n<div class=\"wp-block-image\"><figure class=\"alignright size-large is-resized\"><img loading=\"lazy\" decoding=\"async\" src=\"https:\/\/grupos.us.es\/habier\/wp-content\/uploads\/2021\/02\/facultad-medicina.jpg\" alt=\"\" class=\"wp-image-151\" width=\"238\" height=\"234\" srcset=\"https:\/\/grupos.us.es\/habier\/wp-content\/uploads\/2021\/02\/facultad-medicina.jpg 516w, https:\/\/grupos.us.es\/habier\/wp-content\/uploads\/2021\/02\/facultad-medicina-300x295.jpg 300w\" sizes=\"auto, (max-width: 238px) 100vw, 238px\" \/><figcaption>Facultad de Medicina de la US<\/figcaption><\/figure><\/div>\n\n\n\n<p>Inicialmente organizado como Cursos de Especializaci\u00f3n (actual Formaci\u00f3n Continuada), el M\u00e1ster en Aplicaciones del Perro a la Terap\u00e9utica Humana fue la primera formaci\u00f3n universitaria centrada en la inclusi\u00f3n del perro en contextos de intervenci\u00f3n.<\/p>\n\n\n\n<p>Particip\u00e9 de la iniciativa durante cuatro cursos (2008-09 y 2009-10 como curso de especializaci\u00f3n, y 2010-11 y 2011-12 como m\u00e1ster). Esta plataforma, ya extinta, ofreci\u00f3 una oportunidad de ganar experiencia tanto en en aspectos docentes como en el dise\u00f1o e implementaci\u00f3n de proyectos de intervenci\u00f3n asistida por animales. <\/p>\n\n\n\n<p>Adicionalmente, cabe destacar que en sus aulas coincidimos algunas personas con las que a\u00fan colaboro, como Arcadio Tejada (impulsor de la <a rel=\"noreferrer noopener\" href=\"https:\/\/grupos.us.es\/habier\/intervenciones\/asociacion-intap\/\" data-type=\"page\" data-id=\"22\" target=\"_blank\">Asociaci\u00f3n INTAP<\/a>, y docente y colaborador de gran parte de las iniciativas desarrolladas en la \u00faltima d\u00e9cada) o David Ord\u00f3\u00f1ez (coordinador del <a rel=\"noreferrer noopener\" href=\"https:\/\/grupos.us.es\/habier\/formacion\/cursos-vigentes\/master-en-iaa-uja-unia\/\" data-type=\"page\" data-id=\"96\" target=\"_blank\">M\u00e1ster Oficial en IAA desarrollado en la UNIA\/UJA<\/a>).<\/p>\n\n\n\n<p><\/p>\n","protected":false},"excerpt":{"rendered":"<p>Inicialmente organizado como Cursos de Especializaci\u00f3n (actual Formaci\u00f3n Continuada), el M\u00e1ster en Aplicaciones del Perro a la Terap\u00e9utica Humana fue la primera formaci\u00f3n universitaria centrada en la inclusi\u00f3n del perro en contextos de intervenci\u00f3n. Particip\u00e9 de la iniciativa durante cuatro cursos (2008-09 y 2009-10 como curso de especializaci\u00f3n, y 2010-11 y 2011-12 como m\u00e1ster). Esta &hellip; <a href=\"https:\/\/grupos.us.es\/habier\/formacion\/cursos-finalizados\/master-en-aplicaciones-del-perro-2008-12\/\" class=\"more-link\">Seguir leyendo <span class=\"screen-reader-text\">M\u00e1ster en Aplicaciones del Perro&#8230; (2008-12)<\/span> <span class=\"meta-nav\">&rarr;<\/span><\/a><\/p>\n","protected":false},"author":1,"featured_media":0,"parent":86,"menu_order":14,"comment_status":"closed","ping_status":"closed","template":"","meta":{"iawp_total_views":0,"footnotes":""},"categories":[],"tags":[19,24,30,3],"class_list":["post-149","page","type-page","status-publish","hentry","tag-iaa","tag-master","tag-terapia-asistida-taa","tag-universidad-de-sevilla"],"_links":{"self":[{"href":"https:\/\/grupos.us.es\/habier\/wp-json\/wp\/v2\/pages\/149","targetHints":{"allow":["GET"]}}],"collection":[{"href":"https:\/\/grupos.us.es\/habier\/wp-json\/wp\/v2\/pages"}],"about":[{"href":"https:\/\/grupos.us.es\/habier\/wp-json\/wp\/v2\/types\/page"}],"author":[{"embeddable":true,"href":"https:\/\/grupos.us.es\/habier\/wp-json\/wp\/v2\/users\/1"}],"replies":[{"embeddable":true,"href":"https:\/\/grupos.us.es\/habier\/wp-json\/wp\/v2\/comments?post=149"}],"version-history":[{"count":3,"href":"https:\/\/grupos.us.es\/habier\/wp-json\/wp\/v2\/pages\/149\/revisions"}],"predecessor-version":[{"id":153,"href":"https:\/\/grupos.us.es\/habier\/wp-json\/wp\/v2\/pages\/149\/revisions\/153"}],"up":[{"embeddable":true,"href":"https:\/\/grupos.us.es\/habier\/wp-json\/wp\/v2\/pages\/86"}],"wp:attachment":[{"href":"https:\/\/grupos.us.es\/habier\/wp-json\/wp\/v2\/media?parent=149"}],"wp:term":[{"taxonomy":"category","embeddable":true,"href":"https:\/\/grupos.us.es\/habier\/wp-json\/wp\/v2\/categories?post=149"},{"taxonomy":"post_tag","embeddable":true,"href":"https:\/\/grupos.us.es\/habier\/wp-json\/wp\/v2\/tags?post=149"}],"curies":[{"name":"wp","href":"https:\/\/api.w.org\/{rel}","templated":true}]}}