{"id":12,"date":"2021-02-06T16:03:22","date_gmt":"2021-02-06T16:03:22","guid":{"rendered":"http:\/\/grupos.us.es\/habier\/?page_id=12"},"modified":"2024-06-23T06:51:21","modified_gmt":"2024-06-23T06:51:21","slug":"intervenciones","status":"publish","type":"page","link":"https:\/\/grupos.us.es\/habier\/intervenciones\/","title":{"rendered":"Intervenciones Asistidas"},"content":{"rendered":"\n<p>Las intervenciones asistidas por animales (IAA) se caracterizan por aprovechar las bondades de la interacci\u00f3n humano-animal para mejorar la probabilidad de \u00e9xito de programas educativos, terap\u00e9uticos o de otra \u00edndole.<\/p>\n\n\n\n<p>Puedes aprender m\u00e1s sobre estas intervenciones a trav\u00e9s del manual Animales de compa\u00f1\u00eda y salud, o consultando algunos de los contenidos que hemos preparado online:<\/p>\n\n\n<div class=\"wp-block-oik-sb-children\"><ul class=\"wp-block-oik-sb-children\"><li class=\"page_item page-item-22\"><a href=\"https:\/\/grupos.us.es\/habier\/intervenciones\/asociacion-intap\/\">Asociaci\u00f3n INTAP<\/a><\/li>\n<li class=\"page_item page-item-24\"><a href=\"https:\/\/grupos.us.es\/habier\/intervenciones\/breve-historia\/\">Breve historia<\/a><\/li>\n<li class=\"page_item page-item-75\"><a href=\"https:\/\/grupos.us.es\/habier\/intervenciones\/definiciones-iaa\/\">Definiciones IAA<\/a><\/li>\n<li class=\"page_item page-item-77\"><a href=\"https:\/\/grupos.us.es\/habier\/intervenciones\/ambitos-de-aplicacion\/\">\u00c1mbitos de aplicaci\u00f3n<\/a><\/li>\n<\/ul><\/div>\n\n\n<p>Tambi\u00e9n puedes consultar algunas experiencias concretas que hemos desarrollado en el equipo, acudiendo a la <a href=\"https:\/\/intap.es\/blog-3\/\" target=\"_blank\" rel=\"noreferrer noopener\">web de la Asociaci\u00f3n INTAP<\/a>.<\/p>\n\n\n<div class=\"wp-block-image\">\n<figure class=\"aligncenter size-medium\"><img loading=\"lazy\" decoding=\"async\" width=\"300\" height=\"300\" src=\"https:\/\/grupos.us.es\/habier\/wp-content\/uploads\/2024\/06\/logo-rombo-300x300.jpg\" alt=\"Logotipo de Asociaci\u00f3n INTAP\" class=\"wp-image-425\" srcset=\"https:\/\/grupos.us.es\/habier\/wp-content\/uploads\/2024\/06\/logo-rombo-300x300.jpg 300w, https:\/\/grupos.us.es\/habier\/wp-content\/uploads\/2024\/06\/logo-rombo-150x150.jpg 150w, https:\/\/grupos.us.es\/habier\/wp-content\/uploads\/2024\/06\/logo-rombo.jpg 600w\" sizes=\"auto, (max-width: 300px) 100vw, 300px\" \/><\/figure>\n<\/div>\n\n\n<p>Si tienes alguna duda, puedes <a href=\"https:\/\/grupos.us.es\/habier\/contacto\/\" data-type=\"page\" data-id=\"36\">contactar<\/a>.<\/p>\n","protected":false},"excerpt":{"rendered":"<p>Las intervenciones asistidas por animales (IAA) se caracterizan por aprovechar las bondades de la interacci\u00f3n humano-animal para mejorar la probabilidad de \u00e9xito de programas educativos, terap\u00e9uticos o de otra \u00edndole. Puedes aprender m\u00e1s sobre estas intervenciones a trav\u00e9s del manual Animales de compa\u00f1\u00eda y salud, o consultando algunos de los contenidos que hemos preparado online: &hellip; <a href=\"https:\/\/grupos.us.es\/habier\/intervenciones\/\" class=\"more-link\">Seguir leyendo <span class=\"screen-reader-text\">Intervenciones Asistidas<\/span> <span class=\"meta-nav\">&rarr;<\/span><\/a><\/p>\n","protected":false},"author":1,"featured_media":0,"parent":0,"menu_order":2,"comment_status":"closed","ping_status":"closed","template":"","meta":{"iawp_total_views":14,"footnotes":""},"categories":[],"tags":[27,19,30],"class_list":["post-12","page","type-page","status-publish","hentry","tag-asociacion-intap","tag-iaa","tag-terapia-asistida-taa"],"_links":{"self":[{"href":"https:\/\/grupos.us.es\/habier\/wp-json\/wp\/v2\/pages\/12","targetHints":{"allow":["GET"]}}],"collection":[{"href":"https:\/\/grupos.us.es\/habier\/wp-json\/wp\/v2\/pages"}],"about":[{"href":"https:\/\/grupos.us.es\/habier\/wp-json\/wp\/v2\/types\/page"}],"author":[{"embeddable":true,"href":"https:\/\/grupos.us.es\/habier\/wp-json\/wp\/v2\/users\/1"}],"replies":[{"embeddable":true,"href":"https:\/\/grupos.us.es\/habier\/wp-json\/wp\/v2\/comments?post=12"}],"version-history":[{"count":6,"href":"https:\/\/grupos.us.es\/habier\/wp-json\/wp\/v2\/pages\/12\/revisions"}],"predecessor-version":[{"id":441,"href":"https:\/\/grupos.us.es\/habier\/wp-json\/wp\/v2\/pages\/12\/revisions\/441"}],"wp:attachment":[{"href":"https:\/\/grupos.us.es\/habier\/wp-json\/wp\/v2\/media?parent=12"}],"wp:term":[{"taxonomy":"category","embeddable":true,"href":"https:\/\/grupos.us.es\/habier\/wp-json\/wp\/v2\/categories?post=12"},{"taxonomy":"post_tag","embeddable":true,"href":"https:\/\/grupos.us.es\/habier\/wp-json\/wp\/v2\/tags?post=12"}],"curies":[{"name":"wp","href":"https:\/\/api.w.org\/{rel}","templated":true}]}}