{"id":118,"date":"2021-02-10T19:35:37","date_gmt":"2021-02-10T19:35:37","guid":{"rendered":"http:\/\/grupos.us.es\/habier\/?page_id=118"},"modified":"2021-02-19T18:15:21","modified_gmt":"2021-02-19T18:15:21","slug":"iaa-ii-introduccion-al-manejo-del-animal","status":"publish","type":"page","link":"https:\/\/grupos.us.es\/habier\/formacion\/cursos-finalizados\/iaa-ii-introduccion-al-manejo-del-animal\/","title":{"rendered":"IAA (II): Introducci\u00f3n al manejo del animal (2015)"},"content":{"rendered":"\n<p>En 2015, participamos en la continuaci\u00f3n del primer curso de verano organizado en la Olavide en Carmona, denominado:\u00a0<a rel=\"noreferrer noopener\" href=\"http:\/\/www.upo.es\/olavideencarmona\/export\/sites\/upo_carmona\/documentos\/2015\/2015cc19.pdf\" target=\"_blank\"><strong>INTERVENCIONES ASISTIDAS POR ANIMALES (II). INTRODUCCI\u00d3N Y MANEJO DEL ANIMAL EN CONTEXTOS DE INTERVENCI\u00d3N.<\/strong><\/a>\u00a0Por lo tanto, permiti\u00f3 darle continuidad a la formaci\u00f3n sobre IAA en Universidades P\u00fablicas.<\/p>\n\n\n\n<p>La actividad estuvo <strong>reconocida<\/strong> con\u00a02 cr\u00e9ditos de libre configuraci\u00f3n (LRU) y 1,5 eurocr\u00e9ditos (ECTS), reconocidos por todas las universidades p\u00fablicas de Andaluc\u00eda.<\/p>\n\n\n\n<p><strong>Duraci\u00f3n:&nbsp;<\/strong>20 horas.<\/p>\n\n\n\n<p><strong>Fechas:\u00a0<\/strong>16 y 17 de julio de 2015.<\/p>\n\n\n\n<p><strong>Lugar:<\/strong>&nbsp;Sede de la Olavide en Carmona-Palacio de los Briones. C\/ Ram\u00f3n y Cajal, 15. CP 41410. Carmona (Sevilla).<\/p>\n\n\n\n<p>El programa del curso est\u00e1 disponible\u00a0<a rel=\"noreferrer noopener\" href=\"http:\/\/www.upo.es\/olavideencarmona\/export\/sites\/upo_carmona\/documentos\/2015\/2015cc19.pdf\" target=\"_blank\">haciendo click aqu\u00ed<\/a>.<\/p>\n\n\n\n<p class=\"has-text-align-center\">[Elaborado con la informaci\u00f3n disponible en www.intap.es]<\/p>\n","protected":false},"excerpt":{"rendered":"<p>En 2015, participamos en la continuaci\u00f3n del primer curso de verano organizado en la Olavide en Carmona, denominado:\u00a0INTERVENCIONES ASISTIDAS POR ANIMALES (II). INTRODUCCI\u00d3N Y MANEJO DEL ANIMAL EN CONTEXTOS DE INTERVENCI\u00d3N.\u00a0Por lo tanto, permiti\u00f3 darle continuidad a la formaci\u00f3n sobre IAA en Universidades P\u00fablicas. La actividad estuvo reconocida con\u00a02 cr\u00e9ditos de libre configuraci\u00f3n (LRU) y &hellip; <a href=\"https:\/\/grupos.us.es\/habier\/formacion\/cursos-finalizados\/iaa-ii-introduccion-al-manejo-del-animal\/\" class=\"more-link\">Seguir leyendo <span class=\"screen-reader-text\">IAA (II): Introducci\u00f3n al manejo del animal (2015)<\/span> <span class=\"meta-nav\">&rarr;<\/span><\/a><\/p>\n","protected":false},"author":1,"featured_media":0,"parent":86,"menu_order":9,"comment_status":"closed","ping_status":"closed","template":"","meta":{"iawp_total_views":1,"footnotes":""},"categories":[],"tags":[29],"class_list":["post-118","page","type-page","status-publish","hentry","tag-universidad-pablo-de-olavide-upo"],"_links":{"self":[{"href":"https:\/\/grupos.us.es\/habier\/wp-json\/wp\/v2\/pages\/118","targetHints":{"allow":["GET"]}}],"collection":[{"href":"https:\/\/grupos.us.es\/habier\/wp-json\/wp\/v2\/pages"}],"about":[{"href":"https:\/\/grupos.us.es\/habier\/wp-json\/wp\/v2\/types\/page"}],"author":[{"embeddable":true,"href":"https:\/\/grupos.us.es\/habier\/wp-json\/wp\/v2\/users\/1"}],"replies":[{"embeddable":true,"href":"https:\/\/grupos.us.es\/habier\/wp-json\/wp\/v2\/comments?post=118"}],"version-history":[{"count":1,"href":"https:\/\/grupos.us.es\/habier\/wp-json\/wp\/v2\/pages\/118\/revisions"}],"predecessor-version":[{"id":120,"href":"https:\/\/grupos.us.es\/habier\/wp-json\/wp\/v2\/pages\/118\/revisions\/120"}],"up":[{"embeddable":true,"href":"https:\/\/grupos.us.es\/habier\/wp-json\/wp\/v2\/pages\/86"}],"wp:attachment":[{"href":"https:\/\/grupos.us.es\/habier\/wp-json\/wp\/v2\/media?parent=118"}],"wp:term":[{"taxonomy":"category","embeddable":true,"href":"https:\/\/grupos.us.es\/habier\/wp-json\/wp\/v2\/categories?post=118"},{"taxonomy":"post_tag","embeddable":true,"href":"https:\/\/grupos.us.es\/habier\/wp-json\/wp\/v2\/tags?post=118"}],"curies":[{"name":"wp","href":"https:\/\/api.w.org\/{rel}","templated":true}]}}