{"id":10,"date":"2021-02-06T16:02:42","date_gmt":"2021-02-06T16:02:42","guid":{"rendered":"http:\/\/grupos.us.es\/habier\/?page_id=10"},"modified":"2021-02-19T18:34:01","modified_gmt":"2021-02-19T18:34:01","slug":"formacion","status":"publish","type":"page","link":"https:\/\/grupos.us.es\/habier\/formacion\/","title":{"rendered":"Formaci\u00f3n"},"content":{"rendered":"\n<div class=\"wp-block-image\"><figure class=\"alignright size-large is-resized\"><img loading=\"lazy\" decoding=\"async\" src=\"https:\/\/grupos.us.es\/habier\/wp-content\/uploads\/2021\/02\/Aulario-UPO-edited.jpg\" alt=\"Ula (perra) en la U. Pablo de Olavide\" class=\"wp-image-140\" width=\"239\" height=\"179\" srcset=\"https:\/\/grupos.us.es\/habier\/wp-content\/uploads\/2021\/02\/Aulario-UPO-edited.jpg 956w, https:\/\/grupos.us.es\/habier\/wp-content\/uploads\/2021\/02\/Aulario-UPO-edited-300x225.jpg 300w, https:\/\/grupos.us.es\/habier\/wp-content\/uploads\/2021\/02\/Aulario-UPO-edited-768x576.jpg 768w\" sizes=\"auto, (max-width: 239px) 100vw, 239px\" \/><\/figure><\/div>\n\n\n\n<p>En este ep\u00edgrafe encontrar\u00e1s informaci\u00f3n sobre diversas iniciativas de formaci\u00f3n que hemos desarrollado: cursos, seminarios, colaboraciones divulgativas, etc. Algunas de ellas han sido experiencias puntuales, otras desaparecieron, y otras est\u00e1n vigentes en la actualidad.<\/p>\n\n\n\n<p>Puedes consultar nuestra trayectoria formativa en las siguientes p\u00e1ginas:<\/p>\n\n\n<div class=\"wp-block-oik-sb-children\"><ul class=\"wp-block-oik-sb-children\"><li class=\"page_item page-item-85 page_item_has_children\"><a href=\"https:\/\/grupos.us.es\/habier\/formacion\/cursos-vigentes\/\">Cursos vigentes<\/a>\n<ul class='children'>\n\t<li class=\"page_item page-item-96\"><a href=\"https:\/\/grupos.us.es\/habier\/formacion\/cursos-vigentes\/master-en-iaa-uja-unia\/\">M\u00e1ster en IAA (UJA\/UNIA, 2015-)<\/a><\/li>\n\t<li class=\"page_item page-item-98\"><a href=\"https:\/\/grupos.us.es\/habier\/formacion\/cursos-vigentes\/catedra-u-sao-paulo\/\">Seminario en U. Sao Paulo (Brasil; 2019-)<\/a><\/li>\n<\/ul>\n<\/li>\n<li class=\"page_item page-item-86 page_item_has_children\"><a href=\"https:\/\/grupos.us.es\/habier\/formacion\/cursos-finalizados\/\">Cursos finalizados<\/a>\n<ul class='children'>\n\t<li class=\"page_item page-item-89\"><a href=\"https:\/\/grupos.us.es\/habier\/formacion\/cursos-finalizados\/introduccion-a-las-iaa\/\">FC Introducci\u00f3n a las IAA (II ed. 2021-22)<\/a><\/li>\n\t<li class=\"page_item page-item-154\"><a href=\"https:\/\/grupos.us.es\/habier\/formacion\/cursos-finalizados\/experto-en-diseno-de-programas-2016\/\">Experto en Desarrollo programas de IAA (2016)<\/a><\/li>\n\t<li class=\"page_item page-item-118\"><a href=\"https:\/\/grupos.us.es\/habier\/formacion\/cursos-finalizados\/iaa-ii-introduccion-al-manejo-del-animal\/\">IAA (II): Introducci\u00f3n al manejo del animal (2015)<\/a><\/li>\n\t<li class=\"page_item page-item-117\"><a href=\"https:\/\/grupos.us.es\/habier\/formacion\/cursos-finalizados\/iaa-i-principios-teoricos-y-practicos-2014\/\">IAA (I): Principios te\u00f3ricos y pr\u00e1cticos (2014)<\/a><\/li>\n\t<li class=\"page_item page-item-123\"><a href=\"https:\/\/grupos.us.es\/habier\/formacion\/cursos-finalizados\/1a-jornadas-de-iaa-en-ccss-2014\/\">1\u00aa Jornadas de IAA en CCSS (2014)<\/a><\/li>\n\t<li class=\"page_item page-item-136\"><a href=\"https:\/\/grupos.us.es\/habier\/formacion\/cursos-finalizados\/fc-intervenciones-asistidas-unia-2014-15\/\">FC Intervenciones asistidas (UNIA, 2014-15)<\/a><\/li>\n\t<li class=\"page_item page-item-126\"><a href=\"https:\/\/grupos.us.es\/habier\/formacion\/cursos-finalizados\/introduccion-a-las-iaa-en-u-sevilla-2013-2016\/\">Introducci\u00f3n a las IAA en U. Sevilla (2013-2017)<\/a><\/li>\n\t<li class=\"page_item page-item-149\"><a href=\"https:\/\/grupos.us.es\/habier\/formacion\/cursos-finalizados\/master-en-aplicaciones-del-perro-2008-12\/\">M\u00e1ster en Aplicaciones del Perro&#8230; (2008-12)<\/a><\/li>\n<\/ul>\n<\/li>\n<\/ul><\/div>","protected":false},"excerpt":{"rendered":"<p>En este ep\u00edgrafe encontrar\u00e1s informaci\u00f3n sobre diversas iniciativas de formaci\u00f3n que hemos desarrollado: cursos, seminarios, colaboraciones divulgativas, etc. Algunas de ellas han sido experiencias puntuales, otras desaparecieron, y otras est\u00e1n vigentes en la actualidad. Puedes consultar nuestra trayectoria formativa en las siguientes p\u00e1ginas:<\/p>\n","protected":false},"author":1,"featured_media":0,"parent":0,"menu_order":1,"comment_status":"closed","ping_status":"closed","template":"","meta":{"iawp_total_views":8,"footnotes":""},"categories":[],"tags":[],"class_list":["post-10","page","type-page","status-publish","hentry"],"_links":{"self":[{"href":"https:\/\/grupos.us.es\/habier\/wp-json\/wp\/v2\/pages\/10","targetHints":{"allow":["GET"]}}],"collection":[{"href":"https:\/\/grupos.us.es\/habier\/wp-json\/wp\/v2\/pages"}],"about":[{"href":"https:\/\/grupos.us.es\/habier\/wp-json\/wp\/v2\/types\/page"}],"author":[{"embeddable":true,"href":"https:\/\/grupos.us.es\/habier\/wp-json\/wp\/v2\/users\/1"}],"replies":[{"embeddable":true,"href":"https:\/\/grupos.us.es\/habier\/wp-json\/wp\/v2\/comments?post=10"}],"version-history":[{"count":5,"href":"https:\/\/grupos.us.es\/habier\/wp-json\/wp\/v2\/pages\/10\/revisions"}],"predecessor-version":[{"id":303,"href":"https:\/\/grupos.us.es\/habier\/wp-json\/wp\/v2\/pages\/10\/revisions\/303"}],"wp:attachment":[{"href":"https:\/\/grupos.us.es\/habier\/wp-json\/wp\/v2\/media?parent=10"}],"wp:term":[{"taxonomy":"category","embeddable":true,"href":"https:\/\/grupos.us.es\/habier\/wp-json\/wp\/v2\/categories?post=10"},{"taxonomy":"post_tag","embeddable":true,"href":"https:\/\/grupos.us.es\/habier\/wp-json\/wp\/v2\/tags?post=10"}],"curies":[{"name":"wp","href":"https:\/\/api.w.org\/{rel}","templated":true}]}}