{"id":599,"date":"2025-09-30T14:21:32","date_gmt":"2025-09-30T12:21:32","guid":{"rendered":"https:\/\/grupos.us.es\/dialogos\/?page_id=599"},"modified":"2025-12-11T14:15:25","modified_gmt":"2025-12-11T13:15:25","slug":"1996-2","status":"publish","type":"page","link":"https:\/\/grupos.us.es\/dialogos\/produccion-cientifica-25\/1996-2\/","title":{"rendered":"1996"},"content":{"rendered":"\t\t<div data-elementor-type=\"wp-page\" data-elementor-id=\"599\" class=\"elementor elementor-599\">\n\t\t\t\t<div class=\"elementor-element elementor-element-4d09170 e-flex e-con-boxed e-con e-parent\" data-id=\"4d09170\" data-element_type=\"container\" data-e-type=\"container\">\n\t\t\t\t\t<div class=\"e-con-inner\">\n\t\t<div class=\"elementor-element elementor-element-b777f6f e-con-full e-flex e-con e-child\" data-id=\"b777f6f\" data-element_type=\"container\" data-e-type=\"container\">\n\t\t<div class=\"elementor-element elementor-element-03a3e67 e-con-full e-flex e-con e-child\" data-id=\"03a3e67\" data-element_type=\"container\" data-e-type=\"container\">\n\t\t\t\t<div class=\"elementor-element elementor-element-41dcc19 elementor-widget elementor-widget-eael-adv-accordion\" data-id=\"41dcc19\" data-element_type=\"widget\" data-e-type=\"widget\" data-widget_type=\"eael-adv-accordion.default\">\n\t\t\t\t\t            <div class=\"eael-adv-accordion\" id=\"eael-adv-accordion-41dcc19\" data-scroll-on-click=\"no\" data-scroll-speed=\"300\" data-accordion-id=\"41dcc19\" data-accordion-type=\"accordion\" data-toogle-speed=\"300\">\n            <div class=\"eael-accordion-list\">\n\t\t\t\t\t<div id=\"acerca-de-la-finitud-en-las-poblaciones\" class=\"elementor-tab-title eael-accordion-header\" tabindex=\"0\" data-tab=\"1\" aria-controls=\"elementor-tab-content-6901\"><span class=\"eael-advanced-accordion-icon-closed\"><svg aria-hidden=\"true\" class=\"fa-accordion-icon e-font-icon-svg e-fas-plus\" viewBox=\"0 0 448 512\" xmlns=\"http:\/\/www.w3.org\/2000\/svg\"><path d=\"M416 208H272V64c0-17.67-14.33-32-32-32h-32c-17.67 0-32 14.33-32 32v144H32c-17.67 0-32 14.33-32 32v32c0 17.67 14.33 32 32 32h144v144c0 17.67 14.33 32 32 32h32c17.67 0 32-14.33 32-32V304h144c17.67 0 32-14.33 32-32v-32c0-17.67-14.33-32-32-32z\"><\/path><\/svg><\/span><span class=\"eael-advanced-accordion-icon-opened\"><svg aria-hidden=\"true\" class=\"fa-accordion-icon e-font-icon-svg e-fas-minus\" viewBox=\"0 0 448 512\" xmlns=\"http:\/\/www.w3.org\/2000\/svg\"><path d=\"M416 208H32c-17.67 0-32 14.33-32 32v32c0 17.67 14.33 32 32 32h384c17.67 0 32-14.33 32-32v-32c0-17.67-14.33-32-32-32z\"><\/path><\/svg><\/span><span class=\"eael-accordion-tab-title\">ACERCA DE LA FINITUD EN LAS POBLACIONES<\/span><svg aria-hidden=\"true\" class=\"fa-toggle e-font-icon-svg e-fas-angle-right\" viewBox=\"0 0 256 512\" xmlns=\"http:\/\/www.w3.org\/2000\/svg\"><path d=\"M224.3 273l-136 136c-9.4 9.4-24.6 9.4-33.9 0l-22.6-22.6c-9.4-9.4-9.4-24.6 0-33.9l96.4-96.4-96.4-96.4c-9.4-9.4-9.4-24.6 0-33.9L54.3 103c9.4-9.4 24.6-9.4 33.9 0l136 136c9.5 9.4 9.5 24.6.1 34z\"><\/path><\/svg><\/div><div id=\"elementor-tab-content-6901\" class=\"eael-accordion-content clearfix\" data-tab=\"1\" aria-labelledby=\"acerca-de-la-finitud-en-las-poblaciones\"><ul><li><strong><strong>Tipo:<br \/><\/strong><\/strong>Art\u00edculo<strong><strong><br \/><\/strong><\/strong><\/li><li><strong><strong>A\u00f1o:<br \/><\/strong><\/strong>1996<\/li><li><strong><strong>T\u00edtulo:<br \/><\/strong><\/strong><a href=\"https:\/\/prisma.us.es\/publicacion\/15099\" target=\"_blank\" rel=\"noopener\">ACERCA DE LA FINITUD EN LAS POBLACIONES<\/a><\/li><li><strong><strong>Fuente:<br \/><\/strong><\/strong>Instituto Nacional de Estad\u00edstica. Estad\u00edstica Espa\u00f1ola<\/li><\/ul><\/div>\n\t\t\t\t\t<\/div><\/div>\t\t\t\t<\/div>\n\t\t\t\t<\/div>\n\t\t\t\t<\/div>\n\t\t<div class=\"elementor-element elementor-element-94debf1 e-con-full e-flex e-con e-child\" data-id=\"94debf1\" data-element_type=\"container\" data-e-type=\"container\">\n\t\t\t\t<div class=\"elementor-element elementor-element-543e80b elementor-widget elementor-widget-shortcode\" data-id=\"543e80b\" data-element_type=\"widget\" data-e-type=\"widget\" data-widget_type=\"shortcode.default\">\n\t\t\t\t\t\t\t<div class=\"elementor-shortcode\">\t\t<style>\n\t\t\t\t\t\t\t\n\t\t\t\t\t#searchwp-form-1 .swp-input {\n\t\t\t\tborder: 1px solid #1d3354;\n\t\t\t\tborder-radius: 5px;\n\t\t\t}\n\t\t\t#searchwp-form-1 input[type=submit] {\n\t\t\t\tborder-radius: 5px;\n\t\t\t}\n\t\t\n\t\t\n\t\t\t\t\t\n\t\t\t                #searchwp-form-1 * {\n                    font-size: 12px;\n                }\n\t\t\t\n\t\t\t\n\t\t\t\n\t\t\t\t\t\t\t#searchwp-form-1 input[type=submit] {\n                    color: #ffffff;\n                }\n\t\t\t\n\t\t\t\t\t\t\t#searchwp-form-1 input[type=submit] {\n                    font-size: 12px;\n                }\n\t\t\t\t\t<\/style>\n\t\t\t\t<form id=\"searchwp-form-1\"\n\t\t\trole=\"search\"\n\t\t\tmethod=\"get\"\n\t\t\tclass=\"searchwp-form\"\n\t\t\taction=\"https:\/\/grupos.us.es\/dialogos\/\"\n\t\t\taria-label=\"B\u00fasqueda\">\n\t\t\t<input type=\"hidden\" name=\"swp_form[form_id]\" value=\"1\">\n\t\t\t<div class=\"swp-flex--col swp-flex--wrap swp-flex--gap-md\">\n\t\t\t\t<div class=\"swp-flex--row swp-items-stretch swp-flex--gap-md\">\n\t\t\t\t\t<div class=\"searchwp-form-input-container swp-items-stretch\">\n\n\t\t\t\t\t\t\t\t\t\t\t\t\t\t\t\t\t\t<input type=\"search\"\n                            class=\"swp-input--search swp-input\"\n\t\t\t\t\t\t    placeholder=\"Buscar...\"\n\t\t\t\t\t\t    value=\"\"\n                            name=\"s\"\n\t\t\t\t\t\t    title=\"Buscar...\"\n\t\t\t\t\t\t\taria-label=\"B\u00fasqueda\"\n\t\t\t\t\t\t\taria-required=\"false\"\n\t\t\t\t\t\t\t data-swplive=\"true\"                        \/>\n\t\t\t\t\t<\/div>\n\n\t\t\t\t\t\n\t\t\t\t<\/div>\n\t\t\t<\/div>\n\t\t<\/form>\n\t\t<\/div>\n\t\t\t\t\t\t<\/div>\n\t\t\t\t<div class=\"elementor-element elementor-element-488df5f elementor-widget elementor-widget-spacer\" data-id=\"488df5f\" data-element_type=\"widget\" data-e-type=\"widget\" data-widget_type=\"spacer.default\">\n\t\t\t\t\t\t\t<div class=\"elementor-spacer\">\n\t\t\t<div class=\"elementor-spacer-inner\"><\/div>\n\t\t<\/div>\n\t\t\t\t\t\t<\/div>\n\t\t\t\t<div class=\"elementor-element elementor-element-0a8e6a1 elementor-widget elementor-widget-image\" data-id=\"0a8e6a1\" data-element_type=\"widget\" data-e-type=\"widget\" data-widget_type=\"image.default\">\n\t\t\t\t\t\t\t\t\t\t\t\t\t\t\t\t<a href=\"https:\/\/www.us.es\/\" target=\"_blank\">\n\t\t\t\t\t\t\t<img fetchpriority=\"high\" decoding=\"async\" width=\"669\" height=\"582\" src=\"https:\/\/grupos.us.es\/dialogos\/wp-content\/uploads\/2025\/07\/US-marca-principal.png\" class=\"attachment-large size-large wp-image-46\" alt=\"\" srcset=\"https:\/\/grupos.us.es\/dialogos\/wp-content\/uploads\/2025\/07\/US-marca-principal.png 669w, https:\/\/grupos.us.es\/dialogos\/wp-content\/uploads\/2025\/07\/US-marca-principal-300x261.png 300w\" sizes=\"(max-width: 669px) 100vw, 669px\" \/>\t\t\t\t\t\t\t\t<\/a>\n\t\t\t\t\t\t\t\t\t\t\t\t\t\t\t<\/div>\n\t\t\t\t<div class=\"elementor-element elementor-element-ce724c3 elementor-widget elementor-widget-spacer\" data-id=\"ce724c3\" data-element_type=\"widget\" data-e-type=\"widget\" data-widget_type=\"spacer.default\">\n\t\t\t\t\t\t\t<div class=\"elementor-spacer\">\n\t\t\t<div class=\"elementor-spacer-inner\"><\/div>\n\t\t<\/div>\n\t\t\t\t\t\t<\/div>\n\t\t\t\t<div class=\"elementor-element elementor-element-d430c6e elementor-widget elementor-widget-image\" data-id=\"d430c6e\" data-element_type=\"widget\" data-e-type=\"widget\" data-widget_type=\"image.default\">\n\t\t\t\t\t\t\t\t\t\t\t\t\t\t\t\t<a href=\"https:\/\/revistascientificas.us.es\/index.php\/Ambitos\/index\" target=\"_blank\">\n\t\t\t\t\t\t\t<img decoding=\"async\" width=\"379\" height=\"86\" src=\"https:\/\/grupos.us.es\/dialogos\/wp-content\/uploads\/2025\/07\/pageHeaderLogoImage_es_ES.png\" class=\"attachment-large size-large wp-image-45\" alt=\"\" srcset=\"https:\/\/grupos.us.es\/dialogos\/wp-content\/uploads\/2025\/07\/pageHeaderLogoImage_es_ES.png 379w, https:\/\/grupos.us.es\/dialogos\/wp-content\/uploads\/2025\/07\/pageHeaderLogoImage_es_ES-300x68.png 300w\" sizes=\"(max-width: 379px) 100vw, 379px\" \/>\t\t\t\t\t\t\t\t<\/a>\n\t\t\t\t\t\t\t\t\t\t\t\t\t\t\t<\/div>\n\t\t\t\t<div class=\"elementor-element elementor-element-e6a0135 elementor-widget elementor-widget-spacer\" data-id=\"e6a0135\" data-element_type=\"widget\" data-e-type=\"widget\" data-widget_type=\"spacer.default\">\n\t\t\t\t\t\t\t<div class=\"elementor-spacer\">\n\t\t\t<div class=\"elementor-spacer-inner\"><\/div>\n\t\t<\/div>\n\t\t\t\t\t\t<\/div>\n\t\t\t\t<div class=\"elementor-element elementor-element-23f9a83 elementor-shape-circle elementor-grid-0 e-grid-align-center elementor-widget elementor-widget-social-icons\" data-id=\"23f9a83\" data-element_type=\"widget\" data-e-type=\"widget\" data-widget_type=\"social-icons.default\">\n\t\t\t\t\t\t\t<div class=\"elementor-social-icons-wrapper elementor-grid\" role=\"list\">\n\t\t\t\t\t\t\t<span class=\"elementor-grid-item\" role=\"listitem\">\n\t\t\t\t\t<a class=\"elementor-icon elementor-social-icon elementor-social-icon-linkedin elementor-repeater-item-1adfe70\" href=\"https:\/\/www.linkedin.com\/company\/comunicaci%C3%B3n-poder-y-pensamiento-cr%C3%ADtico-ante-el-cambio-global\/\" target=\"_blank\">\n\t\t\t\t\t\t<span class=\"elementor-screen-only\">Linkedin<\/span>\n\t\t\t\t\t\t<svg aria-hidden=\"true\" class=\"e-font-icon-svg e-fab-linkedin\" viewBox=\"0 0 448 512\" xmlns=\"http:\/\/www.w3.org\/2000\/svg\"><path d=\"M416 32H31.9C14.3 32 0 46.5 0 64.3v383.4C0 465.5 14.3 480 31.9 480H416c17.6 0 32-14.5 32-32.3V64.3c0-17.8-14.4-32.3-32-32.3zM135.4 416H69V202.2h66.5V416zm-33.2-243c-21.3 0-38.5-17.3-38.5-38.5S80.9 96 102.2 96c21.2 0 38.5 17.3 38.5 38.5 0 21.3-17.2 38.5-38.5 38.5zm282.1 243h-66.4V312c0-24.8-.5-56.7-34.5-56.7-34.6 0-39.9 27-39.9 54.9V416h-66.4V202.2h63.7v29.2h.9c8.9-16.8 30.6-34.5 62.9-34.5 67.2 0 79.7 44.3 79.7 101.9V416z\"><\/path><\/svg>\t\t\t\t\t<\/a>\n\t\t\t\t<\/span>\n\t\t\t\t\t\t\t<span class=\"elementor-grid-item\" role=\"listitem\">\n\t\t\t\t\t<a class=\"elementor-icon elementor-social-icon elementor-social-icon-instagram elementor-repeater-item-1d12855\" href=\"https:\/\/www.instagram.com\/dialogosus\/\" target=\"_blank\">\n\t\t\t\t\t\t<span class=\"elementor-screen-only\">Instagram<\/span>\n\t\t\t\t\t\t<svg aria-hidden=\"true\" class=\"e-font-icon-svg e-fab-instagram\" viewBox=\"0 0 448 512\" xmlns=\"http:\/\/www.w3.org\/2000\/svg\"><path d=\"M224.1 141c-63.6 0-114.9 51.3-114.9 114.9s51.3 114.9 114.9 114.9S339 319.5 339 255.9 287.7 141 224.1 141zm0 189.6c-41.1 0-74.7-33.5-74.7-74.7s33.5-74.7 74.7-74.7 74.7 33.5 74.7 74.7-33.6 74.7-74.7 74.7zm146.4-194.3c0 14.9-12 26.8-26.8 26.8-14.9 0-26.8-12-26.8-26.8s12-26.8 26.8-26.8 26.8 12 26.8 26.8zm76.1 27.2c-1.7-35.9-9.9-67.7-36.2-93.9-26.2-26.2-58-34.4-93.9-36.2-37-2.1-147.9-2.1-184.9 0-35.8 1.7-67.6 9.9-93.9 36.1s-34.4 58-36.2 93.9c-2.1 37-2.1 147.9 0 184.9 1.7 35.9 9.9 67.7 36.2 93.9s58 34.4 93.9 36.2c37 2.1 147.9 2.1 184.9 0 35.9-1.7 67.7-9.9 93.9-36.2 26.2-26.2 34.4-58 36.2-93.9 2.1-37 2.1-147.8 0-184.8zM398.8 388c-7.8 19.6-22.9 34.7-42.6 42.6-29.5 11.7-99.5 9-132.1 9s-102.7 2.6-132.1-9c-19.6-7.8-34.7-22.9-42.6-42.6-11.7-29.5-9-99.5-9-132.1s-2.6-102.7 9-132.1c7.8-19.6 22.9-34.7 42.6-42.6 29.5-11.7 99.5-9 132.1-9s102.7-2.6 132.1 9c19.6 7.8 34.7 22.9 42.6 42.6 11.7 29.5 9 99.5 9 132.1s2.7 102.7-9 132.1z\"><\/path><\/svg>\t\t\t\t\t<\/a>\n\t\t\t\t<\/span>\n\t\t\t\t\t<\/div>\n\t\t\t\t\t\t<\/div>\n\t\t\t\t<div class=\"elementor-element elementor-element-8b1b426 elementor-widget elementor-widget-spacer\" data-id=\"8b1b426\" data-element_type=\"widget\" data-e-type=\"widget\" data-widget_type=\"spacer.default\">\n\t\t\t\t\t\t\t<div class=\"elementor-spacer\">\n\t\t\t<div class=\"elementor-spacer-inner\"><\/div>\n\t\t<\/div>\n\t\t\t\t\t\t<\/div>\n\t\t\t\t<div class=\"elementor-element elementor-element-402cdf4 elementor-widget elementor-widget-heading\" data-id=\"402cdf4\" data-element_type=\"widget\" data-e-type=\"widget\" data-widget_type=\"heading.default\">\n\t\t\t\t\t<h2 class=\"elementor-heading-title elementor-size-default\">\u00daltimo art\u00edculo<\/h2>\t\t\t\t<\/div>\n\t\t\t\t<div class=\"elementor-element elementor-element-fb4f036 elementor-grid-eael-col-1 elementor-grid-tablet-eael-col-2 elementor-grid-mobile-eael-col-1 elementor-widget elementor-widget-eael-post-grid\" data-id=\"fb4f036\" data-element_type=\"widget\" data-e-type=\"widget\" data-settings=\"{&quot;eael_post_grid_columns&quot;:&quot;eael-col-1&quot;,&quot;eael_post_grid_columns_tablet&quot;:&quot;eael-col-2&quot;,&quot;eael_post_grid_columns_mobile&quot;:&quot;eael-col-1&quot;}\" data-widget_type=\"eael-post-grid.default\">\n\t\t\t\t\t<div id=\"eael-post-grid-fb4f036\" class=\"eael-post-grid-container\">\n            <div class=\"eael-post-grid eael-post-appender eael-post-appender-fb4f036 eael-post-grid-style-one\" data-layout-mode=\"masonry\"><article class=\"eael-grid-post  eael-post-grid-column eael-pg-post-968 category-novedades tags-congresos-eventos\" data-id=\"968\">\n        <div class=\"eael-grid-post-holder\">\n            <div class=\"eael-grid-post-holder-inner\"><div class=\"eael-entry-media\"><div class=\"eael-entry-overlay fade-in\"><i class=\"fas fa-long-arrow-alt-right\" aria-hidden=\"true\"><\/i><a href=\"https:\/\/grupos.us.es\/dialogos\/andrea-velasquez-benavides-utpl-dialogos\/\"><\/a><\/div><div class=\"eael-entry-thumbnail \">\n                <img decoding=\"async\" width=\"212\" height=\"300\" src=\"https:\/\/grupos.us.es\/dialogos\/wp-content\/uploads\/2026\/03\/WhatsApp-Image-2026-03-18-at-16.49.39-212x300.jpeg\" class=\"attachment-medium size-medium wp-image-975\" alt=\"\" srcset=\"https:\/\/grupos.us.es\/dialogos\/wp-content\/uploads\/2026\/03\/WhatsApp-Image-2026-03-18-at-16.49.39-212x300.jpeg 212w, https:\/\/grupos.us.es\/dialogos\/wp-content\/uploads\/2026\/03\/WhatsApp-Image-2026-03-18-at-16.49.39-724x1024.jpeg 724w, https:\/\/grupos.us.es\/dialogos\/wp-content\/uploads\/2026\/03\/WhatsApp-Image-2026-03-18-at-16.49.39-768x1086.jpeg 768w, https:\/\/grupos.us.es\/dialogos\/wp-content\/uploads\/2026\/03\/WhatsApp-Image-2026-03-18-at-16.49.39-1086x1536.jpeg 1086w, https:\/\/grupos.us.es\/dialogos\/wp-content\/uploads\/2026\/03\/WhatsApp-Image-2026-03-18-at-16.49.39.jpeg 1131w\" sizes=\"(max-width: 212px) 100vw, 212px\" \/>\n            <\/div>\n        <\/div><div class=\"eael-entry-wrapper\"><header class=\"eael-entry-header\"><h2 class=\"eael-entry-title\"><a class=\"eael-grid-post-link\" href=\"https:\/\/grupos.us.es\/dialogos\/andrea-velasquez-benavides-utpl-dialogos\/\" title=\"El grupo Di\u00e1logos fortalece su internacionalizaci\u00f3n y recibe a la Dra. Andrea Vel\u00e1squez de la UTPL\">El grupo Di\u00e1logos fortalece su internacionalizaci\u00f3n y recibe a la Dra. Andrea Vel\u00e1squez de la UTPL<\/a><\/h2><\/header><div class=\"eael-entry-content\">\n                        <div class=\"eael-grid-post-excerpt\"><p>La Facultad de Comunicaci\u00f3n de la Universidad de Sevilla recibe...<\/p><a href=\"https:\/\/grupos.us.es\/dialogos\/andrea-velasquez-benavides-utpl-dialogos\/\" class=\"eael-post-elements-readmore-btn\">Leer m\u00e1s \u2192<\/a><\/div>\n                    <\/div><\/div><\/div>\n        <\/div>\n    <\/article><\/div>\n            <div class=\"clearfix\"><\/div>\n        <\/div>            <div class=\"eael-load-more-button-wrap eael-force-hide\">\n                <button class=\"eael-load-more-button\" id=\"eael-load-more-btn-fb4f036\" data-widget-id=\"fb4f036\" data-widget=\"fb4f036\" data-page-id=\"599\" data-template=\"{&quot;dir&quot;:&quot;lite&quot;,&quot;file_name&quot;:&quot;one.php&quot;,&quot;name&quot;:&quot;Post-Grid&quot;}\" data-class=\"Essential_Addons_Elementor\\Elements\\Post_Grid\" data-layout=\"masonry\" data-page=\"1\" data-args=\"orderby=date&amp;order=desc&amp;ignore_sticky_posts=1&amp;post_status=publish&amp;posts_per_page=1&amp;offset=0&amp;post_type=post&amp;tax_query%5B0%5D%5Btaxonomy%5D=category&amp;tax_query%5B0%5D%5Bfield%5D=term_id&amp;tax_query%5B0%5D%5Bterms%5D%5B0%5D=1&amp;tax_query%5Brelation%5D=AND\" data-max-page=\"5\">\n                    <span class=\"eael-btn-loader button__loader\"><\/span>\n                    <span class=\"eael_load_more_text\">Cargar m\u00e1s<\/span>\n                <\/button>\n            <\/div>\n            \t\t\t\t<\/div>\n\t\t\t\t<div class=\"elementor-element elementor-element-22ffcab elementor-widget elementor-widget-spacer\" data-id=\"22ffcab\" data-element_type=\"widget\" data-e-type=\"widget\" data-widget_type=\"spacer.default\">\n\t\t\t\t\t\t\t<div class=\"elementor-spacer\">\n\t\t\t<div class=\"elementor-spacer-inner\"><\/div>\n\t\t<\/div>\n\t\t\t\t\t\t<\/div>\n\t\t\t\t<\/div>\n\t\t\t\t\t<\/div>\n\t\t\t\t<\/div>\n\t\t\t\t<\/div>\n\t\t","protected":false},"excerpt":{"rendered":"<p>ACERCA DE LA FINITUD EN LAS POBLACIONES Tipo:Art\u00edculo A\u00f1o:1996 T\u00edtulo:ACERCA DE LA FINITUD EN LAS POBLACIONES Fuente:Instituto Nacional de Estad\u00edstica. Estad\u00edstica Espa\u00f1ola Linkedin Instagram \u00daltimo art\u00edculo VI Congreso Internacional de Formaci\u00f3n Permanente Nodos del Conocimiento. De la ayuda mutua al kratocentrismo Se ha abierto la convocatoria para participar en la sexta&#8230; Leer m\u00e1s \u2192 Cargar &#8230; <a title=\"El grupo Di\u00e1logos fortalece su internacionalizaci\u00f3n y recibe a la Dra. Andrea Vel\u00e1squez de la UTPL\" class=\"read-more\" href=\"https:\/\/grupos.us.es\/dialogos\/andrea-velasquez-benavides-utpl-dialogos\/\" aria-label=\"Leer m\u00e1s sobre El grupo Di\u00e1logos fortalece su internacionalizaci\u00f3n y recibe a la Dra. Andrea Vel\u00e1squez de la UTPL\">Leer m\u00e1s<\/a><\/p>\n","protected":false},"author":1,"featured_media":0,"parent":370,"menu_order":0,"comment_status":"closed","ping_status":"closed","template":"","meta":{"_monsterinsights_skip_tracking":false,"_monsterinsights_sitenote_active":false,"_monsterinsights_sitenote_note":"","_monsterinsights_sitenote_category":0,"footnotes":""},"class_list":["post-599","page","type-page","status-publish","hentry"],"_links":{"self":[{"href":"https:\/\/grupos.us.es\/dialogos\/wp-json\/wp\/v2\/pages\/599","targetHints":{"allow":["GET"]}}],"collection":[{"href":"https:\/\/grupos.us.es\/dialogos\/wp-json\/wp\/v2\/pages"}],"about":[{"href":"https:\/\/grupos.us.es\/dialogos\/wp-json\/wp\/v2\/types\/page"}],"author":[{"embeddable":true,"href":"https:\/\/grupos.us.es\/dialogos\/wp-json\/wp\/v2\/users\/1"}],"replies":[{"embeddable":true,"href":"https:\/\/grupos.us.es\/dialogos\/wp-json\/wp\/v2\/comments?post=599"}],"version-history":[{"count":8,"href":"https:\/\/grupos.us.es\/dialogos\/wp-json\/wp\/v2\/pages\/599\/revisions"}],"predecessor-version":[{"id":819,"href":"https:\/\/grupos.us.es\/dialogos\/wp-json\/wp\/v2\/pages\/599\/revisions\/819"}],"up":[{"embeddable":true,"href":"https:\/\/grupos.us.es\/dialogos\/wp-json\/wp\/v2\/pages\/370"}],"wp:attachment":[{"href":"https:\/\/grupos.us.es\/dialogos\/wp-json\/wp\/v2\/media?parent=599"}],"curies":[{"name":"wp","href":"https:\/\/api.w.org\/{rel}","templated":true}]}}